{"id":13884,"date":"2023-08-07T11:39:10","date_gmt":"2023-08-07T09:39:10","guid":{"rendered":"https:\/\/cch.sk\/o-nas\/"},"modified":"2024-11-08T18:11:02","modified_gmt":"2024-11-08T17:11:02","slug":"o-nas","status":"publish","type":"page","link":"https:\/\/cch.sk\/cs\/o-nas\/","title":{"rendered":"O n\u00e1s"},"content":{"rendered":"\t\t<div data-elementor-type=\"wp-page\" data-elementor-id=\"13884\" class=\"elementor elementor-13884 elementor-9281\">\n\t\t\t\t\t\t<section class=\"wd-negative-gap elementor-section elementor-top-section elementor-element elementor-element-9a89fd6 wd-section-stretch elementor-section-boxed elementor-section-height-default elementor-section-height-default\" data-id=\"9a89fd6\" data-element_type=\"section\" data-settings=\"{&quot;background_background&quot;:&quot;classic&quot;}\">\n\t\t\t\t\t\t<div class=\"elementor-container elementor-column-gap-default\">\n\t\t\t\t\t<div class=\"elementor-column elementor-col-100 elementor-top-column elementor-element elementor-element-9fea438\" data-id=\"9fea438\" data-element_type=\"column\">\n\t\t\t<div class=\"elementor-widget-wrap elementor-element-populated\">\n\t\t\t\t\t\t<div class=\"elementor-element elementor-element-b1b9e20 mycolor2 elementor-invisible elementor-widget elementor-widget-heading\" data-id=\"b1b9e20\" data-element_type=\"widget\" data-settings=\"{&quot;_animation&quot;:&quot;fadeInUp&quot;}\" data-widget_type=\"heading.default\">\n\t\t\t\t<div class=\"elementor-widget-container\">\n\t\t\t<span class=\"elementor-heading-title elementor-size-default\">V\u00edce ne\u017e 30 let zku\u0161enost\u00ed<\/span>\t\t<\/div>\n\t\t\t\t<\/div>\n\t\t\t\t<div class=\"elementor-element elementor-element-5099a8f elementor-invisible elementor-widget elementor-widget-image\" data-id=\"5099a8f\" data-element_type=\"widget\" data-settings=\"{&quot;_animation&quot;:&quot;fadeInUp&quot;}\" data-widget_type=\"image.default\">\n\t\t\t\t<div class=\"elementor-widget-container\">\n\t\t\t\t\t\t\t\t\t\t\t\t\t<img decoding=\"async\" src=\"https:\/\/cch.sk\/wp-content\/uploads\/elementor\/thumbs\/Line-1-copy-5-qwzpn5341whhqoaravu2s1gj7g81k08za9adnk4wi2.png\" title=\"Line 1 copy 5\" alt=\"Line 1 copy 5\" loading=\"lazy\" \/>\t\t\t\t\t\t\t\t\t\t\t\t\t<\/div>\n\t\t\t\t<\/div>\n\t\t\t\t<div class=\"elementor-element elementor-element-2ae8bf9 elementor-invisible elementor-widget elementor-widget-heading\" data-id=\"2ae8bf9\" data-element_type=\"widget\" data-settings=\"{&quot;_animation&quot;:&quot;fadeInUp&quot;}\" data-widget_type=\"heading.default\">\n\t\t\t\t<div class=\"elementor-widget-container\">\n\t\t\t<h1 class=\"elementor-heading-title elementor-size-default\">O spole\u010dnosti CCH<\/h1>\t\t<\/div>\n\t\t\t\t<\/div>\n\t\t\t\t\t<\/div>\n\t\t<\/div>\n\t\t\t\t\t<\/div>\n\t\t<\/section>\n\t\t\t\t<section class=\"wd-negative-gap elementor-section elementor-top-section elementor-element elementor-element-81de135 elementor-section-full_width elementor-section-stretched since since2 elementor-section-height-default elementor-section-height-default\" data-id=\"81de135\" data-element_type=\"section\" data-settings=\"{&quot;stretch_section&quot;:&quot;section-stretched&quot;}\">\n\t\t\t\t\t\t<div class=\"elementor-container elementor-column-gap-default\">\n\t\t\t\t\t<div class=\"elementor-column elementor-col-100 elementor-top-column elementor-element elementor-element-744ccbd\" data-id=\"744ccbd\" data-element_type=\"column\">\n\t\t\t<div class=\"elementor-widget-wrap elementor-element-populated\">\n\t\t\t\t\t\t<div class=\"elementor-element elementor-element-48fa546 elementor-widget elementor-widget-html\" data-id=\"48fa546\" data-element_type=\"widget\" data-widget_type=\"html.default\">\n\t\t\t\t<div class=\"elementor-widget-container\">\n\t\t\tOD ROKU <b>1990<\/b>\t\t<\/div>\n\t\t\t\t<\/div>\n\t\t\t\t\t<\/div>\n\t\t<\/div>\n\t\t\t\t\t<\/div>\n\t\t<\/section>\n\t\t\t\t<section class=\"wd-negative-gap elementor-section elementor-top-section elementor-element elementor-element-fed42d9 helpmy onasbolock elementor-section-boxed elementor-section-height-default elementor-section-height-default\" data-id=\"fed42d9\" data-element_type=\"section\">\n\t\t\t\t\t\t<div class=\"elementor-container elementor-column-gap-default\">\n\t\t\t\t\t<div class=\"elementor-column elementor-col-100 elementor-top-column elementor-element elementor-element-bd51e76\" data-id=\"bd51e76\" data-element_type=\"column\" data-settings=\"{&quot;background_background&quot;:&quot;classic&quot;}\">\n\t\t\t<div class=\"elementor-widget-wrap elementor-element-populated\">\n\t\t\t\t\t\t<div class=\"elementor-element elementor-element-0677fe4 podtlac-onas elementor-widget elementor-widget-image\" data-id=\"0677fe4\" data-element_type=\"widget\" data-widget_type=\"image.default\">\n\t\t\t\t<div class=\"elementor-widget-container\">\n\t\t\t\t\t\t\t\t\t\t\t\t\t<img fetchpriority=\"high\" decoding=\"async\" width=\"837\" height=\"240\" src=\"https:\/\/cch.sk\/wp-content\/uploads\/2023\/08\/logo_cch-2.svg\" class=\"attachment-large size-large wp-image-9414\" alt=\"\" \/>\t\t\t\t\t\t\t\t\t\t\t\t\t<\/div>\n\t\t\t\t<\/div>\n\t\t\t\t<div class=\"elementor-element elementor-element-cb42820 mycolor elementor-invisible elementor-widget elementor-widget-heading\" data-id=\"cb42820\" data-element_type=\"widget\" data-settings=\"{&quot;_animation&quot;:&quot;fadeInUp&quot;}\" data-widget_type=\"heading.default\">\n\t\t\t\t<div class=\"elementor-widget-container\">\n\t\t\t<h2 class=\"elementor-heading-title elementor-size-default\"><br> Spolehn\u011bte se na na\u0161e know-how<\/h2>\t\t<\/div>\n\t\t\t\t<\/div>\n\t\t\t\t<div class=\"elementor-element elementor-element-07bf019 elementor-invisible elementor-widget elementor-widget-image\" data-id=\"07bf019\" data-element_type=\"widget\" data-settings=\"{&quot;_animation&quot;:&quot;fadeInUp&quot;}\" data-widget_type=\"image.default\">\n\t\t\t\t<div class=\"elementor-widget-container\">\n\t\t\t\t\t\t\t\t\t\t\t\t\t<img decoding=\"async\" src=\"https:\/\/cch.sk\/wp-content\/uploads\/elementor\/thumbs\/Line-1-copy-5-qwzpn5341whhqoaravu2s1gj7g81k08za9adnk4wi2.png\" title=\"Line 1 copy 5\" alt=\"Line 1 copy 5\" loading=\"lazy\" \/>\t\t\t\t\t\t\t\t\t\t\t\t\t<\/div>\n\t\t\t\t<\/div>\n\t\t\t\t<div class=\"elementor-element elementor-element-1d9d40b color-scheme-inherit text-left elementor-invisible elementor-widget elementor-widget-text-editor\" data-id=\"1d9d40b\" data-element_type=\"widget\" data-settings=\"{&quot;_animation&quot;:&quot;fadeInUp&quot;}\" data-widget_type=\"text-editor.default\">\n\t\t\t\t<div class=\"elementor-widget-container\">\n\t\t\t\t\t\t\t<p>Na slovensk\u00e9m a \u010desk\u00e9m trhu s klimatizac\u00ed p\u016fsob\u00edme ji\u017e od devades\u00e1t\u00fdch let. Od sv\u00fdch po\u010d\u00e1tk\u016f db\u00e1me na kvalitu a komplexnost na\u0161ich slu\u017eeb. Sna\u017e\u00edme se, aby ka\u017ed\u00fd klient od n\u00e1s dostal optim\u00e1ln\u00ed \u0159e\u0161en\u00ed sv\u00fdch probl\u00e9m\u016f \u010di po\u017eadavk\u016f a nemusel se ni\u010deho ob\u00e1vat. Prost\u0159ednictv\u00edm na\u0161ich produkt\u016f \u0161et\u0159\u00edme n\u00e1klady a zlep\u0161ujeme kvalitu \u017eivota na\u0161ich z\u00e1kazn\u00edk\u016f. Pokr\u00fdv\u00e1me cel\u00fd proces realizace vzduchotechniky a filtrace pro firmy i individu\u00e1ln\u00ed klienty.    <\/p>\n<p>Prov\u00e1d\u00edme bezplatn\u00e9 prohl\u00eddky prostor, poskytujeme slu\u017eby m\u011b\u0159en\u00ed \u010distoty vzduchu, navrhujeme v\u00fdhodn\u00e1 \u0159e\u0161en\u00ed, zaji\u0161\u0165ujeme dod\u00e1vku, instalaci a n\u00e1sledn\u00fd z\u00e1ru\u010dn\u00ed nebo poz\u00e1ru\u010dn\u00ed servis. Spolupracujeme s renomovan\u00fdmi dodavateli a disponujeme realiza\u010dn\u00edm t\u00fdmem s dlouholetou prax\u00ed a odborn\u00fdmi certifik\u00e1ty. <\/p>\n\t\t\t\t\t\t<\/div>\n\t\t\t\t<\/div>\n\t\t\t\t<div class=\"elementor-element elementor-element-fb8ea06 home-podpis onas-podpis elementor-widget elementor-widget-image\" data-id=\"fb8ea06\" data-element_type=\"widget\" data-widget_type=\"image.default\">\n\t\t\t\t<div class=\"elementor-widget-container\">\n\t\t\t\t\t\t\t\t\t\t\t\t\t<img decoding=\"async\" width=\"531\" height=\"240\" src=\"https:\/\/cch.sk\/wp-content\/uploads\/2023\/08\/Team_cch_podpis.svg\" class=\"attachment-full size-full wp-image-9415\" alt=\"\" \/>\t\t\t\t\t\t\t\t\t\t\t\t\t<\/div>\n\t\t\t\t<\/div>\n\t\t\t\t\t<\/div>\n\t\t<\/div>\n\t\t\t\t\t<\/div>\n\t\t<\/section>\n\t\t\t\t<section class=\"wd-negative-gap elementor-section elementor-top-section elementor-element elementor-element-1fbc689 wd-section-stretch nase-sluzby-popis elementor-section-boxed elementor-section-height-default elementor-section-height-default\" data-id=\"1fbc689\" data-element_type=\"section\" data-settings=\"{&quot;background_background&quot;:&quot;classic&quot;}\">\n\t\t\t\t\t\t\t<div class=\"elementor-background-overlay\"><\/div>\n\t\t\t\t\t\t\t<div class=\"elementor-container elementor-column-gap-default\">\n\t\t\t\t\t<div class=\"elementor-column elementor-col-100 elementor-top-column elementor-element elementor-element-70e8aac homepriesvitny\" data-id=\"70e8aac\" data-element_type=\"column\">\n\t\t\t<div class=\"elementor-widget-wrap elementor-element-populated\">\n\t\t\t\t\t\t<div class=\"elementor-element elementor-element-9cae7de color-scheme-inherit text-left elementor-widget elementor-widget-text-editor\" data-id=\"9cae7de\" data-element_type=\"widget\" data-widget_type=\"text-editor.default\">\n\t\t\t\t<div class=\"elementor-widget-container\">\n\t\t\t\t\t\t\t<p>&#8220;Zaj\u00edmaj\u00ed v\u00e1s podrobnosti o tom, jak pracujeme? <br class=\"mybreak\">Pod\u00edvejte se na <span style=\"color: #1e87a3;\">nej\u010dast\u011bj\u0161\u00ed dotazy na\u0161ich klient\u016f<\/span>.&#8221;<\/p>\n\t\t\t\t\t\t<\/div>\n\t\t\t\t<\/div>\n\t\t\t\t<div class=\"elementor-element elementor-element-5e1c4d6 color-scheme-inherit text-left elementor-widget elementor-widget-text-editor\" data-id=\"5e1c4d6\" data-element_type=\"widget\" data-widget_type=\"text-editor.default\">\n\t\t\t\t<div class=\"elementor-widget-container\">\n\t\t\t\t\t\t\t<p><a class=\"mybutton\" href=\"https:\/\/cch.sk\/cs\/poradime-vam\/\">Porad\u00edme v\u00e1m<\/a><\/p>\n\t\t\t\t\t\t<\/div>\n\t\t\t\t<\/div>\n\t\t\t\t\t<\/div>\n\t\t<\/div>\n\t\t\t\t\t<\/div>\n\t\t<\/section>\n\t\t\t\t<\/div>\n\t\t","protected":false},"excerpt":{"rendered":"<p>V\u00edce ne\u017e 30 let zku\u0161enost\u00ed O spole\u010dnosti CCH OD ROKU 1990 Spolehn\u011bte se na na\u0161e know-how Na slovensk\u00e9m a \u010desk\u00e9m<\/p>\n","protected":false},"author":11,"featured_media":0,"parent":0,"menu_order":0,"comment_status":"closed","ping_status":"closed","template":"","meta":{"_monsterinsights_skip_tracking":false,"_monsterinsights_sitenote_active":false,"_monsterinsights_sitenote_note":"","_monsterinsights_sitenote_category":0,"footnotes":""},"class_list":["post-13884","page","type-page","status-publish","hentry"],"yoast_head":"<!-- This site is optimized with the Yoast SEO plugin v25.6 - https:\/\/yoast.com\/wordpress\/plugins\/seo\/ -->\n<title>O n\u00e1s - CCH Vzduchotechnika<\/title>\n<meta name=\"robots\" content=\"index, follow, max-snippet:-1, max-image-preview:large, max-video-preview:-1\" \/>\n<link rel=\"canonical\" href=\"https:\/\/cch.sk\/cs\/o-nas\/\" \/>\n<meta property=\"og:locale\" content=\"cs_CZ\" \/>\n<meta property=\"og:type\" content=\"article\" \/>\n<meta property=\"og:title\" content=\"O n\u00e1s - CCH Vzduchotechnika\" \/>\n<meta property=\"og:description\" content=\"V\u00edce ne\u017e 30 let zku\u0161enost\u00ed O spole\u010dnosti CCH OD ROKU 1990 Spolehn\u011bte se na na\u0161e know-how Na slovensk\u00e9m a \u010desk\u00e9m\" \/>\n<meta property=\"og:url\" content=\"https:\/\/cch.sk\/cs\/o-nas\/\" \/>\n<meta property=\"og:site_name\" content=\"CCH Vzduchotechnika\" \/>\n<meta property=\"article:modified_time\" content=\"2024-11-08T17:11:02+00:00\" \/>\n<meta property=\"og:image\" content=\"https:\/\/cch.sk\/wp-content\/uploads\/elementor\/thumbs\/Line-1-copy-5-qwmk11wd9e77aki4ue13y2k00vxtqbkvg5kw5eh096.png\" \/>\n<meta name=\"twitter:card\" content=\"summary_large_image\" \/>\n<meta name=\"twitter:label1\" content=\"Odhadovan\u00e1 doba \u010dten\u00ed\" \/>\n\t<meta name=\"twitter:data1\" content=\"2 minuty\" \/>\n<script type=\"application\/ld+json\" class=\"yoast-schema-graph\">{\"@context\":\"https:\/\/schema.org\",\"@graph\":[{\"@type\":\"WebPage\",\"@id\":\"https:\/\/cch.sk\/cs\/o-nas\/\",\"url\":\"https:\/\/cch.sk\/cs\/o-nas\/\",\"name\":\"O n\u00e1s - CCH Vzduchotechnika\",\"isPartOf\":{\"@id\":\"https:\/\/cch.sk\/cs\/#website\"},\"primaryImageOfPage\":{\"@id\":\"https:\/\/cch.sk\/cs\/o-nas\/#primaryimage\"},\"image\":{\"@id\":\"https:\/\/cch.sk\/cs\/o-nas\/#primaryimage\"},\"thumbnailUrl\":\"https:\/\/cch.sk\/wp-content\/uploads\/elementor\/thumbs\/Line-1-copy-5-qwmk11wd9e77aki4ue13y2k00vxtqbkvg5kw5eh096.png\",\"datePublished\":\"2023-08-07T09:39:10+00:00\",\"dateModified\":\"2024-11-08T17:11:02+00:00\",\"breadcrumb\":{\"@id\":\"https:\/\/cch.sk\/cs\/o-nas\/#breadcrumb\"},\"inLanguage\":\"cs\",\"potentialAction\":[{\"@type\":\"ReadAction\",\"target\":[\"https:\/\/cch.sk\/cs\/o-nas\/\"]}]},{\"@type\":\"ImageObject\",\"inLanguage\":\"cs\",\"@id\":\"https:\/\/cch.sk\/cs\/o-nas\/#primaryimage\",\"url\":\"https:\/\/cch.sk\/wp-content\/uploads\/elementor\/thumbs\/Line-1-copy-5-qwmk11wd9e77aki4ue13y2k00vxtqbkvg5kw5eh096.png\",\"contentUrl\":\"https:\/\/cch.sk\/wp-content\/uploads\/elementor\/thumbs\/Line-1-copy-5-qwmk11wd9e77aki4ue13y2k00vxtqbkvg5kw5eh096.png\"},{\"@type\":\"BreadcrumbList\",\"@id\":\"https:\/\/cch.sk\/cs\/o-nas\/#breadcrumb\",\"itemListElement\":[{\"@type\":\"ListItem\",\"position\":1,\"name\":\"Home\",\"item\":\"https:\/\/cch.sk\/cs\/home\/\"},{\"@type\":\"ListItem\",\"position\":2,\"name\":\"O n\u00e1s\"}]},{\"@type\":\"WebSite\",\"@id\":\"https:\/\/cch.sk\/cs\/#website\",\"url\":\"https:\/\/cch.sk\/cs\/\",\"name\":\"CCH Vzduchotechnika\",\"description\":\"\",\"potentialAction\":[{\"@type\":\"SearchAction\",\"target\":{\"@type\":\"EntryPoint\",\"urlTemplate\":\"https:\/\/cch.sk\/cs\/?s={search_term_string}\"},\"query-input\":{\"@type\":\"PropertyValueSpecification\",\"valueRequired\":true,\"valueName\":\"search_term_string\"}}],\"inLanguage\":\"cs\"}]}<\/script>\n<!-- \/ Yoast SEO plugin. -->","yoast_head_json":{"title":"O n\u00e1s - CCH Vzduchotechnika","robots":{"index":"index","follow":"follow","max-snippet":"max-snippet:-1","max-image-preview":"max-image-preview:large","max-video-preview":"max-video-preview:-1"},"canonical":"https:\/\/cch.sk\/cs\/o-nas\/","og_locale":"cs_CZ","og_type":"article","og_title":"O n\u00e1s - CCH Vzduchotechnika","og_description":"V\u00edce ne\u017e 30 let zku\u0161enost\u00ed O spole\u010dnosti CCH OD ROKU 1990 Spolehn\u011bte se na na\u0161e know-how Na slovensk\u00e9m a \u010desk\u00e9m","og_url":"https:\/\/cch.sk\/cs\/o-nas\/","og_site_name":"CCH Vzduchotechnika","article_modified_time":"2024-11-08T17:11:02+00:00","og_image":[{"url":"https:\/\/cch.sk\/wp-content\/uploads\/elementor\/thumbs\/Line-1-copy-5-qwmk11wd9e77aki4ue13y2k00vxtqbkvg5kw5eh096.png","type":"","width":"","height":""}],"twitter_card":"summary_large_image","twitter_misc":{"Odhadovan\u00e1 doba \u010dten\u00ed":"2 minuty"},"schema":{"@context":"https:\/\/schema.org","@graph":[{"@type":"WebPage","@id":"https:\/\/cch.sk\/cs\/o-nas\/","url":"https:\/\/cch.sk\/cs\/o-nas\/","name":"O n\u00e1s - CCH Vzduchotechnika","isPartOf":{"@id":"https:\/\/cch.sk\/cs\/#website"},"primaryImageOfPage":{"@id":"https:\/\/cch.sk\/cs\/o-nas\/#primaryimage"},"image":{"@id":"https:\/\/cch.sk\/cs\/o-nas\/#primaryimage"},"thumbnailUrl":"https:\/\/cch.sk\/wp-content\/uploads\/elementor\/thumbs\/Line-1-copy-5-qwmk11wd9e77aki4ue13y2k00vxtqbkvg5kw5eh096.png","datePublished":"2023-08-07T09:39:10+00:00","dateModified":"2024-11-08T17:11:02+00:00","breadcrumb":{"@id":"https:\/\/cch.sk\/cs\/o-nas\/#breadcrumb"},"inLanguage":"cs","potentialAction":[{"@type":"ReadAction","target":["https:\/\/cch.sk\/cs\/o-nas\/"]}]},{"@type":"ImageObject","inLanguage":"cs","@id":"https:\/\/cch.sk\/cs\/o-nas\/#primaryimage","url":"https:\/\/cch.sk\/wp-content\/uploads\/elementor\/thumbs\/Line-1-copy-5-qwmk11wd9e77aki4ue13y2k00vxtqbkvg5kw5eh096.png","contentUrl":"https:\/\/cch.sk\/wp-content\/uploads\/elementor\/thumbs\/Line-1-copy-5-qwmk11wd9e77aki4ue13y2k00vxtqbkvg5kw5eh096.png"},{"@type":"BreadcrumbList","@id":"https:\/\/cch.sk\/cs\/o-nas\/#breadcrumb","itemListElement":[{"@type":"ListItem","position":1,"name":"Home","item":"https:\/\/cch.sk\/cs\/home\/"},{"@type":"ListItem","position":2,"name":"O n\u00e1s"}]},{"@type":"WebSite","@id":"https:\/\/cch.sk\/cs\/#website","url":"https:\/\/cch.sk\/cs\/","name":"CCH Vzduchotechnika","description":"","potentialAction":[{"@type":"SearchAction","target":{"@type":"EntryPoint","urlTemplate":"https:\/\/cch.sk\/cs\/?s={search_term_string}"},"query-input":{"@type":"PropertyValueSpecification","valueRequired":true,"valueName":"search_term_string"}}],"inLanguage":"cs"}]}},"_links":{"self":[{"href":"https:\/\/cch.sk\/cs\/wp-json\/wp\/v2\/pages\/13884"}],"collection":[{"href":"https:\/\/cch.sk\/cs\/wp-json\/wp\/v2\/pages"}],"about":[{"href":"https:\/\/cch.sk\/cs\/wp-json\/wp\/v2\/types\/page"}],"author":[{"embeddable":true,"href":"https:\/\/cch.sk\/cs\/wp-json\/wp\/v2\/users\/11"}],"replies":[{"embeddable":true,"href":"https:\/\/cch.sk\/cs\/wp-json\/wp\/v2\/comments?post=13884"}],"version-history":[{"count":1,"href":"https:\/\/cch.sk\/cs\/wp-json\/wp\/v2\/pages\/13884\/revisions"}],"predecessor-version":[{"id":13885,"href":"https:\/\/cch.sk\/cs\/wp-json\/wp\/v2\/pages\/13884\/revisions\/13885"}],"wp:attachment":[{"href":"https:\/\/cch.sk\/cs\/wp-json\/wp\/v2\/media?parent=13884"}],"curies":[{"name":"wp","href":"https:\/\/api.w.org\/{rel}","templated":true}]}}