{"id":14022,"date":"2023-11-07T08:55:50","date_gmt":"2023-11-07T07:55:50","guid":{"rendered":"https:\/\/cch.sk\/produkt\/gsh-100trb2-3-gsh-100erb2-3\/"},"modified":"2024-11-08T19:42:20","modified_gmt":"2024-11-08T18:42:20","slug":"gsh-100trb2-3-gsh-100erb2-3","status":"publish","type":"product","link":"https:\/\/cch.sk\/cs\/produkt\/gsh-100trb2-3-gsh-100erb2-3\/","title":{"rendered":"GSH-100TRB2-3\/GSH-100ERB2-3"},"content":{"rendered":"","protected":false},"excerpt":{"rendered":"<ul>\n<li>Kompaktn\u00ed venkovn\u00ed jednotky usnad\u0148uj\u00edc\u00ed bezprobl\u00e9movou instalaci a p\u0159epravu<\/li>\n<li>Za\u0159\u00edzen\u00ed pou\u017e\u00edv\u00e1 ekologick\u00e9 chladivo R32 s n\u00edzk\u00fdm GWP.<\/li>\n<li>Kompresor s p\u0159idan\u00fdm ekonomiz\u00e9rem a mezistupn\u011bm vst\u0159ikov\u00e1n\u00ed chladiva pro vysokou \u00fa\u010dinnost a \u00fasporu energie.<\/li>\n<li>Technologie \u0159\u00edzen\u00ed motoru s polovodi\u010dov\u00fdm frekven\u010dn\u00edm m\u011bni\u010dem<\/li>\n<li>Jednotky jsou vybaveny invertorovou regulac\u00ed, kter\u00e1 m\u011bn\u00ed ot\u00e1\u010dky kompresoru. Dod\u00e1van\u00fd v\u00fdkon jednotek se p\u0159esn\u011b p\u0159izp\u016fsobuje topn\u00e9mu syst\u00e9mu. <\/li>\n<li>\u00daspora energie a\u017e 40 % a zamezen\u00ed v\u00fdkyv\u016f teploty.<\/li>\n<li>Mezi venkovn\u00ed a vnit\u0159n\u00ed jednotkou m\u016f\u017ee b\u00fdt a\u017e 15 metr\u016f potrub\u00ed. V\u00fd\u0161ka a\u017e 15 metr\u016f. <\/li>\n<li>Dotykov\u00e1 obrazovka<\/li>\n<li>Lze ovl\u00e1dat p\u0159es internet pomoc\u00ed aplikace EWPE SMART<\/li>\n<li>Vysok\u00e1 \u00fa\u010dinnost<\/li>\n<li>Ob\u011bhov\u00e9 \u010derpadlo se samo\u010dinnou regulac\u00ed ot\u00e1\u010dek<\/li>\n<li>Integrovan\u00e1 expanzn\u00ed n\u00e1doba a bezpe\u010dnostn\u00ed ventil<\/li>\n<li>Ekvitermn\u00ed regulace, regulace podle referen\u010dn\u00ed teploty v m\u00edstnosti nebo termostatu<\/li>\n<li>Tich\u00fd re\u017eim<\/li>\n<li>T\u0159\u00edcestn\u00fd ventil je sou\u010d\u00e1st\u00ed vnit\u0159n\u00ed jednotky.<\/li>\n<li>Vestav\u011bn\u00e1 elektrick\u00e1 kazeta s v\u00fdkonem 3 nebo 6 kW <\/li>\n<li>Nov\u00e1 verze 2 nav\u00edc obsahuje ob\u011bhov\u00e9 \u010derpadlo a extern\u00ed v\u00fdm\u011bn\u00edk tepla p\u0159\u00edmo pro oh\u0159ev tepl\u00e9 vody, a t\u00edm zv\u011bt\u0161uje celkov\u00fd objem z\u00e1sobn\u00edku.<\/li>\n<\/ul>\n","protected":false},"featured_media":13291,"template":"","meta":{"_monsterinsights_skip_tracking":false,"_monsterinsights_sitenote_active":false,"_monsterinsights_sitenote_note":"","_monsterinsights_sitenote_category":0},"product_cat":[770,764,747],"product_tag":[],"class_list":{"0":"post-14022","1":"product","2":"type-product","3":"status-publish","4":"has-post-thumbnail","6":"product_cat-s-therm-cs","7":"product_cat-cs-sinclair-tepelne-cerpadla","8":"product_cat-tepelna-cerpadla","9":"tm-has-options","11":"first","12":"instock","13":"taxable","14":"shipping-taxable","15":"purchasable","16":"product-type-simple"},"yoast_head":"<!-- This site is optimized with the Yoast SEO plugin v25.6 - https:\/\/yoast.com\/wordpress\/plugins\/seo\/ -->\n<title>GSH-100TRB2-3\/GSH-100ERB2-3 - CCH Vzduchotechnika<\/title>\n<meta name=\"robots\" content=\"index, follow, max-snippet:-1, max-image-preview:large, max-video-preview:-1\" \/>\n<link rel=\"canonical\" href=\"https:\/\/cch.sk\/cs\/produkt\/gsh-100trb2-3-gsh-100erb2-3\/\" \/>\n<meta property=\"og:locale\" content=\"cs_CZ\" \/>\n<meta property=\"og:type\" content=\"article\" \/>\n<meta property=\"og:title\" content=\"GSH-100TRB2-3\/GSH-100ERB2-3 - CCH Vzduchotechnika\" \/>\n<meta property=\"og:description\" content=\"Kompaktn\u00ed venkovn\u00ed jednotky usnad\u0148uj\u00edc\u00ed bezprobl\u00e9movou instalaci a p\u0159epravu  Za\u0159\u00edzen\u00ed pou\u017e\u00edv\u00e1 ekologick\u00e9 chladivo R32 s n\u00edzk\u00fdm GWP.  Kompresor s p\u0159idan\u00fdm ekonomiz\u00e9rem a mezistupn\u011bm vst\u0159ikov\u00e1n\u00ed chladiva pro vysokou \u00fa\u010dinnost a \u00fasporu energie.  Technologie \u0159\u00edzen\u00ed motoru s polovodi\u010dov\u00fdm frekven\u010dn\u00edm m\u011bni\u010dem  Jednotky jsou vybaveny invertorovou regulac\u00ed, kter\u00e1 m\u011bn\u00ed ot\u00e1\u010dky kompresoru. Dod\u00e1van\u00fd v\u00fdkon jednotek se p\u0159esn\u011b p\u0159izp\u016fsobuje topn\u00e9mu syst\u00e9mu.  \u00daspora energie a\u017e 40 % a zamezen\u00ed v\u00fdkyv\u016f teploty.  Mezi venkovn\u00ed a vnit\u0159n\u00ed jednotkou m\u016f\u017ee b\u00fdt a\u017e 15 metr\u016f potrub\u00ed. V\u00fd\u0161ka a\u017e 15 metr\u016f.  Dotykov\u00e1 obrazovka  Lze ovl\u00e1dat p\u0159es internet pomoc\u00ed aplikace EWPE SMART  Vysok\u00e1 \u00fa\u010dinnost  Ob\u011bhov\u00e9 \u010derpadlo se samo\u010dinnou regulac\u00ed ot\u00e1\u010dek  Integrovan\u00e1 expanzn\u00ed n\u00e1doba a bezpe\u010dnostn\u00ed ventil  Ekvitermn\u00ed regulace, regulace podle referen\u010dn\u00ed teploty v m\u00edstnosti nebo termostatu  Tich\u00fd re\u017eim  T\u0159\u00edcestn\u00fd ventil je sou\u010d\u00e1st\u00ed vnit\u0159n\u00ed jednotky.  Vestav\u011bn\u00e1 elektrick\u00e1 kazeta s v\u00fdkonem 3 nebo 6 kW  Nov\u00e1 verze 2 nav\u00edc obsahuje ob\u011bhov\u00e9 \u010derpadlo a extern\u00ed v\u00fdm\u011bn\u00edk tepla p\u0159\u00edmo pro oh\u0159ev tepl\u00e9 vody, a t\u00edm zv\u011bt\u0161uje celkov\u00fd objem z\u00e1sobn\u00edku.\" \/>\n<meta property=\"og:url\" content=\"https:\/\/cch.sk\/cs\/produkt\/gsh-100trb2-3-gsh-100erb2-3\/\" \/>\n<meta property=\"og:site_name\" content=\"CCH Vzduchotechnika\" \/>\n<meta property=\"article:modified_time\" content=\"2024-11-08T18:42:20+00:00\" \/>\n<meta property=\"og:image\" content=\"https:\/\/cch.sk\/wp-content\/uploads\/2023\/11\/gsh-xxxtrb-600x800px-72dpi-2.png\" \/>\n\t<meta property=\"og:image:width\" content=\"540\" \/>\n\t<meta property=\"og:image:height\" content=\"720\" \/>\n\t<meta property=\"og:image:type\" content=\"image\/png\" \/>\n<meta name=\"twitter:card\" content=\"summary_large_image\" \/>\n<script type=\"application\/ld+json\" class=\"yoast-schema-graph\">{\"@context\":\"https:\/\/schema.org\",\"@graph\":[{\"@type\":\"WebPage\",\"@id\":\"https:\/\/cch.sk\/cs\/produkt\/gsh-100trb2-3-gsh-100erb2-3\/\",\"url\":\"https:\/\/cch.sk\/cs\/produkt\/gsh-100trb2-3-gsh-100erb2-3\/\",\"name\":\"GSH-100TRB2-3\/GSH-100ERB2-3 - CCH Vzduchotechnika\",\"isPartOf\":{\"@id\":\"https:\/\/cch.sk\/cs\/#website\"},\"primaryImageOfPage\":{\"@id\":\"https:\/\/cch.sk\/cs\/produkt\/gsh-100trb2-3-gsh-100erb2-3\/#primaryimage\"},\"image\":{\"@id\":\"https:\/\/cch.sk\/cs\/produkt\/gsh-100trb2-3-gsh-100erb2-3\/#primaryimage\"},\"thumbnailUrl\":\"https:\/\/cch.sk\/wp-content\/uploads\/2023\/11\/gsh-xxxtrb-600x800px-72dpi-2.png\",\"datePublished\":\"2023-11-07T07:55:50+00:00\",\"dateModified\":\"2024-11-08T18:42:20+00:00\",\"breadcrumb\":{\"@id\":\"https:\/\/cch.sk\/cs\/produkt\/gsh-100trb2-3-gsh-100erb2-3\/#breadcrumb\"},\"inLanguage\":\"cs\",\"potentialAction\":[{\"@type\":\"ReadAction\",\"target\":[\"https:\/\/cch.sk\/cs\/produkt\/gsh-100trb2-3-gsh-100erb2-3\/\"]}]},{\"@type\":\"ImageObject\",\"inLanguage\":\"cs\",\"@id\":\"https:\/\/cch.sk\/cs\/produkt\/gsh-100trb2-3-gsh-100erb2-3\/#primaryimage\",\"url\":\"https:\/\/cch.sk\/wp-content\/uploads\/2023\/11\/gsh-xxxtrb-600x800px-72dpi-2.png\",\"contentUrl\":\"https:\/\/cch.sk\/wp-content\/uploads\/2023\/11\/gsh-xxxtrb-600x800px-72dpi-2.png\",\"width\":540,\"height\":720},{\"@type\":\"BreadcrumbList\",\"@id\":\"https:\/\/cch.sk\/cs\/produkt\/gsh-100trb2-3-gsh-100erb2-3\/#breadcrumb\",\"itemListElement\":[{\"@type\":\"ListItem\",\"position\":1,\"name\":\"Home\",\"item\":\"https:\/\/cch.sk\/cs\/home\/\"},{\"@type\":\"ListItem\",\"position\":2,\"name\":\"Obchod\",\"item\":\"https:\/\/cch.sk\/cs\/shop\/\"},{\"@type\":\"ListItem\",\"position\":3,\"name\":\"GSH-100TRB2-3\/GSH-100ERB2-3\"}]},{\"@type\":\"WebSite\",\"@id\":\"https:\/\/cch.sk\/cs\/#website\",\"url\":\"https:\/\/cch.sk\/cs\/\",\"name\":\"CCH Vzduchotechnika\",\"description\":\"\",\"potentialAction\":[{\"@type\":\"SearchAction\",\"target\":{\"@type\":\"EntryPoint\",\"urlTemplate\":\"https:\/\/cch.sk\/cs\/?s={search_term_string}\"},\"query-input\":{\"@type\":\"PropertyValueSpecification\",\"valueRequired\":true,\"valueName\":\"search_term_string\"}}],\"inLanguage\":\"cs\"}]}<\/script>\n<!-- \/ Yoast SEO plugin. -->","yoast_head_json":{"title":"GSH-100TRB2-3\/GSH-100ERB2-3 - CCH Vzduchotechnika","robots":{"index":"index","follow":"follow","max-snippet":"max-snippet:-1","max-image-preview":"max-image-preview:large","max-video-preview":"max-video-preview:-1"},"canonical":"https:\/\/cch.sk\/cs\/produkt\/gsh-100trb2-3-gsh-100erb2-3\/","og_locale":"cs_CZ","og_type":"article","og_title":"GSH-100TRB2-3\/GSH-100ERB2-3 - CCH Vzduchotechnika","og_description":"Kompaktn\u00ed venkovn\u00ed jednotky usnad\u0148uj\u00edc\u00ed bezprobl\u00e9movou instalaci a p\u0159epravu  Za\u0159\u00edzen\u00ed pou\u017e\u00edv\u00e1 ekologick\u00e9 chladivo R32 s n\u00edzk\u00fdm GWP.  Kompresor s p\u0159idan\u00fdm ekonomiz\u00e9rem a mezistupn\u011bm vst\u0159ikov\u00e1n\u00ed chladiva pro vysokou \u00fa\u010dinnost a \u00fasporu energie.  Technologie \u0159\u00edzen\u00ed motoru s polovodi\u010dov\u00fdm frekven\u010dn\u00edm m\u011bni\u010dem  Jednotky jsou vybaveny invertorovou regulac\u00ed, kter\u00e1 m\u011bn\u00ed ot\u00e1\u010dky kompresoru. Dod\u00e1van\u00fd v\u00fdkon jednotek se p\u0159esn\u011b p\u0159izp\u016fsobuje topn\u00e9mu syst\u00e9mu.  \u00daspora energie a\u017e 40 % a zamezen\u00ed v\u00fdkyv\u016f teploty.  Mezi venkovn\u00ed a vnit\u0159n\u00ed jednotkou m\u016f\u017ee b\u00fdt a\u017e 15 metr\u016f potrub\u00ed. V\u00fd\u0161ka a\u017e 15 metr\u016f.  Dotykov\u00e1 obrazovka  Lze ovl\u00e1dat p\u0159es internet pomoc\u00ed aplikace EWPE SMART  Vysok\u00e1 \u00fa\u010dinnost  Ob\u011bhov\u00e9 \u010derpadlo se samo\u010dinnou regulac\u00ed ot\u00e1\u010dek  Integrovan\u00e1 expanzn\u00ed n\u00e1doba a bezpe\u010dnostn\u00ed ventil  Ekvitermn\u00ed regulace, regulace podle referen\u010dn\u00ed teploty v m\u00edstnosti nebo termostatu  Tich\u00fd re\u017eim  T\u0159\u00edcestn\u00fd ventil je sou\u010d\u00e1st\u00ed vnit\u0159n\u00ed jednotky.  Vestav\u011bn\u00e1 elektrick\u00e1 kazeta s v\u00fdkonem 3 nebo 6 kW  Nov\u00e1 verze 2 nav\u00edc obsahuje ob\u011bhov\u00e9 \u010derpadlo a extern\u00ed v\u00fdm\u011bn\u00edk tepla p\u0159\u00edmo pro oh\u0159ev tepl\u00e9 vody, a t\u00edm zv\u011bt\u0161uje celkov\u00fd objem z\u00e1sobn\u00edku.","og_url":"https:\/\/cch.sk\/cs\/produkt\/gsh-100trb2-3-gsh-100erb2-3\/","og_site_name":"CCH Vzduchotechnika","article_modified_time":"2024-11-08T18:42:20+00:00","og_image":[{"width":540,"height":720,"url":"https:\/\/cch.sk\/wp-content\/uploads\/2023\/11\/gsh-xxxtrb-600x800px-72dpi-2.png","type":"image\/png"}],"twitter_card":"summary_large_image","schema":{"@context":"https:\/\/schema.org","@graph":[{"@type":"WebPage","@id":"https:\/\/cch.sk\/cs\/produkt\/gsh-100trb2-3-gsh-100erb2-3\/","url":"https:\/\/cch.sk\/cs\/produkt\/gsh-100trb2-3-gsh-100erb2-3\/","name":"GSH-100TRB2-3\/GSH-100ERB2-3 - CCH Vzduchotechnika","isPartOf":{"@id":"https:\/\/cch.sk\/cs\/#website"},"primaryImageOfPage":{"@id":"https:\/\/cch.sk\/cs\/produkt\/gsh-100trb2-3-gsh-100erb2-3\/#primaryimage"},"image":{"@id":"https:\/\/cch.sk\/cs\/produkt\/gsh-100trb2-3-gsh-100erb2-3\/#primaryimage"},"thumbnailUrl":"https:\/\/cch.sk\/wp-content\/uploads\/2023\/11\/gsh-xxxtrb-600x800px-72dpi-2.png","datePublished":"2023-11-07T07:55:50+00:00","dateModified":"2024-11-08T18:42:20+00:00","breadcrumb":{"@id":"https:\/\/cch.sk\/cs\/produkt\/gsh-100trb2-3-gsh-100erb2-3\/#breadcrumb"},"inLanguage":"cs","potentialAction":[{"@type":"ReadAction","target":["https:\/\/cch.sk\/cs\/produkt\/gsh-100trb2-3-gsh-100erb2-3\/"]}]},{"@type":"ImageObject","inLanguage":"cs","@id":"https:\/\/cch.sk\/cs\/produkt\/gsh-100trb2-3-gsh-100erb2-3\/#primaryimage","url":"https:\/\/cch.sk\/wp-content\/uploads\/2023\/11\/gsh-xxxtrb-600x800px-72dpi-2.png","contentUrl":"https:\/\/cch.sk\/wp-content\/uploads\/2023\/11\/gsh-xxxtrb-600x800px-72dpi-2.png","width":540,"height":720},{"@type":"BreadcrumbList","@id":"https:\/\/cch.sk\/cs\/produkt\/gsh-100trb2-3-gsh-100erb2-3\/#breadcrumb","itemListElement":[{"@type":"ListItem","position":1,"name":"Home","item":"https:\/\/cch.sk\/cs\/home\/"},{"@type":"ListItem","position":2,"name":"Obchod","item":"https:\/\/cch.sk\/cs\/shop\/"},{"@type":"ListItem","position":3,"name":"GSH-100TRB2-3\/GSH-100ERB2-3"}]},{"@type":"WebSite","@id":"https:\/\/cch.sk\/cs\/#website","url":"https:\/\/cch.sk\/cs\/","name":"CCH Vzduchotechnika","description":"","potentialAction":[{"@type":"SearchAction","target":{"@type":"EntryPoint","urlTemplate":"https:\/\/cch.sk\/cs\/?s={search_term_string}"},"query-input":{"@type":"PropertyValueSpecification","valueRequired":true,"valueName":"search_term_string"}}],"inLanguage":"cs"}]}},"_links":{"self":[{"href":"https:\/\/cch.sk\/cs\/wp-json\/wp\/v2\/product\/14022"}],"collection":[{"href":"https:\/\/cch.sk\/cs\/wp-json\/wp\/v2\/product"}],"about":[{"href":"https:\/\/cch.sk\/cs\/wp-json\/wp\/v2\/types\/product"}],"version-history":[{"count":1,"href":"https:\/\/cch.sk\/cs\/wp-json\/wp\/v2\/product\/14022\/revisions"}],"predecessor-version":[{"id":14025,"href":"https:\/\/cch.sk\/cs\/wp-json\/wp\/v2\/product\/14022\/revisions\/14025"}],"wp:featuredmedia":[{"embeddable":true,"href":"https:\/\/cch.sk\/cs\/wp-json\/wp\/v2\/media\/13291"}],"wp:attachment":[{"href":"https:\/\/cch.sk\/cs\/wp-json\/wp\/v2\/media?parent=14022"}],"wp:term":[{"taxonomy":"product_cat","embeddable":true,"href":"https:\/\/cch.sk\/cs\/wp-json\/wp\/v2\/product_cat?post=14022"},{"taxonomy":"product_tag","embeddable":true,"href":"https:\/\/cch.sk\/cs\/wp-json\/wp\/v2\/product_tag?post=14022"}],"curies":[{"name":"wp","href":"https:\/\/api.w.org\/{rel}","templated":true}]}}