{"id":14115,"date":"2023-11-07T09:34:41","date_gmt":"2023-11-07T08:34:41","guid":{"rendered":"https:\/\/cch.sk\/produkt\/pud-swm120yaa-ehst20d-ym9d\/"},"modified":"2024-11-08T19:45:16","modified_gmt":"2024-11-08T18:45:16","slug":"pud-swm120yaa-ehst20d-ym9d","status":"publish","type":"product","link":"https:\/\/cch.sk\/cs\/produkt\/pud-swm120yaa-ehst20d-ym9d\/","title":{"rendered":"PUD-SWM120YAA\/EHST20D-YM9D"},"content":{"rendered":"","protected":false},"excerpt":{"rendered":"<ul>\n<li>Venkovn\u00ed jednotka POWER Inverter: topen\u00ed 12kW, 3\/400\/50, rozm\u011bry: 1020x480x1050.<\/li>\n<li>Vnit\u0159n\u00ed jednotka\/Hydrobox se z\u00e1sobn\u00edkem TUV 200 l: 9 kW\/400 V, rozm\u011bry: 1600x680x595.<\/li>\n<\/ul>\n","protected":false},"featured_media":0,"template":"","meta":{"_monsterinsights_skip_tracking":false,"_monsterinsights_sitenote_active":false,"_monsterinsights_sitenote_note":"","_monsterinsights_sitenote_category":0},"product_cat":[746,758,747],"product_tag":[],"class_list":{"0":"post-14115","1":"product","2":"type-product","3":"status-publish","5":"product_cat-mitsubishi-cs","6":"product_cat-power-cs","7":"product_cat-tepelna-cerpadla","8":"tm-has-options","10":"first","11":"instock","12":"taxable","13":"shipping-taxable","14":"purchasable","15":"product-type-simple"},"yoast_head":"<!-- This site is optimized with the Yoast SEO plugin v25.6 - https:\/\/yoast.com\/wordpress\/plugins\/seo\/ -->\n<title>PUD-SWM120YAA\/EHST20D-YM9D - CCH Vzduchotechnika<\/title>\n<meta name=\"robots\" content=\"index, follow, max-snippet:-1, max-image-preview:large, max-video-preview:-1\" \/>\n<link rel=\"canonical\" href=\"https:\/\/cch.sk\/cs\/produkt\/pud-swm120yaa-ehst20d-ym9d\/\" \/>\n<meta property=\"og:locale\" content=\"cs_CZ\" \/>\n<meta property=\"og:type\" content=\"article\" \/>\n<meta property=\"og:title\" content=\"PUD-SWM120YAA\/EHST20D-YM9D - CCH Vzduchotechnika\" \/>\n<meta property=\"og:description\" content=\"Venkovn\u00ed jednotka POWER Inverter: topen\u00ed 12kW, 3\/400\/50, rozm\u011bry: 1020x480x1050.  Vnit\u0159n\u00ed jednotka\/Hydrobox se z\u00e1sobn\u00edkem TUV 200 l: 9 kW\/400 V, rozm\u011bry: 1600x680x595.\" \/>\n<meta property=\"og:url\" content=\"https:\/\/cch.sk\/cs\/produkt\/pud-swm120yaa-ehst20d-ym9d\/\" \/>\n<meta property=\"og:site_name\" content=\"CCH Vzduchotechnika\" \/>\n<meta property=\"article:modified_time\" content=\"2024-11-08T18:45:16+00:00\" \/>\n<meta name=\"twitter:card\" content=\"summary_large_image\" \/>\n<script type=\"application\/ld+json\" class=\"yoast-schema-graph\">{\"@context\":\"https:\/\/schema.org\",\"@graph\":[{\"@type\":\"WebPage\",\"@id\":\"https:\/\/cch.sk\/cs\/produkt\/pud-swm120yaa-ehst20d-ym9d\/\",\"url\":\"https:\/\/cch.sk\/cs\/produkt\/pud-swm120yaa-ehst20d-ym9d\/\",\"name\":\"PUD-SWM120YAA\/EHST20D-YM9D - CCH Vzduchotechnika\",\"isPartOf\":{\"@id\":\"https:\/\/cch.sk\/cs\/#website\"},\"datePublished\":\"2023-11-07T08:34:41+00:00\",\"dateModified\":\"2024-11-08T18:45:16+00:00\",\"breadcrumb\":{\"@id\":\"https:\/\/cch.sk\/cs\/produkt\/pud-swm120yaa-ehst20d-ym9d\/#breadcrumb\"},\"inLanguage\":\"cs\",\"potentialAction\":[{\"@type\":\"ReadAction\",\"target\":[\"https:\/\/cch.sk\/cs\/produkt\/pud-swm120yaa-ehst20d-ym9d\/\"]}]},{\"@type\":\"BreadcrumbList\",\"@id\":\"https:\/\/cch.sk\/cs\/produkt\/pud-swm120yaa-ehst20d-ym9d\/#breadcrumb\",\"itemListElement\":[{\"@type\":\"ListItem\",\"position\":1,\"name\":\"Home\",\"item\":\"https:\/\/cch.sk\/cs\/home\/\"},{\"@type\":\"ListItem\",\"position\":2,\"name\":\"Obchod\",\"item\":\"https:\/\/cch.sk\/cs\/shop\/\"},{\"@type\":\"ListItem\",\"position\":3,\"name\":\"PUD-SWM120YAA\/EHST20D-YM9D\"}]},{\"@type\":\"WebSite\",\"@id\":\"https:\/\/cch.sk\/cs\/#website\",\"url\":\"https:\/\/cch.sk\/cs\/\",\"name\":\"CCH Vzduchotechnika\",\"description\":\"\",\"potentialAction\":[{\"@type\":\"SearchAction\",\"target\":{\"@type\":\"EntryPoint\",\"urlTemplate\":\"https:\/\/cch.sk\/cs\/?s={search_term_string}\"},\"query-input\":{\"@type\":\"PropertyValueSpecification\",\"valueRequired\":true,\"valueName\":\"search_term_string\"}}],\"inLanguage\":\"cs\"}]}<\/script>\n<!-- \/ Yoast SEO plugin. -->","yoast_head_json":{"title":"PUD-SWM120YAA\/EHST20D-YM9D - CCH Vzduchotechnika","robots":{"index":"index","follow":"follow","max-snippet":"max-snippet:-1","max-image-preview":"max-image-preview:large","max-video-preview":"max-video-preview:-1"},"canonical":"https:\/\/cch.sk\/cs\/produkt\/pud-swm120yaa-ehst20d-ym9d\/","og_locale":"cs_CZ","og_type":"article","og_title":"PUD-SWM120YAA\/EHST20D-YM9D - CCH Vzduchotechnika","og_description":"Venkovn\u00ed jednotka POWER Inverter: topen\u00ed 12kW, 3\/400\/50, rozm\u011bry: 1020x480x1050.  Vnit\u0159n\u00ed jednotka\/Hydrobox se z\u00e1sobn\u00edkem TUV 200 l: 9 kW\/400 V, rozm\u011bry: 1600x680x595.","og_url":"https:\/\/cch.sk\/cs\/produkt\/pud-swm120yaa-ehst20d-ym9d\/","og_site_name":"CCH Vzduchotechnika","article_modified_time":"2024-11-08T18:45:16+00:00","twitter_card":"summary_large_image","schema":{"@context":"https:\/\/schema.org","@graph":[{"@type":"WebPage","@id":"https:\/\/cch.sk\/cs\/produkt\/pud-swm120yaa-ehst20d-ym9d\/","url":"https:\/\/cch.sk\/cs\/produkt\/pud-swm120yaa-ehst20d-ym9d\/","name":"PUD-SWM120YAA\/EHST20D-YM9D - CCH Vzduchotechnika","isPartOf":{"@id":"https:\/\/cch.sk\/cs\/#website"},"datePublished":"2023-11-07T08:34:41+00:00","dateModified":"2024-11-08T18:45:16+00:00","breadcrumb":{"@id":"https:\/\/cch.sk\/cs\/produkt\/pud-swm120yaa-ehst20d-ym9d\/#breadcrumb"},"inLanguage":"cs","potentialAction":[{"@type":"ReadAction","target":["https:\/\/cch.sk\/cs\/produkt\/pud-swm120yaa-ehst20d-ym9d\/"]}]},{"@type":"BreadcrumbList","@id":"https:\/\/cch.sk\/cs\/produkt\/pud-swm120yaa-ehst20d-ym9d\/#breadcrumb","itemListElement":[{"@type":"ListItem","position":1,"name":"Home","item":"https:\/\/cch.sk\/cs\/home\/"},{"@type":"ListItem","position":2,"name":"Obchod","item":"https:\/\/cch.sk\/cs\/shop\/"},{"@type":"ListItem","position":3,"name":"PUD-SWM120YAA\/EHST20D-YM9D"}]},{"@type":"WebSite","@id":"https:\/\/cch.sk\/cs\/#website","url":"https:\/\/cch.sk\/cs\/","name":"CCH Vzduchotechnika","description":"","potentialAction":[{"@type":"SearchAction","target":{"@type":"EntryPoint","urlTemplate":"https:\/\/cch.sk\/cs\/?s={search_term_string}"},"query-input":{"@type":"PropertyValueSpecification","valueRequired":true,"valueName":"search_term_string"}}],"inLanguage":"cs"}]}},"_links":{"self":[{"href":"https:\/\/cch.sk\/cs\/wp-json\/wp\/v2\/product\/14115"}],"collection":[{"href":"https:\/\/cch.sk\/cs\/wp-json\/wp\/v2\/product"}],"about":[{"href":"https:\/\/cch.sk\/cs\/wp-json\/wp\/v2\/types\/product"}],"version-history":[{"count":1,"href":"https:\/\/cch.sk\/cs\/wp-json\/wp\/v2\/product\/14115\/revisions"}],"predecessor-version":[{"id":14116,"href":"https:\/\/cch.sk\/cs\/wp-json\/wp\/v2\/product\/14115\/revisions\/14116"}],"wp:attachment":[{"href":"https:\/\/cch.sk\/cs\/wp-json\/wp\/v2\/media?parent=14115"}],"wp:term":[{"taxonomy":"product_cat","embeddable":true,"href":"https:\/\/cch.sk\/cs\/wp-json\/wp\/v2\/product_cat?post=14115"},{"taxonomy":"product_tag","embeddable":true,"href":"https:\/\/cch.sk\/cs\/wp-json\/wp\/v2\/product_tag?post=14115"}],"curies":[{"name":"wp","href":"https:\/\/api.w.org\/{rel}","templated":true}]}}