{"id":14177,"date":"2023-11-07T07:39:58","date_gmt":"2023-11-07T06:39:58","guid":{"rendered":"https:\/\/cch.sk\/produkt\/sdv4-400eaa\/"},"modified":"2024-11-08T19:46:44","modified_gmt":"2024-11-08T18:46:44","slug":"sdv4-400eaa","status":"publish","type":"product","link":"https:\/\/cch.sk\/cs\/produkt\/sdv4-400eaa\/","title":{"rendered":"SDV4-400EAA"},"content":{"rendered":"","protected":false},"excerpt":{"rendered":"<ul>\n<li>Chladic\u00ed v\u00fdkon 40 kW<\/li>\n<li>Topn\u00fd v\u00fdkon 45 kW<\/li>\n<li>Vnit\u0159n\u00ed jednotky jsou samostatn\u00e9 v\u00fdrobky<\/li>\n<\/ul>\n","protected":false},"featured_media":13033,"template":"","meta":{"_monsterinsights_skip_tracking":false,"_monsterinsights_sitenote_active":false,"_monsterinsights_sitenote_note":"","_monsterinsights_sitenote_category":0},"product_cat":[602,686,665],"product_tag":[],"class_list":{"0":"post-14177","1":"product","2":"type-product","3":"status-publish","4":"has-post-thumbnail","6":"product_cat-komercni-systemy-prumyslova-filtrace","7":"product_cat-jednotky-sdv-cs","8":"product_cat-sinclair-cs-2","9":"tm-has-options","11":"first","12":"instock","13":"taxable","14":"shipping-taxable","15":"product-type-simple"},"yoast_head":"<!-- This site is optimized with the Yoast SEO plugin v25.6 - https:\/\/yoast.com\/wordpress\/plugins\/seo\/ -->\n<title>SDV4-400EAA - CCH Vzduchotechnika<\/title>\n<meta name=\"robots\" content=\"index, follow, max-snippet:-1, max-image-preview:large, max-video-preview:-1\" \/>\n<link rel=\"canonical\" href=\"https:\/\/cch.sk\/cs\/produkt\/sdv4-400eaa\/\" \/>\n<meta property=\"og:locale\" content=\"cs_CZ\" \/>\n<meta property=\"og:type\" content=\"article\" \/>\n<meta property=\"og:title\" content=\"SDV4-400EAA - CCH Vzduchotechnika\" \/>\n<meta property=\"og:description\" content=\"Chladic\u00ed v\u00fdkon 40 kW  Topn\u00fd v\u00fdkon 45 kW  Vnit\u0159n\u00ed jednotky jsou samostatn\u00e9 v\u00fdrobky\" \/>\n<meta property=\"og:url\" content=\"https:\/\/cch.sk\/cs\/produkt\/sdv4-400eaa\/\" \/>\n<meta property=\"og:site_name\" content=\"CCH Vzduchotechnika\" \/>\n<meta property=\"article:modified_time\" content=\"2024-11-08T18:46:44+00:00\" \/>\n<meta property=\"og:image\" content=\"https:\/\/cch.sk\/wp-content\/uploads\/2023\/11\/sdv4-400-450eaa-600x800px-72dpi.png\" \/>\n\t<meta property=\"og:image:width\" content=\"540\" \/>\n\t<meta property=\"og:image:height\" content=\"720\" \/>\n\t<meta property=\"og:image:type\" content=\"image\/png\" \/>\n<meta name=\"twitter:card\" content=\"summary_large_image\" \/>\n<script type=\"application\/ld+json\" class=\"yoast-schema-graph\">{\"@context\":\"https:\/\/schema.org\",\"@graph\":[{\"@type\":\"WebPage\",\"@id\":\"https:\/\/cch.sk\/cs\/produkt\/sdv4-400eaa\/\",\"url\":\"https:\/\/cch.sk\/cs\/produkt\/sdv4-400eaa\/\",\"name\":\"SDV4-400EAA - CCH Vzduchotechnika\",\"isPartOf\":{\"@id\":\"https:\/\/cch.sk\/cs\/#website\"},\"primaryImageOfPage\":{\"@id\":\"https:\/\/cch.sk\/cs\/produkt\/sdv4-400eaa\/#primaryimage\"},\"image\":{\"@id\":\"https:\/\/cch.sk\/cs\/produkt\/sdv4-400eaa\/#primaryimage\"},\"thumbnailUrl\":\"https:\/\/cch.sk\/wp-content\/uploads\/2023\/11\/sdv4-400-450eaa-600x800px-72dpi.png\",\"datePublished\":\"2023-11-07T06:39:58+00:00\",\"dateModified\":\"2024-11-08T18:46:44+00:00\",\"breadcrumb\":{\"@id\":\"https:\/\/cch.sk\/cs\/produkt\/sdv4-400eaa\/#breadcrumb\"},\"inLanguage\":\"cs\",\"potentialAction\":[{\"@type\":\"ReadAction\",\"target\":[\"https:\/\/cch.sk\/cs\/produkt\/sdv4-400eaa\/\"]}]},{\"@type\":\"ImageObject\",\"inLanguage\":\"cs\",\"@id\":\"https:\/\/cch.sk\/cs\/produkt\/sdv4-400eaa\/#primaryimage\",\"url\":\"https:\/\/cch.sk\/wp-content\/uploads\/2023\/11\/sdv4-400-450eaa-600x800px-72dpi.png\",\"contentUrl\":\"https:\/\/cch.sk\/wp-content\/uploads\/2023\/11\/sdv4-400-450eaa-600x800px-72dpi.png\",\"width\":540,\"height\":720},{\"@type\":\"BreadcrumbList\",\"@id\":\"https:\/\/cch.sk\/cs\/produkt\/sdv4-400eaa\/#breadcrumb\",\"itemListElement\":[{\"@type\":\"ListItem\",\"position\":1,\"name\":\"Home\",\"item\":\"https:\/\/cch.sk\/cs\/home\/\"},{\"@type\":\"ListItem\",\"position\":2,\"name\":\"Obchod\",\"item\":\"https:\/\/cch.sk\/cs\/shop\/\"},{\"@type\":\"ListItem\",\"position\":3,\"name\":\"SDV4-400EAA\"}]},{\"@type\":\"WebSite\",\"@id\":\"https:\/\/cch.sk\/cs\/#website\",\"url\":\"https:\/\/cch.sk\/cs\/\",\"name\":\"CCH Vzduchotechnika\",\"description\":\"\",\"potentialAction\":[{\"@type\":\"SearchAction\",\"target\":{\"@type\":\"EntryPoint\",\"urlTemplate\":\"https:\/\/cch.sk\/cs\/?s={search_term_string}\"},\"query-input\":{\"@type\":\"PropertyValueSpecification\",\"valueRequired\":true,\"valueName\":\"search_term_string\"}}],\"inLanguage\":\"cs\"}]}<\/script>\n<!-- \/ Yoast SEO plugin. -->","yoast_head_json":{"title":"SDV4-400EAA - CCH Vzduchotechnika","robots":{"index":"index","follow":"follow","max-snippet":"max-snippet:-1","max-image-preview":"max-image-preview:large","max-video-preview":"max-video-preview:-1"},"canonical":"https:\/\/cch.sk\/cs\/produkt\/sdv4-400eaa\/","og_locale":"cs_CZ","og_type":"article","og_title":"SDV4-400EAA - CCH Vzduchotechnika","og_description":"Chladic\u00ed v\u00fdkon 40 kW  Topn\u00fd v\u00fdkon 45 kW  Vnit\u0159n\u00ed jednotky jsou samostatn\u00e9 v\u00fdrobky","og_url":"https:\/\/cch.sk\/cs\/produkt\/sdv4-400eaa\/","og_site_name":"CCH Vzduchotechnika","article_modified_time":"2024-11-08T18:46:44+00:00","og_image":[{"width":540,"height":720,"url":"https:\/\/cch.sk\/wp-content\/uploads\/2023\/11\/sdv4-400-450eaa-600x800px-72dpi.png","type":"image\/png"}],"twitter_card":"summary_large_image","schema":{"@context":"https:\/\/schema.org","@graph":[{"@type":"WebPage","@id":"https:\/\/cch.sk\/cs\/produkt\/sdv4-400eaa\/","url":"https:\/\/cch.sk\/cs\/produkt\/sdv4-400eaa\/","name":"SDV4-400EAA - CCH Vzduchotechnika","isPartOf":{"@id":"https:\/\/cch.sk\/cs\/#website"},"primaryImageOfPage":{"@id":"https:\/\/cch.sk\/cs\/produkt\/sdv4-400eaa\/#primaryimage"},"image":{"@id":"https:\/\/cch.sk\/cs\/produkt\/sdv4-400eaa\/#primaryimage"},"thumbnailUrl":"https:\/\/cch.sk\/wp-content\/uploads\/2023\/11\/sdv4-400-450eaa-600x800px-72dpi.png","datePublished":"2023-11-07T06:39:58+00:00","dateModified":"2024-11-08T18:46:44+00:00","breadcrumb":{"@id":"https:\/\/cch.sk\/cs\/produkt\/sdv4-400eaa\/#breadcrumb"},"inLanguage":"cs","potentialAction":[{"@type":"ReadAction","target":["https:\/\/cch.sk\/cs\/produkt\/sdv4-400eaa\/"]}]},{"@type":"ImageObject","inLanguage":"cs","@id":"https:\/\/cch.sk\/cs\/produkt\/sdv4-400eaa\/#primaryimage","url":"https:\/\/cch.sk\/wp-content\/uploads\/2023\/11\/sdv4-400-450eaa-600x800px-72dpi.png","contentUrl":"https:\/\/cch.sk\/wp-content\/uploads\/2023\/11\/sdv4-400-450eaa-600x800px-72dpi.png","width":540,"height":720},{"@type":"BreadcrumbList","@id":"https:\/\/cch.sk\/cs\/produkt\/sdv4-400eaa\/#breadcrumb","itemListElement":[{"@type":"ListItem","position":1,"name":"Home","item":"https:\/\/cch.sk\/cs\/home\/"},{"@type":"ListItem","position":2,"name":"Obchod","item":"https:\/\/cch.sk\/cs\/shop\/"},{"@type":"ListItem","position":3,"name":"SDV4-400EAA"}]},{"@type":"WebSite","@id":"https:\/\/cch.sk\/cs\/#website","url":"https:\/\/cch.sk\/cs\/","name":"CCH Vzduchotechnika","description":"","potentialAction":[{"@type":"SearchAction","target":{"@type":"EntryPoint","urlTemplate":"https:\/\/cch.sk\/cs\/?s={search_term_string}"},"query-input":{"@type":"PropertyValueSpecification","valueRequired":true,"valueName":"search_term_string"}}],"inLanguage":"cs"}]}},"_links":{"self":[{"href":"https:\/\/cch.sk\/cs\/wp-json\/wp\/v2\/product\/14177"}],"collection":[{"href":"https:\/\/cch.sk\/cs\/wp-json\/wp\/v2\/product"}],"about":[{"href":"https:\/\/cch.sk\/cs\/wp-json\/wp\/v2\/types\/product"}],"version-history":[{"count":1,"href":"https:\/\/cch.sk\/cs\/wp-json\/wp\/v2\/product\/14177\/revisions"}],"predecessor-version":[{"id":14179,"href":"https:\/\/cch.sk\/cs\/wp-json\/wp\/v2\/product\/14177\/revisions\/14179"}],"wp:featuredmedia":[{"embeddable":true,"href":"https:\/\/cch.sk\/cs\/wp-json\/wp\/v2\/media\/13033"}],"wp:attachment":[{"href":"https:\/\/cch.sk\/cs\/wp-json\/wp\/v2\/media?parent=14177"}],"wp:term":[{"taxonomy":"product_cat","embeddable":true,"href":"https:\/\/cch.sk\/cs\/wp-json\/wp\/v2\/product_cat?post=14177"},{"taxonomy":"product_tag","embeddable":true,"href":"https:\/\/cch.sk\/cs\/wp-json\/wp\/v2\/product_tag?post=14177"}],"curies":[{"name":"wp","href":"https:\/\/api.w.org\/{rel}","templated":true}]}}