{"id":14181,"date":"2023-11-07T07:42:26","date_gmt":"2023-11-07T06:42:26","guid":{"rendered":"https:\/\/cch.sk\/produkt\/sdv4-252eaf\/"},"modified":"2024-11-08T19:46:45","modified_gmt":"2024-11-08T18:46:45","slug":"sdv4-252eaf","status":"publish","type":"product","link":"https:\/\/cch.sk\/cs\/produkt\/sdv4-252eaf\/","title":{"rendered":"SDV4-252EAF"},"content":{"rendered":"","protected":false},"excerpt":{"rendered":"<ul>\n<li>Stejnosm\u011brn\u00fd motor ventil\u00e1toru<\/li>\n<li>Chladic\u00ed v\u00fdkon 25,2 kW<\/li>\n<li>Topn\u00fd v\u00fdkon 27,0 kW<\/li>\n<li>Vnit\u0159n\u00ed jednotky jsou samostatn\u00e9 v\u00fdrobky<\/li>\n<\/ul>\n","protected":false},"featured_media":13030,"template":"","meta":{"_monsterinsights_skip_tracking":false,"_monsterinsights_sitenote_active":false,"_monsterinsights_sitenote_note":"","_monsterinsights_sitenote_category":0},"product_cat":[602,692,665],"product_tag":[],"class_list":{"0":"post-14181","1":"product","2":"type-product","3":"status-publish","4":"has-post-thumbnail","6":"product_cat-komercni-systemy-prumyslova-filtrace","7":"product_cat-modularni-jednotky-sdv","8":"product_cat-sinclair-cs-2","9":"tm-has-options","11":"first","12":"instock","13":"taxable","14":"shipping-taxable","15":"product-type-simple"},"yoast_head":"<!-- This site is optimized with the Yoast SEO plugin v25.6 - https:\/\/yoast.com\/wordpress\/plugins\/seo\/ -->\n<title>SDV4-252EAF - CCH Vzduchotechnika<\/title>\n<meta name=\"robots\" content=\"index, follow, max-snippet:-1, max-image-preview:large, max-video-preview:-1\" \/>\n<link rel=\"canonical\" href=\"https:\/\/cch.sk\/cs\/produkt\/sdv4-252eaf\/\" \/>\n<meta property=\"og:locale\" content=\"cs_CZ\" \/>\n<meta property=\"og:type\" content=\"article\" \/>\n<meta property=\"og:title\" content=\"SDV4-252EAF - CCH Vzduchotechnika\" \/>\n<meta property=\"og:description\" content=\"Stejnosm\u011brn\u00fd motor ventil\u00e1toru  Chladic\u00ed v\u00fdkon 25,2 kW  Topn\u00fd v\u00fdkon 27,0 kW  Vnit\u0159n\u00ed jednotky jsou samostatn\u00e9 v\u00fdrobky\" \/>\n<meta property=\"og:url\" content=\"https:\/\/cch.sk\/cs\/produkt\/sdv4-252eaf\/\" \/>\n<meta property=\"og:site_name\" content=\"CCH Vzduchotechnika\" \/>\n<meta property=\"article:modified_time\" content=\"2024-11-08T18:46:45+00:00\" \/>\n<meta property=\"og:image\" content=\"https:\/\/cch.sk\/wp-content\/uploads\/2023\/11\/sdv4-252-615eaf-600x800px-72dpi-en.png\" \/>\n\t<meta property=\"og:image:width\" content=\"540\" \/>\n\t<meta property=\"og:image:height\" content=\"720\" \/>\n\t<meta property=\"og:image:type\" content=\"image\/png\" \/>\n<meta name=\"twitter:card\" content=\"summary_large_image\" \/>\n<script type=\"application\/ld+json\" class=\"yoast-schema-graph\">{\"@context\":\"https:\/\/schema.org\",\"@graph\":[{\"@type\":\"WebPage\",\"@id\":\"https:\/\/cch.sk\/cs\/produkt\/sdv4-252eaf\/\",\"url\":\"https:\/\/cch.sk\/cs\/produkt\/sdv4-252eaf\/\",\"name\":\"SDV4-252EAF - CCH Vzduchotechnika\",\"isPartOf\":{\"@id\":\"https:\/\/cch.sk\/cs\/#website\"},\"primaryImageOfPage\":{\"@id\":\"https:\/\/cch.sk\/cs\/produkt\/sdv4-252eaf\/#primaryimage\"},\"image\":{\"@id\":\"https:\/\/cch.sk\/cs\/produkt\/sdv4-252eaf\/#primaryimage\"},\"thumbnailUrl\":\"https:\/\/cch.sk\/wp-content\/uploads\/2023\/11\/sdv4-252-615eaf-600x800px-72dpi-en.png\",\"datePublished\":\"2023-11-07T06:42:26+00:00\",\"dateModified\":\"2024-11-08T18:46:45+00:00\",\"breadcrumb\":{\"@id\":\"https:\/\/cch.sk\/cs\/produkt\/sdv4-252eaf\/#breadcrumb\"},\"inLanguage\":\"cs\",\"potentialAction\":[{\"@type\":\"ReadAction\",\"target\":[\"https:\/\/cch.sk\/cs\/produkt\/sdv4-252eaf\/\"]}]},{\"@type\":\"ImageObject\",\"inLanguage\":\"cs\",\"@id\":\"https:\/\/cch.sk\/cs\/produkt\/sdv4-252eaf\/#primaryimage\",\"url\":\"https:\/\/cch.sk\/wp-content\/uploads\/2023\/11\/sdv4-252-615eaf-600x800px-72dpi-en.png\",\"contentUrl\":\"https:\/\/cch.sk\/wp-content\/uploads\/2023\/11\/sdv4-252-615eaf-600x800px-72dpi-en.png\",\"width\":540,\"height\":720},{\"@type\":\"BreadcrumbList\",\"@id\":\"https:\/\/cch.sk\/cs\/produkt\/sdv4-252eaf\/#breadcrumb\",\"itemListElement\":[{\"@type\":\"ListItem\",\"position\":1,\"name\":\"Home\",\"item\":\"https:\/\/cch.sk\/cs\/home\/\"},{\"@type\":\"ListItem\",\"position\":2,\"name\":\"Obchod\",\"item\":\"https:\/\/cch.sk\/cs\/shop\/\"},{\"@type\":\"ListItem\",\"position\":3,\"name\":\"SDV4-252EAF\"}]},{\"@type\":\"WebSite\",\"@id\":\"https:\/\/cch.sk\/cs\/#website\",\"url\":\"https:\/\/cch.sk\/cs\/\",\"name\":\"CCH Vzduchotechnika\",\"description\":\"\",\"potentialAction\":[{\"@type\":\"SearchAction\",\"target\":{\"@type\":\"EntryPoint\",\"urlTemplate\":\"https:\/\/cch.sk\/cs\/?s={search_term_string}\"},\"query-input\":{\"@type\":\"PropertyValueSpecification\",\"valueRequired\":true,\"valueName\":\"search_term_string\"}}],\"inLanguage\":\"cs\"}]}<\/script>\n<!-- \/ Yoast SEO plugin. -->","yoast_head_json":{"title":"SDV4-252EAF - CCH Vzduchotechnika","robots":{"index":"index","follow":"follow","max-snippet":"max-snippet:-1","max-image-preview":"max-image-preview:large","max-video-preview":"max-video-preview:-1"},"canonical":"https:\/\/cch.sk\/cs\/produkt\/sdv4-252eaf\/","og_locale":"cs_CZ","og_type":"article","og_title":"SDV4-252EAF - CCH Vzduchotechnika","og_description":"Stejnosm\u011brn\u00fd motor ventil\u00e1toru  Chladic\u00ed v\u00fdkon 25,2 kW  Topn\u00fd v\u00fdkon 27,0 kW  Vnit\u0159n\u00ed jednotky jsou samostatn\u00e9 v\u00fdrobky","og_url":"https:\/\/cch.sk\/cs\/produkt\/sdv4-252eaf\/","og_site_name":"CCH Vzduchotechnika","article_modified_time":"2024-11-08T18:46:45+00:00","og_image":[{"width":540,"height":720,"url":"https:\/\/cch.sk\/wp-content\/uploads\/2023\/11\/sdv4-252-615eaf-600x800px-72dpi-en.png","type":"image\/png"}],"twitter_card":"summary_large_image","schema":{"@context":"https:\/\/schema.org","@graph":[{"@type":"WebPage","@id":"https:\/\/cch.sk\/cs\/produkt\/sdv4-252eaf\/","url":"https:\/\/cch.sk\/cs\/produkt\/sdv4-252eaf\/","name":"SDV4-252EAF - CCH Vzduchotechnika","isPartOf":{"@id":"https:\/\/cch.sk\/cs\/#website"},"primaryImageOfPage":{"@id":"https:\/\/cch.sk\/cs\/produkt\/sdv4-252eaf\/#primaryimage"},"image":{"@id":"https:\/\/cch.sk\/cs\/produkt\/sdv4-252eaf\/#primaryimage"},"thumbnailUrl":"https:\/\/cch.sk\/wp-content\/uploads\/2023\/11\/sdv4-252-615eaf-600x800px-72dpi-en.png","datePublished":"2023-11-07T06:42:26+00:00","dateModified":"2024-11-08T18:46:45+00:00","breadcrumb":{"@id":"https:\/\/cch.sk\/cs\/produkt\/sdv4-252eaf\/#breadcrumb"},"inLanguage":"cs","potentialAction":[{"@type":"ReadAction","target":["https:\/\/cch.sk\/cs\/produkt\/sdv4-252eaf\/"]}]},{"@type":"ImageObject","inLanguage":"cs","@id":"https:\/\/cch.sk\/cs\/produkt\/sdv4-252eaf\/#primaryimage","url":"https:\/\/cch.sk\/wp-content\/uploads\/2023\/11\/sdv4-252-615eaf-600x800px-72dpi-en.png","contentUrl":"https:\/\/cch.sk\/wp-content\/uploads\/2023\/11\/sdv4-252-615eaf-600x800px-72dpi-en.png","width":540,"height":720},{"@type":"BreadcrumbList","@id":"https:\/\/cch.sk\/cs\/produkt\/sdv4-252eaf\/#breadcrumb","itemListElement":[{"@type":"ListItem","position":1,"name":"Home","item":"https:\/\/cch.sk\/cs\/home\/"},{"@type":"ListItem","position":2,"name":"Obchod","item":"https:\/\/cch.sk\/cs\/shop\/"},{"@type":"ListItem","position":3,"name":"SDV4-252EAF"}]},{"@type":"WebSite","@id":"https:\/\/cch.sk\/cs\/#website","url":"https:\/\/cch.sk\/cs\/","name":"CCH Vzduchotechnika","description":"","potentialAction":[{"@type":"SearchAction","target":{"@type":"EntryPoint","urlTemplate":"https:\/\/cch.sk\/cs\/?s={search_term_string}"},"query-input":{"@type":"PropertyValueSpecification","valueRequired":true,"valueName":"search_term_string"}}],"inLanguage":"cs"}]}},"_links":{"self":[{"href":"https:\/\/cch.sk\/cs\/wp-json\/wp\/v2\/product\/14181"}],"collection":[{"href":"https:\/\/cch.sk\/cs\/wp-json\/wp\/v2\/product"}],"about":[{"href":"https:\/\/cch.sk\/cs\/wp-json\/wp\/v2\/types\/product"}],"version-history":[{"count":1,"href":"https:\/\/cch.sk\/cs\/wp-json\/wp\/v2\/product\/14181\/revisions"}],"predecessor-version":[{"id":14184,"href":"https:\/\/cch.sk\/cs\/wp-json\/wp\/v2\/product\/14181\/revisions\/14184"}],"wp:featuredmedia":[{"embeddable":true,"href":"https:\/\/cch.sk\/cs\/wp-json\/wp\/v2\/media\/13030"}],"wp:attachment":[{"href":"https:\/\/cch.sk\/cs\/wp-json\/wp\/v2\/media?parent=14181"}],"wp:term":[{"taxonomy":"product_cat","embeddable":true,"href":"https:\/\/cch.sk\/cs\/wp-json\/wp\/v2\/product_cat?post=14181"},{"taxonomy":"product_tag","embeddable":true,"href":"https:\/\/cch.sk\/cs\/wp-json\/wp\/v2\/product_tag?post=14181"}],"curies":[{"name":"wp","href":"https:\/\/api.w.org\/{rel}","templated":true}]}}