{"id":14212,"date":"2023-11-07T07:50:56","date_gmt":"2023-11-07T06:50:56","guid":{"rendered":"https:\/\/cch.sk\/produkt\/cfo-16p\/"},"modified":"2024-11-08T19:47:26","modified_gmt":"2024-11-08T18:47:26","slug":"cfo-16p","status":"publish","type":"product","link":"https:\/\/cch.sk\/cs\/produkt\/cfo-16p\/","title":{"rendered":"CFO-16P"},"content":{"rendered":"","protected":false},"excerpt":{"rendered":"<ul>\n<li>Odvlh\u010dovac\u00ed kapacita 16 litr\u016f\/den<\/li>\n<li>Tich\u00fd provoz<\/li>\n<li>2 rychlosti ventil\u00e1toru<\/li>\n<li>Nastaven\u00ed odvlh\u010dov\u00e1n\u00ed 40%\/50%\/60%\/70% relativn\u00ed vlhkosti nebo nep\u0159etr\u017eit\u011b<\/li>\n<li>\u010casova\u010d 2 \/ 4 \/ 8 hodin<\/li>\n<li>Provozn\u00ed teplota 5-32 \u00b0C<\/li>\n<li>N\u00e1doba na odpad 2,5 l<\/li>\n<li>P\u0159\u00edrodn\u00ed chladivo R290 Propan<\/li>\n<li>Samo\u010dinn\u00e9 spu\u0161t\u011bn\u00ed<\/li>\n<\/ul>\n","protected":false},"featured_media":13045,"template":"","meta":{"_monsterinsights_skip_tracking":false,"_monsterinsights_sitenote_active":false,"_monsterinsights_sitenote_note":"","_monsterinsights_sitenote_category":0},"product_cat":[701,695,698],"product_tag":[],"class_list":{"0":"post-14212","1":"product","2":"type-product","3":"status-publish","4":"has-post-thumbnail","6":"product_cat-odvlhcovace-cs","7":"product_cat-odvlhcovace-cistice","8":"product_cat-cs-sinclair-odvlhcovace-cisticky","9":"tm-has-options","11":"first","12":"instock","13":"taxable","14":"shipping-taxable","15":"purchasable","16":"product-type-simple"},"yoast_head":"<!-- This site is optimized with the Yoast SEO plugin v25.6 - https:\/\/yoast.com\/wordpress\/plugins\/seo\/ -->\n<title>CFO-16P - CCH Vzduchotechnika<\/title>\n<meta name=\"robots\" content=\"index, follow, max-snippet:-1, max-image-preview:large, max-video-preview:-1\" \/>\n<link rel=\"canonical\" href=\"https:\/\/cch.sk\/cs\/produkt\/cfo-16p\/\" \/>\n<meta property=\"og:locale\" content=\"cs_CZ\" \/>\n<meta property=\"og:type\" content=\"article\" \/>\n<meta property=\"og:title\" content=\"CFO-16P - CCH Vzduchotechnika\" \/>\n<meta property=\"og:description\" content=\"Odvlh\u010dovac\u00ed kapacita 16 litr\u016f\/den  Tich\u00fd provoz  2 rychlosti ventil\u00e1toru  Nastaven\u00ed odvlh\u010dov\u00e1n\u00ed 40%\/50%\/60%\/70% relativn\u00ed vlhkosti nebo nep\u0159etr\u017eit\u011b  \u010casova\u010d 2 \/ 4 \/ 8 hodin  Provozn\u00ed teplota 5-32 \u00b0C  N\u00e1doba na odpad 2,5 l  P\u0159\u00edrodn\u00ed chladivo R290 Propan  Samo\u010dinn\u00e9 spu\u0161t\u011bn\u00ed\" \/>\n<meta property=\"og:url\" content=\"https:\/\/cch.sk\/cs\/produkt\/cfo-16p\/\" \/>\n<meta property=\"og:site_name\" content=\"CCH Vzduchotechnika\" \/>\n<meta property=\"article:modified_time\" content=\"2024-11-08T18:47:26+00:00\" \/>\n<meta property=\"og:image\" content=\"https:\/\/cch.sk\/wp-content\/uploads\/2023\/11\/cfo-16p-600x800px-72dpi.png\" \/>\n\t<meta property=\"og:image:width\" content=\"540\" \/>\n\t<meta property=\"og:image:height\" content=\"720\" \/>\n\t<meta property=\"og:image:type\" content=\"image\/png\" \/>\n<meta name=\"twitter:card\" content=\"summary_large_image\" \/>\n<script type=\"application\/ld+json\" class=\"yoast-schema-graph\">{\"@context\":\"https:\/\/schema.org\",\"@graph\":[{\"@type\":\"WebPage\",\"@id\":\"https:\/\/cch.sk\/cs\/produkt\/cfo-16p\/\",\"url\":\"https:\/\/cch.sk\/cs\/produkt\/cfo-16p\/\",\"name\":\"CFO-16P - CCH Vzduchotechnika\",\"isPartOf\":{\"@id\":\"https:\/\/cch.sk\/cs\/#website\"},\"primaryImageOfPage\":{\"@id\":\"https:\/\/cch.sk\/cs\/produkt\/cfo-16p\/#primaryimage\"},\"image\":{\"@id\":\"https:\/\/cch.sk\/cs\/produkt\/cfo-16p\/#primaryimage\"},\"thumbnailUrl\":\"https:\/\/cch.sk\/wp-content\/uploads\/2023\/11\/cfo-16p-600x800px-72dpi.png\",\"datePublished\":\"2023-11-07T06:50:56+00:00\",\"dateModified\":\"2024-11-08T18:47:26+00:00\",\"breadcrumb\":{\"@id\":\"https:\/\/cch.sk\/cs\/produkt\/cfo-16p\/#breadcrumb\"},\"inLanguage\":\"cs\",\"potentialAction\":[{\"@type\":\"ReadAction\",\"target\":[\"https:\/\/cch.sk\/cs\/produkt\/cfo-16p\/\"]}]},{\"@type\":\"ImageObject\",\"inLanguage\":\"cs\",\"@id\":\"https:\/\/cch.sk\/cs\/produkt\/cfo-16p\/#primaryimage\",\"url\":\"https:\/\/cch.sk\/wp-content\/uploads\/2023\/11\/cfo-16p-600x800px-72dpi.png\",\"contentUrl\":\"https:\/\/cch.sk\/wp-content\/uploads\/2023\/11\/cfo-16p-600x800px-72dpi.png\",\"width\":540,\"height\":720},{\"@type\":\"BreadcrumbList\",\"@id\":\"https:\/\/cch.sk\/cs\/produkt\/cfo-16p\/#breadcrumb\",\"itemListElement\":[{\"@type\":\"ListItem\",\"position\":1,\"name\":\"Home\",\"item\":\"https:\/\/cch.sk\/cs\/home\/\"},{\"@type\":\"ListItem\",\"position\":2,\"name\":\"Obchod\",\"item\":\"https:\/\/cch.sk\/cs\/shop\/\"},{\"@type\":\"ListItem\",\"position\":3,\"name\":\"CFO-16P\"}]},{\"@type\":\"WebSite\",\"@id\":\"https:\/\/cch.sk\/cs\/#website\",\"url\":\"https:\/\/cch.sk\/cs\/\",\"name\":\"CCH Vzduchotechnika\",\"description\":\"\",\"potentialAction\":[{\"@type\":\"SearchAction\",\"target\":{\"@type\":\"EntryPoint\",\"urlTemplate\":\"https:\/\/cch.sk\/cs\/?s={search_term_string}\"},\"query-input\":{\"@type\":\"PropertyValueSpecification\",\"valueRequired\":true,\"valueName\":\"search_term_string\"}}],\"inLanguage\":\"cs\"}]}<\/script>\n<!-- \/ Yoast SEO plugin. -->","yoast_head_json":{"title":"CFO-16P - CCH Vzduchotechnika","robots":{"index":"index","follow":"follow","max-snippet":"max-snippet:-1","max-image-preview":"max-image-preview:large","max-video-preview":"max-video-preview:-1"},"canonical":"https:\/\/cch.sk\/cs\/produkt\/cfo-16p\/","og_locale":"cs_CZ","og_type":"article","og_title":"CFO-16P - CCH Vzduchotechnika","og_description":"Odvlh\u010dovac\u00ed kapacita 16 litr\u016f\/den  Tich\u00fd provoz  2 rychlosti ventil\u00e1toru  Nastaven\u00ed odvlh\u010dov\u00e1n\u00ed 40%\/50%\/60%\/70% relativn\u00ed vlhkosti nebo nep\u0159etr\u017eit\u011b  \u010casova\u010d 2 \/ 4 \/ 8 hodin  Provozn\u00ed teplota 5-32 \u00b0C  N\u00e1doba na odpad 2,5 l  P\u0159\u00edrodn\u00ed chladivo R290 Propan  Samo\u010dinn\u00e9 spu\u0161t\u011bn\u00ed","og_url":"https:\/\/cch.sk\/cs\/produkt\/cfo-16p\/","og_site_name":"CCH Vzduchotechnika","article_modified_time":"2024-11-08T18:47:26+00:00","og_image":[{"width":540,"height":720,"url":"https:\/\/cch.sk\/wp-content\/uploads\/2023\/11\/cfo-16p-600x800px-72dpi.png","type":"image\/png"}],"twitter_card":"summary_large_image","schema":{"@context":"https:\/\/schema.org","@graph":[{"@type":"WebPage","@id":"https:\/\/cch.sk\/cs\/produkt\/cfo-16p\/","url":"https:\/\/cch.sk\/cs\/produkt\/cfo-16p\/","name":"CFO-16P - CCH Vzduchotechnika","isPartOf":{"@id":"https:\/\/cch.sk\/cs\/#website"},"primaryImageOfPage":{"@id":"https:\/\/cch.sk\/cs\/produkt\/cfo-16p\/#primaryimage"},"image":{"@id":"https:\/\/cch.sk\/cs\/produkt\/cfo-16p\/#primaryimage"},"thumbnailUrl":"https:\/\/cch.sk\/wp-content\/uploads\/2023\/11\/cfo-16p-600x800px-72dpi.png","datePublished":"2023-11-07T06:50:56+00:00","dateModified":"2024-11-08T18:47:26+00:00","breadcrumb":{"@id":"https:\/\/cch.sk\/cs\/produkt\/cfo-16p\/#breadcrumb"},"inLanguage":"cs","potentialAction":[{"@type":"ReadAction","target":["https:\/\/cch.sk\/cs\/produkt\/cfo-16p\/"]}]},{"@type":"ImageObject","inLanguage":"cs","@id":"https:\/\/cch.sk\/cs\/produkt\/cfo-16p\/#primaryimage","url":"https:\/\/cch.sk\/wp-content\/uploads\/2023\/11\/cfo-16p-600x800px-72dpi.png","contentUrl":"https:\/\/cch.sk\/wp-content\/uploads\/2023\/11\/cfo-16p-600x800px-72dpi.png","width":540,"height":720},{"@type":"BreadcrumbList","@id":"https:\/\/cch.sk\/cs\/produkt\/cfo-16p\/#breadcrumb","itemListElement":[{"@type":"ListItem","position":1,"name":"Home","item":"https:\/\/cch.sk\/cs\/home\/"},{"@type":"ListItem","position":2,"name":"Obchod","item":"https:\/\/cch.sk\/cs\/shop\/"},{"@type":"ListItem","position":3,"name":"CFO-16P"}]},{"@type":"WebSite","@id":"https:\/\/cch.sk\/cs\/#website","url":"https:\/\/cch.sk\/cs\/","name":"CCH Vzduchotechnika","description":"","potentialAction":[{"@type":"SearchAction","target":{"@type":"EntryPoint","urlTemplate":"https:\/\/cch.sk\/cs\/?s={search_term_string}"},"query-input":{"@type":"PropertyValueSpecification","valueRequired":true,"valueName":"search_term_string"}}],"inLanguage":"cs"}]}},"_links":{"self":[{"href":"https:\/\/cch.sk\/cs\/wp-json\/wp\/v2\/product\/14212"}],"collection":[{"href":"https:\/\/cch.sk\/cs\/wp-json\/wp\/v2\/product"}],"about":[{"href":"https:\/\/cch.sk\/cs\/wp-json\/wp\/v2\/types\/product"}],"version-history":[{"count":1,"href":"https:\/\/cch.sk\/cs\/wp-json\/wp\/v2\/product\/14212\/revisions"}],"predecessor-version":[{"id":14215,"href":"https:\/\/cch.sk\/cs\/wp-json\/wp\/v2\/product\/14212\/revisions\/14215"}],"wp:featuredmedia":[{"embeddable":true,"href":"https:\/\/cch.sk\/cs\/wp-json\/wp\/v2\/media\/13045"}],"wp:attachment":[{"href":"https:\/\/cch.sk\/cs\/wp-json\/wp\/v2\/media?parent=14212"}],"wp:term":[{"taxonomy":"product_cat","embeddable":true,"href":"https:\/\/cch.sk\/cs\/wp-json\/wp\/v2\/product_cat?post=14212"},{"taxonomy":"product_tag","embeddable":true,"href":"https:\/\/cch.sk\/cs\/wp-json\/wp\/v2\/product_tag?post=14212"}],"curies":[{"name":"wp","href":"https:\/\/api.w.org\/{rel}","templated":true}]}}