{"id":14259,"date":"2023-11-07T08:14:28","date_gmt":"2023-11-07T07:14:28","guid":{"rendered":"https:\/\/cch.sk\/produkt\/sih-soh-13bit\/"},"modified":"2024-11-08T19:48:47","modified_gmt":"2024-11-08T18:48:47","slug":"sih-soh-13bit","status":"publish","type":"product","link":"https:\/\/cch.sk\/cs\/produkt\/sih-soh-13bit\/","title":{"rendered":"SIH + SOH-13BIT"},"content":{"rendered":"","protected":false},"excerpt":{"rendered":"<ul>\n<li>Energetick\u00e1 t\u0159\u00edda A++ \/ A+<\/li>\n<li>Chladic\u00ed v\u00fdkon 3,5 kW<\/li>\n<li>Topn\u00fd v\u00fdkon 3,8 kW<\/li>\n<li>Odvod kondenz\u00e1tu na obou stran\u00e1ch<\/li>\n<li>Skryt\u00fd displej<\/li>\n<li>7 rychlost\u00ed ventil\u00e1toru<\/li>\n<li>Pohyb lopatek ve vodorovn\u00e9m a svisl\u00e9m sm\u011bru<\/li>\n<li>Funkce &#8220;I FEEL&#8221;<\/li>\n<li>Funkce &#8220;TEMPERACE 8 \u00b0C&#8221;<\/li>\n<li>Standardn\u011b katechinov\u00fd filtr SAF-OPWC4 a iontov\u00fd filtr st\u0159\u00edbra SAF-OPWS4<\/li>\n<li>Gener\u00e1tor studen\u00e9 plazmy<\/li>\n<li>Modul WiFi<\/li>\n<li>Kontakt zapnut\u00ed\/vypnut\u00ed dve\u0159\u00ed<\/li>\n<li>Oh\u0159ev podvozku venkovn\u00ed jednotky<\/li>\n<li>D\u00e1lkov\u00e9 ovl\u00e1d\u00e1n\u00ed YAC1FB9 (WiFi)<\/li>\n<li>K dispozici v r\u016fzn\u00fdch barevn\u00fdch variant\u00e1ch &#8211; \u010dern\u00e1 <strong>(SIH-XXBITB<\/strong>), st\u0159\u00edbrn\u00e1 <strong>(SIH-XXBITS)<\/strong>, \u0161ampa\u0148sk\u00e9 <strong>(SIH-XXBITC<\/strong>), b\u00edl\u00e1 <strong>(SIH-XXBITW<\/strong>).<\/li>\n<\/ul>\n","protected":false},"featured_media":13123,"template":"","meta":{"_monsterinsights_skip_tracking":false,"_monsterinsights_sitenote_active":false,"_monsterinsights_sitenote_note":"","_monsterinsights_sitenote_category":0},"product_cat":[605,626,648],"product_tag":[],"class_list":{"0":"post-14259","1":"product","2":"type-product","3":"status-publish","4":"has-post-thumbnail","6":"product_cat-klimatizacie-cs","7":"product_cat-sinclair-cs","8":"product_cat-terrel-cs","9":"tm-has-options","11":"first","12":"instock","13":"taxable","14":"shipping-taxable","15":"purchasable","16":"product-type-simple"},"yoast_head":"<!-- This site is optimized with the Yoast SEO plugin v25.6 - https:\/\/yoast.com\/wordpress\/plugins\/seo\/ -->\n<title>SIH + SOH-13BIT - CCH Vzduchotechnika<\/title>\n<meta name=\"robots\" content=\"index, follow, max-snippet:-1, max-image-preview:large, max-video-preview:-1\" \/>\n<link rel=\"canonical\" href=\"https:\/\/cch.sk\/cs\/produkt\/sih-soh-13bit\/\" \/>\n<meta property=\"og:locale\" content=\"cs_CZ\" \/>\n<meta property=\"og:type\" content=\"article\" \/>\n<meta property=\"og:title\" content=\"SIH + SOH-13BIT - CCH Vzduchotechnika\" \/>\n<meta property=\"og:description\" content=\"Energetick\u00e1 t\u0159\u00edda A++ \/ A+  Chladic\u00ed v\u00fdkon 3,5 kW  Topn\u00fd v\u00fdkon 3,8 kW  Odvod kondenz\u00e1tu na obou stran\u00e1ch  Skryt\u00fd displej  7 rychlost\u00ed ventil\u00e1toru  Pohyb lopatek ve vodorovn\u00e9m a svisl\u00e9m sm\u011bru  Funkce &quot;I FEEL&quot;  Funkce &quot;TEMPERACE 8 \u00b0C&quot;  Standardn\u011b katechinov\u00fd filtr SAF-OPWC4 a iontov\u00fd filtr st\u0159\u00edbra SAF-OPWS4  Gener\u00e1tor studen\u00e9 plazmy  Modul WiFi  Kontakt zapnut\u00ed\/vypnut\u00ed dve\u0159\u00ed  Oh\u0159ev podvozku venkovn\u00ed jednotky  D\u00e1lkov\u00e9 ovl\u00e1d\u00e1n\u00ed YAC1FB9 (WiFi)  K dispozici v r\u016fzn\u00fdch barevn\u00fdch variant\u00e1ch - \u010dern\u00e1 (SIH-XXBITB), st\u0159\u00edbrn\u00e1 (SIH-XXBITS), \u0161ampa\u0148sk\u00e9 (SIH-XXBITC), b\u00edl\u00e1 (SIH-XXBITW).\" \/>\n<meta property=\"og:url\" content=\"https:\/\/cch.sk\/cs\/produkt\/sih-soh-13bit\/\" \/>\n<meta property=\"og:site_name\" content=\"CCH Vzduchotechnika\" \/>\n<meta property=\"article:modified_time\" content=\"2024-11-08T18:48:47+00:00\" \/>\n<meta property=\"og:image\" content=\"https:\/\/cch.sk\/wp-content\/uploads\/2023\/11\/terrel-sih-xxbit-white-side-800x600px-72dpi.png\" \/>\n\t<meta property=\"og:image:width\" content=\"720\" \/>\n\t<meta property=\"og:image:height\" content=\"540\" \/>\n\t<meta property=\"og:image:type\" content=\"image\/png\" \/>\n<meta name=\"twitter:card\" content=\"summary_large_image\" \/>\n<script type=\"application\/ld+json\" class=\"yoast-schema-graph\">{\"@context\":\"https:\/\/schema.org\",\"@graph\":[{\"@type\":\"WebPage\",\"@id\":\"https:\/\/cch.sk\/cs\/produkt\/sih-soh-13bit\/\",\"url\":\"https:\/\/cch.sk\/cs\/produkt\/sih-soh-13bit\/\",\"name\":\"SIH + SOH-13BIT - CCH Vzduchotechnika\",\"isPartOf\":{\"@id\":\"https:\/\/cch.sk\/cs\/#website\"},\"primaryImageOfPage\":{\"@id\":\"https:\/\/cch.sk\/cs\/produkt\/sih-soh-13bit\/#primaryimage\"},\"image\":{\"@id\":\"https:\/\/cch.sk\/cs\/produkt\/sih-soh-13bit\/#primaryimage\"},\"thumbnailUrl\":\"https:\/\/cch.sk\/wp-content\/uploads\/2023\/11\/terrel-sih-xxbit-white-side-800x600px-72dpi.png\",\"datePublished\":\"2023-11-07T07:14:28+00:00\",\"dateModified\":\"2024-11-08T18:48:47+00:00\",\"breadcrumb\":{\"@id\":\"https:\/\/cch.sk\/cs\/produkt\/sih-soh-13bit\/#breadcrumb\"},\"inLanguage\":\"cs\",\"potentialAction\":[{\"@type\":\"ReadAction\",\"target\":[\"https:\/\/cch.sk\/cs\/produkt\/sih-soh-13bit\/\"]}]},{\"@type\":\"ImageObject\",\"inLanguage\":\"cs\",\"@id\":\"https:\/\/cch.sk\/cs\/produkt\/sih-soh-13bit\/#primaryimage\",\"url\":\"https:\/\/cch.sk\/wp-content\/uploads\/2023\/11\/terrel-sih-xxbit-white-side-800x600px-72dpi.png\",\"contentUrl\":\"https:\/\/cch.sk\/wp-content\/uploads\/2023\/11\/terrel-sih-xxbit-white-side-800x600px-72dpi.png\",\"width\":720,\"height\":540},{\"@type\":\"BreadcrumbList\",\"@id\":\"https:\/\/cch.sk\/cs\/produkt\/sih-soh-13bit\/#breadcrumb\",\"itemListElement\":[{\"@type\":\"ListItem\",\"position\":1,\"name\":\"Home\",\"item\":\"https:\/\/cch.sk\/cs\/home\/\"},{\"@type\":\"ListItem\",\"position\":2,\"name\":\"Obchod\",\"item\":\"https:\/\/cch.sk\/cs\/shop\/\"},{\"@type\":\"ListItem\",\"position\":3,\"name\":\"SIH + SOH-13BIT\"}]},{\"@type\":\"WebSite\",\"@id\":\"https:\/\/cch.sk\/cs\/#website\",\"url\":\"https:\/\/cch.sk\/cs\/\",\"name\":\"CCH Vzduchotechnika\",\"description\":\"\",\"potentialAction\":[{\"@type\":\"SearchAction\",\"target\":{\"@type\":\"EntryPoint\",\"urlTemplate\":\"https:\/\/cch.sk\/cs\/?s={search_term_string}\"},\"query-input\":{\"@type\":\"PropertyValueSpecification\",\"valueRequired\":true,\"valueName\":\"search_term_string\"}}],\"inLanguage\":\"cs\"}]}<\/script>\n<!-- \/ Yoast SEO plugin. -->","yoast_head_json":{"title":"SIH + SOH-13BIT - CCH Vzduchotechnika","robots":{"index":"index","follow":"follow","max-snippet":"max-snippet:-1","max-image-preview":"max-image-preview:large","max-video-preview":"max-video-preview:-1"},"canonical":"https:\/\/cch.sk\/cs\/produkt\/sih-soh-13bit\/","og_locale":"cs_CZ","og_type":"article","og_title":"SIH + SOH-13BIT - CCH Vzduchotechnika","og_description":"Energetick\u00e1 t\u0159\u00edda A++ \/ A+  Chladic\u00ed v\u00fdkon 3,5 kW  Topn\u00fd v\u00fdkon 3,8 kW  Odvod kondenz\u00e1tu na obou stran\u00e1ch  Skryt\u00fd displej  7 rychlost\u00ed ventil\u00e1toru  Pohyb lopatek ve vodorovn\u00e9m a svisl\u00e9m sm\u011bru  Funkce \"I FEEL\"  Funkce \"TEMPERACE 8 \u00b0C\"  Standardn\u011b katechinov\u00fd filtr SAF-OPWC4 a iontov\u00fd filtr st\u0159\u00edbra SAF-OPWS4  Gener\u00e1tor studen\u00e9 plazmy  Modul WiFi  Kontakt zapnut\u00ed\/vypnut\u00ed dve\u0159\u00ed  Oh\u0159ev podvozku venkovn\u00ed jednotky  D\u00e1lkov\u00e9 ovl\u00e1d\u00e1n\u00ed YAC1FB9 (WiFi)  K dispozici v r\u016fzn\u00fdch barevn\u00fdch variant\u00e1ch - \u010dern\u00e1 (SIH-XXBITB), st\u0159\u00edbrn\u00e1 (SIH-XXBITS), \u0161ampa\u0148sk\u00e9 (SIH-XXBITC), b\u00edl\u00e1 (SIH-XXBITW).","og_url":"https:\/\/cch.sk\/cs\/produkt\/sih-soh-13bit\/","og_site_name":"CCH Vzduchotechnika","article_modified_time":"2024-11-08T18:48:47+00:00","og_image":[{"width":720,"height":540,"url":"https:\/\/cch.sk\/wp-content\/uploads\/2023\/11\/terrel-sih-xxbit-white-side-800x600px-72dpi.png","type":"image\/png"}],"twitter_card":"summary_large_image","schema":{"@context":"https:\/\/schema.org","@graph":[{"@type":"WebPage","@id":"https:\/\/cch.sk\/cs\/produkt\/sih-soh-13bit\/","url":"https:\/\/cch.sk\/cs\/produkt\/sih-soh-13bit\/","name":"SIH + SOH-13BIT - CCH Vzduchotechnika","isPartOf":{"@id":"https:\/\/cch.sk\/cs\/#website"},"primaryImageOfPage":{"@id":"https:\/\/cch.sk\/cs\/produkt\/sih-soh-13bit\/#primaryimage"},"image":{"@id":"https:\/\/cch.sk\/cs\/produkt\/sih-soh-13bit\/#primaryimage"},"thumbnailUrl":"https:\/\/cch.sk\/wp-content\/uploads\/2023\/11\/terrel-sih-xxbit-white-side-800x600px-72dpi.png","datePublished":"2023-11-07T07:14:28+00:00","dateModified":"2024-11-08T18:48:47+00:00","breadcrumb":{"@id":"https:\/\/cch.sk\/cs\/produkt\/sih-soh-13bit\/#breadcrumb"},"inLanguage":"cs","potentialAction":[{"@type":"ReadAction","target":["https:\/\/cch.sk\/cs\/produkt\/sih-soh-13bit\/"]}]},{"@type":"ImageObject","inLanguage":"cs","@id":"https:\/\/cch.sk\/cs\/produkt\/sih-soh-13bit\/#primaryimage","url":"https:\/\/cch.sk\/wp-content\/uploads\/2023\/11\/terrel-sih-xxbit-white-side-800x600px-72dpi.png","contentUrl":"https:\/\/cch.sk\/wp-content\/uploads\/2023\/11\/terrel-sih-xxbit-white-side-800x600px-72dpi.png","width":720,"height":540},{"@type":"BreadcrumbList","@id":"https:\/\/cch.sk\/cs\/produkt\/sih-soh-13bit\/#breadcrumb","itemListElement":[{"@type":"ListItem","position":1,"name":"Home","item":"https:\/\/cch.sk\/cs\/home\/"},{"@type":"ListItem","position":2,"name":"Obchod","item":"https:\/\/cch.sk\/cs\/shop\/"},{"@type":"ListItem","position":3,"name":"SIH + SOH-13BIT"}]},{"@type":"WebSite","@id":"https:\/\/cch.sk\/cs\/#website","url":"https:\/\/cch.sk\/cs\/","name":"CCH Vzduchotechnika","description":"","potentialAction":[{"@type":"SearchAction","target":{"@type":"EntryPoint","urlTemplate":"https:\/\/cch.sk\/cs\/?s={search_term_string}"},"query-input":{"@type":"PropertyValueSpecification","valueRequired":true,"valueName":"search_term_string"}}],"inLanguage":"cs"}]}},"_links":{"self":[{"href":"https:\/\/cch.sk\/cs\/wp-json\/wp\/v2\/product\/14259"}],"collection":[{"href":"https:\/\/cch.sk\/cs\/wp-json\/wp\/v2\/product"}],"about":[{"href":"https:\/\/cch.sk\/cs\/wp-json\/wp\/v2\/types\/product"}],"version-history":[{"count":1,"href":"https:\/\/cch.sk\/cs\/wp-json\/wp\/v2\/product\/14259\/revisions"}],"predecessor-version":[{"id":14261,"href":"https:\/\/cch.sk\/cs\/wp-json\/wp\/v2\/product\/14259\/revisions\/14261"}],"wp:featuredmedia":[{"embeddable":true,"href":"https:\/\/cch.sk\/cs\/wp-json\/wp\/v2\/media\/13123"}],"wp:attachment":[{"href":"https:\/\/cch.sk\/cs\/wp-json\/wp\/v2\/media?parent=14259"}],"wp:term":[{"taxonomy":"product_cat","embeddable":true,"href":"https:\/\/cch.sk\/cs\/wp-json\/wp\/v2\/product_cat?post=14259"},{"taxonomy":"product_tag","embeddable":true,"href":"https:\/\/cch.sk\/cs\/wp-json\/wp\/v2\/product_tag?post=14259"}],"curies":[{"name":"wp","href":"https:\/\/api.w.org\/{rel}","templated":true}]}}