{"id":14305,"date":"2023-11-07T08:32:12","date_gmt":"2023-11-07T07:32:12","guid":{"rendered":"https:\/\/cch.sk\/produkt\/msz-ln35vg2r-muz-ln35vghz\/"},"modified":"2024-11-08T19:49:58","modified_gmt":"2024-11-08T18:49:58","slug":"msz-ln35vg2r-muz-ln35vghz","status":"publish","type":"product","link":"https:\/\/cch.sk\/cs\/produkt\/msz-ln35vg2r-muz-ln35vghz\/","title":{"rendered":"MSZ-LN35VG2R\/MUZ-LN35VGHZ"},"content":{"rendered":"<h3>Vysoce \u00fa\u010dinn\u00fd filtr &#8211; Plasma Quad Plus<\/h3>\n<p>Dvojit\u00e1 bari\u00e9ra pl\u00e1\u0161t\u011b v\u00fdm\u011bn\u00edku tepla zabra\u0148uje pronik\u00e1n\u00ed prachu a cigaretov\u00e9ho kou\u0159e a je tak\u00e9 prevenc\u00ed proti prachu, pl\u00edsn\u00edm a z\u00e1pachu.<\/p>\n<p><img fetchpriority=\"high\" decoding=\"async\" src=\"http:\/\/www.klimatizuj.sk\/img\/cms\/coating_.jpg\" alt=\"\" width=\"549\" height=\"388\"><\/p>\n<p>Plazmov\u00fd filtr Plasma Quad vytv\u00e1\u0159\u00ed elektrickou bari\u00e9ru, kter\u00e1 \u010dist\u00ed vzduch. Odstra\u0148uje bakterie, viry, alergeny, zabra\u0148uje vzniku prachu a pl\u00edsn\u00ed. <\/p>\n<p><strong><img decoding=\"async\" src=\"http:\/\/www.klimatizuj.sk\/img\/cms\/filter_.jpg\" alt=\"\" width=\"567\" height=\"406\"><\/strong><\/p>\n<h3><strong>Sm\u011b\u0159uje vzduch tam, kam pot\u0159ebuje<\/strong><\/h3>\n<p>Jednotka m\u00e1 zabudovan\u00fd 3D senzor a dvoucestnou v\u00fdfukovou lamelu.<\/p>\n<h3>3D lidsk\u00fd senzor<\/h3>\n<p>Lidsk\u00fd senzor je vysoce p\u0159esn\u00fd senzor, kter\u00fd dok\u00e1\u017ee detekovat p\u0159\u00edtomnost \u010dlov\u011bka na z\u00e1klad\u011b teplotn\u00edch rozd\u00edl\u016f v m\u00edstnosti. To m\u016f\u017ee upravit v\u00fdkon jednotky a p\u0159izp\u016fsobit jej\u00ed \u010dinnost na z\u00e1klad\u011b nastaven\u00ed u\u017eivatele, \u010d\u00edm\u017e se jednotka stane je\u0161t\u011b energeticky \u00fa\u010dinn\u011bj\u0161\u00ed. <\/p>\n<p><img decoding=\"async\" src=\"http:\/\/www.klimatizuj.sk\/img\/cms\/Untitled-3.jpg\" alt=\"\" width=\"712\" height=\"562\"><\/p>\n<h3>Optim\u00e1ln\u00ed distribuce vzduchu<\/h3>\n<p>Dvojit\u00e1 \u017ealuzie slou\u017e\u00ed k optim\u00e1ln\u00edmu rozvodu vzduchu. Jednotka m\u016f\u017ee vytv\u00e1\u0159et dva nez\u00e1visl\u00e9 proudy vzduchu. D\u00edky 3D teplotn\u00edmu \u010didlu dok\u00e1\u017ee jednotka upravit proud\u011bn\u00ed tak, aby vzduch nefoukal lidi pry\u010d, nebo je naopak vyhled\u00e1val.  <\/p>\n<p><img decoding=\"async\" src=\"http:\/\/www.designovaklima.sk\/wp-content\/uploads\/2017\/02\/news3849_Mitsubishi_Electric_MSZ-LN.jpg\" alt=\"news3849_Mitsubishi_Electric_MSZ-LN.jpg\"><\/p>\n<p><strong>V p\u0159\u00edpad\u011b vyt\u00e1p\u011bn\u00ed sm\u011b\u0159uje tepl\u00fd vzduch do obytn\u00e9ho prostoru.<\/strong><\/p>\n<p><img loading=\"lazy\" decoding=\"async\" src=\"http:\/\/www.designovaklima.sk\/wp-content\/uploads\/2017\/02\/heat-1.jpg\" alt=\"heat-1.jpg\" width=\"1287\" height=\"831\"><\/p>\n<p><strong>V p\u0159\u00edpad\u011b chlazen\u00ed je studen\u00fd vzduch veden mimo pobytovou z\u00f3nu.<\/strong><\/p>\n<p><strong><img decoding=\"async\" src=\"http:\/\/www.designovaklima.sk\/wp-content\/uploads\/2017\/02\/cool-1.jpg\" alt=\"cool-1.jpg\"><\/strong><\/p>\n<h3>Ovl\u00e1d\u00e1n\u00ed p\u0159es telefon, tablet nebo po\u010d\u00edta\u010d<\/h3>\n<p>P\u0159\u00edstroj m\u00e1 vestav\u011bn\u00fd modul Wi-Fi, p\u0159es kter\u00fd m\u016f\u017eete ovl\u00e1dat v\u0161echny funkce pomoc\u00ed telefonu, tabletu nebo po\u010d\u00edta\u010de.<\/p>\n<p><img decoding=\"async\" src=\"http:\/\/www.designovaklima.sk\/wp-content\/uploads\/2017\/02\/aplicacion-mel-cloud.jpg\" alt=\"aplicacion-mel-cloud.jpg\"><\/p>\n<p><strong>Ovlada\u010d v jednotkov\u00e9 barv\u011b<\/strong><\/p>\n<p>Barevn\u00fd designov\u00fd regul\u00e1tor se snadn\u00fdm ovl\u00e1d\u00e1n\u00edm a t\u00fddenn\u00edm \u010dasova\u010dem pro v\u011bt\u0161\u00ed pohodl\u00ed.<\/p>\n<p><img decoding=\"async\" src=\"http:\/\/www.designovaklima.sk\/wp-content\/uploads\/2017\/02\/ovl.jpg\" alt=\"ovl.jpg\"><\/p>\n<h3>Vysoce \u00fa\u010dinn\u00fd kompresor<\/h3>\n<p>Kompresor je srdcem ka\u017ed\u00e9 klimatizace. Patentovan\u00fd motor Poki-Poki se speci\u00e1ln\u00edm vinut\u00edm v\u00fdrazn\u011b sni\u017euje spot\u0159ebu za\u0159\u00edzen\u00ed a zvy\u0161uje jeho \u017eivotnost. <\/p>\n<p><img decoding=\"async\" src=\"http:\/\/www.designovaklima.sk\/wp-content\/uploads\/2017\/02\/poki_poki1.png\" alt=\"poki_poki1.png\"><\/p>\n<h3>Energetick\u00e1 \u00fa\u010dinnost A+++<\/h3>\n<p>Spot\u0159ebi\u010d dosahuje nejvy\u0161\u0161\u00edch energetick\u00fdch t\u0159\u00edd pro vyt\u00e1p\u011bn\u00ed i chlazen\u00ed.<\/p>\n<p><img loading=\"lazy\" decoding=\"async\" src=\"http:\/\/www.designovaklima.sk\/wp-content\/uploads\/2017\/02\/seer.jpg\" alt=\"seer.jpg\" width=\"328\" height=\"246\"><\/p>\n","protected":false},"excerpt":{"rendered":"<ul>\n<li>Energetick\u00e1 t\u0159\u00edda A+++\/A+++, vyt\u00e1p\u011bn\u00ed\/chlazen\u00ed 4,0\/3,5 kW<\/li>\n<li>890x233x307\/800x285x550<\/li>\n<\/ul>\n","protected":false},"featured_media":13240,"template":"","meta":{"_monsterinsights_skip_tracking":false,"_monsterinsights_sitenote_active":false,"_monsterinsights_sitenote_note":"","_monsterinsights_sitenote_category":0},"product_cat":[605,620,624],"product_tag":[],"class_list":{"0":"post-14305","1":"product","2":"type-product","3":"status-publish","4":"has-post-thumbnail","6":"product_cat-klimatizacie-cs","7":"product_cat-mitsubishi-klimatizacie-cs","8":"product_cat-msz-ln-cs","9":"tm-has-options","11":"first","12":"instock","13":"taxable","14":"shipping-taxable","15":"purchasable","16":"product-type-simple"},"yoast_head":"<!-- This site is optimized with the Yoast SEO plugin v25.6 - https:\/\/yoast.com\/wordpress\/plugins\/seo\/ -->\n<title>MSZ-LN35VG2R\/MUZ-LN35VGHZ - CCH Vzduchotechnika<\/title>\n<meta name=\"robots\" content=\"index, follow, max-snippet:-1, max-image-preview:large, max-video-preview:-1\" \/>\n<link rel=\"canonical\" href=\"https:\/\/cch.sk\/cs\/produkt\/msz-ln35vg2r-muz-ln35vghz\/\" \/>\n<meta property=\"og:locale\" content=\"cs_CZ\" \/>\n<meta property=\"og:type\" content=\"article\" \/>\n<meta property=\"og:title\" content=\"MSZ-LN35VG2R\/MUZ-LN35VGHZ - CCH Vzduchotechnika\" \/>\n<meta property=\"og:description\" content=\"Energetick\u00e1 t\u0159\u00edda A+++\/A+++, vyt\u00e1p\u011bn\u00ed\/chlazen\u00ed 4,0\/3,5 kW  890x233x307\/800x285x550\" \/>\n<meta property=\"og:url\" content=\"https:\/\/cch.sk\/cs\/produkt\/msz-ln35vg2r-muz-ln35vghz\/\" \/>\n<meta property=\"og:site_name\" content=\"CCH Vzduchotechnika\" \/>\n<meta property=\"article:modified_time\" content=\"2024-11-08T18:49:58+00:00\" \/>\n<meta property=\"og:image\" content=\"https:\/\/cch.sk\/wp-content\/uploads\/2023\/11\/klimatizacia-mitsubishi-msz-ln.jpg\" \/>\n\t<meta property=\"og:image:width\" content=\"800\" \/>\n\t<meta property=\"og:image:height\" content=\"600\" \/>\n\t<meta property=\"og:image:type\" content=\"image\/jpeg\" \/>\n<meta name=\"twitter:card\" content=\"summary_large_image\" \/>\n<meta name=\"twitter:label1\" content=\"Odhadovan\u00e1 doba \u010dten\u00ed\" \/>\n\t<meta name=\"twitter:data1\" content=\"2 minuty\" \/>\n<script type=\"application\/ld+json\" class=\"yoast-schema-graph\">{\"@context\":\"https:\/\/schema.org\",\"@graph\":[{\"@type\":\"WebPage\",\"@id\":\"https:\/\/cch.sk\/cs\/produkt\/msz-ln35vg2r-muz-ln35vghz\/\",\"url\":\"https:\/\/cch.sk\/cs\/produkt\/msz-ln35vg2r-muz-ln35vghz\/\",\"name\":\"MSZ-LN35VG2R\/MUZ-LN35VGHZ - CCH Vzduchotechnika\",\"isPartOf\":{\"@id\":\"https:\/\/cch.sk\/cs\/#website\"},\"primaryImageOfPage\":{\"@id\":\"https:\/\/cch.sk\/cs\/produkt\/msz-ln35vg2r-muz-ln35vghz\/#primaryimage\"},\"image\":{\"@id\":\"https:\/\/cch.sk\/cs\/produkt\/msz-ln35vg2r-muz-ln35vghz\/#primaryimage\"},\"thumbnailUrl\":\"https:\/\/cch.sk\/wp-content\/uploads\/2023\/11\/klimatizacia-mitsubishi-msz-ln.jpg\",\"datePublished\":\"2023-11-07T07:32:12+00:00\",\"dateModified\":\"2024-11-08T18:49:58+00:00\",\"breadcrumb\":{\"@id\":\"https:\/\/cch.sk\/cs\/produkt\/msz-ln35vg2r-muz-ln35vghz\/#breadcrumb\"},\"inLanguage\":\"cs\",\"potentialAction\":[{\"@type\":\"ReadAction\",\"target\":[\"https:\/\/cch.sk\/cs\/produkt\/msz-ln35vg2r-muz-ln35vghz\/\"]}]},{\"@type\":\"ImageObject\",\"inLanguage\":\"cs\",\"@id\":\"https:\/\/cch.sk\/cs\/produkt\/msz-ln35vg2r-muz-ln35vghz\/#primaryimage\",\"url\":\"https:\/\/cch.sk\/wp-content\/uploads\/2023\/11\/klimatizacia-mitsubishi-msz-ln.jpg\",\"contentUrl\":\"https:\/\/cch.sk\/wp-content\/uploads\/2023\/11\/klimatizacia-mitsubishi-msz-ln.jpg\",\"width\":800,\"height\":600},{\"@type\":\"BreadcrumbList\",\"@id\":\"https:\/\/cch.sk\/cs\/produkt\/msz-ln35vg2r-muz-ln35vghz\/#breadcrumb\",\"itemListElement\":[{\"@type\":\"ListItem\",\"position\":1,\"name\":\"Home\",\"item\":\"https:\/\/cch.sk\/cs\/home\/\"},{\"@type\":\"ListItem\",\"position\":2,\"name\":\"Obchod\",\"item\":\"https:\/\/cch.sk\/cs\/shop\/\"},{\"@type\":\"ListItem\",\"position\":3,\"name\":\"MSZ-LN35VG2R\/MUZ-LN35VGHZ\"}]},{\"@type\":\"WebSite\",\"@id\":\"https:\/\/cch.sk\/cs\/#website\",\"url\":\"https:\/\/cch.sk\/cs\/\",\"name\":\"CCH Vzduchotechnika\",\"description\":\"\",\"potentialAction\":[{\"@type\":\"SearchAction\",\"target\":{\"@type\":\"EntryPoint\",\"urlTemplate\":\"https:\/\/cch.sk\/cs\/?s={search_term_string}\"},\"query-input\":{\"@type\":\"PropertyValueSpecification\",\"valueRequired\":true,\"valueName\":\"search_term_string\"}}],\"inLanguage\":\"cs\"}]}<\/script>\n<!-- \/ Yoast SEO plugin. -->","yoast_head_json":{"title":"MSZ-LN35VG2R\/MUZ-LN35VGHZ - CCH Vzduchotechnika","robots":{"index":"index","follow":"follow","max-snippet":"max-snippet:-1","max-image-preview":"max-image-preview:large","max-video-preview":"max-video-preview:-1"},"canonical":"https:\/\/cch.sk\/cs\/produkt\/msz-ln35vg2r-muz-ln35vghz\/","og_locale":"cs_CZ","og_type":"article","og_title":"MSZ-LN35VG2R\/MUZ-LN35VGHZ - CCH Vzduchotechnika","og_description":"Energetick\u00e1 t\u0159\u00edda A+++\/A+++, vyt\u00e1p\u011bn\u00ed\/chlazen\u00ed 4,0\/3,5 kW  890x233x307\/800x285x550","og_url":"https:\/\/cch.sk\/cs\/produkt\/msz-ln35vg2r-muz-ln35vghz\/","og_site_name":"CCH Vzduchotechnika","article_modified_time":"2024-11-08T18:49:58+00:00","og_image":[{"width":800,"height":600,"url":"https:\/\/cch.sk\/wp-content\/uploads\/2023\/11\/klimatizacia-mitsubishi-msz-ln.jpg","type":"image\/jpeg"}],"twitter_card":"summary_large_image","twitter_misc":{"Odhadovan\u00e1 doba \u010dten\u00ed":"2 minuty"},"schema":{"@context":"https:\/\/schema.org","@graph":[{"@type":"WebPage","@id":"https:\/\/cch.sk\/cs\/produkt\/msz-ln35vg2r-muz-ln35vghz\/","url":"https:\/\/cch.sk\/cs\/produkt\/msz-ln35vg2r-muz-ln35vghz\/","name":"MSZ-LN35VG2R\/MUZ-LN35VGHZ - CCH Vzduchotechnika","isPartOf":{"@id":"https:\/\/cch.sk\/cs\/#website"},"primaryImageOfPage":{"@id":"https:\/\/cch.sk\/cs\/produkt\/msz-ln35vg2r-muz-ln35vghz\/#primaryimage"},"image":{"@id":"https:\/\/cch.sk\/cs\/produkt\/msz-ln35vg2r-muz-ln35vghz\/#primaryimage"},"thumbnailUrl":"https:\/\/cch.sk\/wp-content\/uploads\/2023\/11\/klimatizacia-mitsubishi-msz-ln.jpg","datePublished":"2023-11-07T07:32:12+00:00","dateModified":"2024-11-08T18:49:58+00:00","breadcrumb":{"@id":"https:\/\/cch.sk\/cs\/produkt\/msz-ln35vg2r-muz-ln35vghz\/#breadcrumb"},"inLanguage":"cs","potentialAction":[{"@type":"ReadAction","target":["https:\/\/cch.sk\/cs\/produkt\/msz-ln35vg2r-muz-ln35vghz\/"]}]},{"@type":"ImageObject","inLanguage":"cs","@id":"https:\/\/cch.sk\/cs\/produkt\/msz-ln35vg2r-muz-ln35vghz\/#primaryimage","url":"https:\/\/cch.sk\/wp-content\/uploads\/2023\/11\/klimatizacia-mitsubishi-msz-ln.jpg","contentUrl":"https:\/\/cch.sk\/wp-content\/uploads\/2023\/11\/klimatizacia-mitsubishi-msz-ln.jpg","width":800,"height":600},{"@type":"BreadcrumbList","@id":"https:\/\/cch.sk\/cs\/produkt\/msz-ln35vg2r-muz-ln35vghz\/#breadcrumb","itemListElement":[{"@type":"ListItem","position":1,"name":"Home","item":"https:\/\/cch.sk\/cs\/home\/"},{"@type":"ListItem","position":2,"name":"Obchod","item":"https:\/\/cch.sk\/cs\/shop\/"},{"@type":"ListItem","position":3,"name":"MSZ-LN35VG2R\/MUZ-LN35VGHZ"}]},{"@type":"WebSite","@id":"https:\/\/cch.sk\/cs\/#website","url":"https:\/\/cch.sk\/cs\/","name":"CCH Vzduchotechnika","description":"","potentialAction":[{"@type":"SearchAction","target":{"@type":"EntryPoint","urlTemplate":"https:\/\/cch.sk\/cs\/?s={search_term_string}"},"query-input":{"@type":"PropertyValueSpecification","valueRequired":true,"valueName":"search_term_string"}}],"inLanguage":"cs"}]}},"_links":{"self":[{"href":"https:\/\/cch.sk\/cs\/wp-json\/wp\/v2\/product\/14305"}],"collection":[{"href":"https:\/\/cch.sk\/cs\/wp-json\/wp\/v2\/product"}],"about":[{"href":"https:\/\/cch.sk\/cs\/wp-json\/wp\/v2\/types\/product"}],"version-history":[{"count":1,"href":"https:\/\/cch.sk\/cs\/wp-json\/wp\/v2\/product\/14305\/revisions"}],"predecessor-version":[{"id":14306,"href":"https:\/\/cch.sk\/cs\/wp-json\/wp\/v2\/product\/14305\/revisions\/14306"}],"wp:featuredmedia":[{"embeddable":true,"href":"https:\/\/cch.sk\/cs\/wp-json\/wp\/v2\/media\/13240"}],"wp:attachment":[{"href":"https:\/\/cch.sk\/cs\/wp-json\/wp\/v2\/media?parent=14305"}],"wp:term":[{"taxonomy":"product_cat","embeddable":true,"href":"https:\/\/cch.sk\/cs\/wp-json\/wp\/v2\/product_cat?post=14305"},{"taxonomy":"product_tag","embeddable":true,"href":"https:\/\/cch.sk\/cs\/wp-json\/wp\/v2\/product_tag?post=14305"}],"curies":[{"name":"wp","href":"https:\/\/api.w.org\/{rel}","templated":true}]}}