{"id":13888,"date":"2023-08-07T11:39:10","date_gmt":"2023-08-07T09:39:10","guid":{"rendered":"https:\/\/cch.sk\/ueber-uns\/"},"modified":"2024-11-08T18:12:37","modified_gmt":"2024-11-08T17:12:37","slug":"ueber-uns","status":"publish","type":"page","link":"https:\/\/cch.sk\/de\/ueber-uns\/","title":{"rendered":"\u00dcber uns"},"content":{"rendered":"\t\t<div data-elementor-type=\"wp-page\" data-elementor-id=\"13888\" class=\"elementor elementor-13888 elementor-9281\">\n\t\t\t\t\t\t<section class=\"wd-negative-gap elementor-section elementor-top-section elementor-element elementor-element-9a89fd6 wd-section-stretch elementor-section-boxed elementor-section-height-default elementor-section-height-default\" data-id=\"9a89fd6\" data-element_type=\"section\" data-settings=\"{&quot;background_background&quot;:&quot;classic&quot;}\">\n\t\t\t\t\t\t<div class=\"elementor-container elementor-column-gap-default\">\n\t\t\t\t\t<div class=\"elementor-column elementor-col-100 elementor-top-column elementor-element elementor-element-9fea438\" data-id=\"9fea438\" data-element_type=\"column\">\n\t\t\t<div class=\"elementor-widget-wrap elementor-element-populated\">\n\t\t\t\t\t\t<div class=\"elementor-element elementor-element-b1b9e20 mycolor2 elementor-invisible elementor-widget elementor-widget-heading\" data-id=\"b1b9e20\" data-element_type=\"widget\" data-settings=\"{&quot;_animation&quot;:&quot;fadeInUp&quot;}\" data-widget_type=\"heading.default\">\n\t\t\t\t<div class=\"elementor-widget-container\">\n\t\t\t<span class=\"elementor-heading-title elementor-size-default\">Mehr als 30 Jahre Erfahrung<\/span>\t\t<\/div>\n\t\t\t\t<\/div>\n\t\t\t\t<div class=\"elementor-element elementor-element-5099a8f elementor-invisible elementor-widget elementor-widget-image\" data-id=\"5099a8f\" data-element_type=\"widget\" data-settings=\"{&quot;_animation&quot;:&quot;fadeInUp&quot;}\" data-widget_type=\"image.default\">\n\t\t\t\t<div class=\"elementor-widget-container\">\n\t\t\t\t\t\t\t\t\t\t\t\t\t<img decoding=\"async\" src=\"https:\/\/cch.sk\/wp-content\/uploads\/elementor\/thumbs\/Line-1-copy-5-qwzpn5341whhqoaravu2s1gj7g81k08za9adnk4wi2.png\" title=\"Line 1 copy 5\" alt=\"Line 1 copy 5\" loading=\"lazy\" \/>\t\t\t\t\t\t\t\t\t\t\t\t\t<\/div>\n\t\t\t\t<\/div>\n\t\t\t\t<div class=\"elementor-element elementor-element-2ae8bf9 elementor-invisible elementor-widget elementor-widget-heading\" data-id=\"2ae8bf9\" data-element_type=\"widget\" data-settings=\"{&quot;_animation&quot;:&quot;fadeInUp&quot;}\" data-widget_type=\"heading.default\">\n\t\t\t\t<div class=\"elementor-widget-container\">\n\t\t\t<h1 class=\"elementor-heading-title elementor-size-default\">\u00dcber CCH<\/h1>\t\t<\/div>\n\t\t\t\t<\/div>\n\t\t\t\t\t<\/div>\n\t\t<\/div>\n\t\t\t\t\t<\/div>\n\t\t<\/section>\n\t\t\t\t<section class=\"wd-negative-gap elementor-section elementor-top-section elementor-element elementor-element-81de135 elementor-section-full_width elementor-section-stretched since since2 elementor-section-height-default elementor-section-height-default\" data-id=\"81de135\" data-element_type=\"section\" data-settings=\"{&quot;stretch_section&quot;:&quot;section-stretched&quot;}\">\n\t\t\t\t\t\t<div class=\"elementor-container elementor-column-gap-default\">\n\t\t\t\t\t<div class=\"elementor-column elementor-col-100 elementor-top-column elementor-element elementor-element-744ccbd\" data-id=\"744ccbd\" data-element_type=\"column\">\n\t\t\t<div class=\"elementor-widget-wrap elementor-element-populated\">\n\t\t\t\t\t\t<div class=\"elementor-element elementor-element-48fa546 elementor-widget elementor-widget-html\" data-id=\"48fa546\" data-element_type=\"widget\" data-widget_type=\"html.default\">\n\t\t\t\t<div class=\"elementor-widget-container\">\n\t\t\tSEIT <b>1990<\/b>\t\t<\/div>\n\t\t\t\t<\/div>\n\t\t\t\t\t<\/div>\n\t\t<\/div>\n\t\t\t\t\t<\/div>\n\t\t<\/section>\n\t\t\t\t<section class=\"wd-negative-gap elementor-section elementor-top-section elementor-element elementor-element-fed42d9 helpmy onasbolock elementor-section-boxed elementor-section-height-default elementor-section-height-default\" data-id=\"fed42d9\" data-element_type=\"section\">\n\t\t\t\t\t\t<div class=\"elementor-container elementor-column-gap-default\">\n\t\t\t\t\t<div class=\"elementor-column elementor-col-100 elementor-top-column elementor-element elementor-element-bd51e76\" data-id=\"bd51e76\" data-element_type=\"column\" data-settings=\"{&quot;background_background&quot;:&quot;classic&quot;}\">\n\t\t\t<div class=\"elementor-widget-wrap elementor-element-populated\">\n\t\t\t\t\t\t<div class=\"elementor-element elementor-element-0677fe4 podtlac-onas elementor-widget elementor-widget-image\" data-id=\"0677fe4\" data-element_type=\"widget\" data-widget_type=\"image.default\">\n\t\t\t\t<div class=\"elementor-widget-container\">\n\t\t\t\t\t\t\t\t\t\t\t\t\t<img fetchpriority=\"high\" decoding=\"async\" width=\"837\" height=\"240\" src=\"https:\/\/cch.sk\/wp-content\/uploads\/2023\/08\/logo_cch-2.svg\" class=\"attachment-large size-large wp-image-9414\" alt=\"\" \/>\t\t\t\t\t\t\t\t\t\t\t\t\t<\/div>\n\t\t\t\t<\/div>\n\t\t\t\t<div class=\"elementor-element elementor-element-cb42820 mycolor elementor-invisible elementor-widget elementor-widget-heading\" data-id=\"cb42820\" data-element_type=\"widget\" data-settings=\"{&quot;_animation&quot;:&quot;fadeInUp&quot;}\" data-widget_type=\"heading.default\">\n\t\t\t\t<div class=\"elementor-widget-container\">\n\t\t\t<h2 class=\"elementor-heading-title elementor-size-default\"><br> Vertrauen Sie auf unser Know-how<\/h2>\t\t<\/div>\n\t\t\t\t<\/div>\n\t\t\t\t<div class=\"elementor-element elementor-element-07bf019 elementor-invisible elementor-widget elementor-widget-image\" data-id=\"07bf019\" data-element_type=\"widget\" data-settings=\"{&quot;_animation&quot;:&quot;fadeInUp&quot;}\" data-widget_type=\"image.default\">\n\t\t\t\t<div class=\"elementor-widget-container\">\n\t\t\t\t\t\t\t\t\t\t\t\t\t<img decoding=\"async\" src=\"https:\/\/cch.sk\/wp-content\/uploads\/elementor\/thumbs\/Line-1-copy-5-qwzpn5341whhqoaravu2s1gj7g81k08za9adnk4wi2.png\" title=\"Line 1 copy 5\" alt=\"Line 1 copy 5\" loading=\"lazy\" \/>\t\t\t\t\t\t\t\t\t\t\t\t\t<\/div>\n\t\t\t\t<\/div>\n\t\t\t\t<div class=\"elementor-element elementor-element-1d9d40b color-scheme-inherit text-left elementor-invisible elementor-widget elementor-widget-text-editor\" data-id=\"1d9d40b\" data-element_type=\"widget\" data-settings=\"{&quot;_animation&quot;:&quot;fadeInUp&quot;}\" data-widget_type=\"text-editor.default\">\n\t\t\t\t<div class=\"elementor-widget-container\">\n\t\t\t\t\t\t\t<p>Wir sind seit den neunziger Jahren auf dem slowakischen und tschechischen Markt f\u00fcr Klimaanlagen t\u00e4tig. Seit unseren Anf\u00e4ngen haben wir uns der Qualit\u00e4t und Komplexit\u00e4t unserer Dienstleistungen verschrieben. Wir setzen uns daf\u00fcr ein, dass jeder Kunde von uns die optimale L\u00f6sung f\u00fcr seine Probleme oder Anforderungen erh\u00e4lt und sich um nichts k\u00fcmmern muss. Durch unsere Produkte sparen wir Kosten und verbessern die Lebensqualit\u00e4t unserer Kunden. Wir decken den gesamten Prozess der HLK- und Filtrationsimplementierung f\u00fcr Unternehmen und Einzelkunden ab.    <\/p>\n<p>Wir f\u00fchren kostenlose Inspektionen der R\u00e4umlichkeiten durch, bieten Messungen der Luftreinheit an, schlagen vorteilhafte L\u00f6sungen vor, sorgen f\u00fcr die Lieferung, Installation und den anschlie\u00dfenden Garantie- oder Nachgarantieservice. Wir arbeiten mit renommierten Lieferanten zusammen und verf\u00fcgen \u00fcber ein Implementierungsteam mit langj\u00e4hriger Erfahrung und professionellen Zertifizierungen. <\/p>\n\t\t\t\t\t\t<\/div>\n\t\t\t\t<\/div>\n\t\t\t\t<div class=\"elementor-element elementor-element-fb8ea06 home-podpis onas-podpis elementor-widget elementor-widget-image\" data-id=\"fb8ea06\" data-element_type=\"widget\" data-widget_type=\"image.default\">\n\t\t\t\t<div class=\"elementor-widget-container\">\n\t\t\t\t\t\t\t\t\t\t\t\t\t<img decoding=\"async\" width=\"531\" height=\"240\" src=\"https:\/\/cch.sk\/wp-content\/uploads\/2023\/08\/Team_cch_podpis.svg\" class=\"attachment-full size-full wp-image-9415\" alt=\"\" \/>\t\t\t\t\t\t\t\t\t\t\t\t\t<\/div>\n\t\t\t\t<\/div>\n\t\t\t\t\t<\/div>\n\t\t<\/div>\n\t\t\t\t\t<\/div>\n\t\t<\/section>\n\t\t\t\t<section class=\"wd-negative-gap elementor-section elementor-top-section elementor-element elementor-element-1fbc689 wd-section-stretch nase-sluzby-popis elementor-section-boxed elementor-section-height-default elementor-section-height-default\" data-id=\"1fbc689\" data-element_type=\"section\" data-settings=\"{&quot;background_background&quot;:&quot;classic&quot;}\">\n\t\t\t\t\t\t\t<div class=\"elementor-background-overlay\"><\/div>\n\t\t\t\t\t\t\t<div class=\"elementor-container elementor-column-gap-default\">\n\t\t\t\t\t<div class=\"elementor-column elementor-col-100 elementor-top-column elementor-element elementor-element-70e8aac homepriesvitny\" data-id=\"70e8aac\" data-element_type=\"column\">\n\t\t\t<div class=\"elementor-widget-wrap elementor-element-populated\">\n\t\t\t\t\t\t<div class=\"elementor-element elementor-element-9cae7de color-scheme-inherit text-left elementor-widget elementor-widget-text-editor\" data-id=\"9cae7de\" data-element_type=\"widget\" data-widget_type=\"text-editor.default\">\n\t\t\t\t<div class=\"elementor-widget-container\">\n\t\t\t\t\t\t\t<p>&#8220;M\u00f6chten Sie mehr dar\u00fcber erfahren, wie wir arbeiten? <br class=\"mybreak\">Sehen Sie sich die <span style=\"color: #1e87a3;\">am h\u00e4ufigsten gestellten Fragen unserer Kunden an.<\/span>&#8220;<\/p>\n\t\t\t\t\t\t<\/div>\n\t\t\t\t<\/div>\n\t\t\t\t<div class=\"elementor-element elementor-element-5e1c4d6 color-scheme-inherit text-left elementor-widget elementor-widget-text-editor\" data-id=\"5e1c4d6\" data-element_type=\"widget\" data-widget_type=\"text-editor.default\">\n\t\t\t\t<div class=\"elementor-widget-container\">\n\t\t\t\t\t\t\t<p><a class=\"mybutton\" href=\"https:\/\/cch.sk\/de\/wir-werden-sie-beraten\/\">Wir werden Sie beraten<\/a><\/p>\n\t\t\t\t\t\t<\/div>\n\t\t\t\t<\/div>\n\t\t\t\t\t<\/div>\n\t\t<\/div>\n\t\t\t\t\t<\/div>\n\t\t<\/section>\n\t\t\t\t<\/div>\n\t\t","protected":false},"excerpt":{"rendered":"<p>Mehr als 30 Jahre Erfahrung \u00dcber CCH SEIT 1990 Vertrauen Sie auf unser Know-how Wir sind seit den neunziger Jahren<\/p>\n","protected":false},"author":11,"featured_media":0,"parent":0,"menu_order":0,"comment_status":"closed","ping_status":"closed","template":"","meta":{"_monsterinsights_skip_tracking":false,"_monsterinsights_sitenote_active":false,"_monsterinsights_sitenote_note":"","_monsterinsights_sitenote_category":0,"footnotes":""},"class_list":["post-13888","page","type-page","status-publish","hentry"],"yoast_head":"<!-- This site is optimized with the Yoast SEO plugin v25.6 - https:\/\/yoast.com\/wordpress\/plugins\/seo\/ -->\n<title>\u00dcber uns - CCH Vzduchotechnika<\/title>\n<meta name=\"robots\" content=\"index, follow, max-snippet:-1, max-image-preview:large, max-video-preview:-1\" \/>\n<link rel=\"canonical\" href=\"https:\/\/cch.sk\/de\/ueber-uns\/\" \/>\n<meta property=\"og:locale\" content=\"de_DE\" \/>\n<meta property=\"og:type\" content=\"article\" \/>\n<meta property=\"og:title\" content=\"\u00dcber uns - CCH Vzduchotechnika\" \/>\n<meta property=\"og:description\" content=\"Mehr als 30 Jahre Erfahrung \u00dcber CCH SEIT 1990 Vertrauen Sie auf unser Know-how Wir sind seit den neunziger Jahren\" \/>\n<meta property=\"og:url\" content=\"https:\/\/cch.sk\/de\/ueber-uns\/\" \/>\n<meta property=\"og:site_name\" content=\"CCH Vzduchotechnika\" \/>\n<meta property=\"article:modified_time\" content=\"2024-11-08T17:12:37+00:00\" \/>\n<meta property=\"og:image\" content=\"https:\/\/cch.sk\/wp-content\/uploads\/elementor\/thumbs\/Line-1-copy-5-qwmk11wd9e77aki4ue13y2k00vxtqbkvg5kw5eh096.png\" \/>\n<meta name=\"twitter:card\" content=\"summary_large_image\" \/>\n<meta name=\"twitter:label1\" content=\"Gesch\u00e4tzte Lesezeit\" \/>\n\t<meta name=\"twitter:data1\" content=\"2\u00a0Minuten\" \/>\n<script type=\"application\/ld+json\" class=\"yoast-schema-graph\">{\"@context\":\"https:\/\/schema.org\",\"@graph\":[{\"@type\":\"WebPage\",\"@id\":\"https:\/\/cch.sk\/de\/ueber-uns\/\",\"url\":\"https:\/\/cch.sk\/de\/ueber-uns\/\",\"name\":\"\u00dcber uns - CCH Vzduchotechnika\",\"isPartOf\":{\"@id\":\"https:\/\/cch.sk\/de\/#website\"},\"primaryImageOfPage\":{\"@id\":\"https:\/\/cch.sk\/de\/ueber-uns\/#primaryimage\"},\"image\":{\"@id\":\"https:\/\/cch.sk\/de\/ueber-uns\/#primaryimage\"},\"thumbnailUrl\":\"https:\/\/cch.sk\/wp-content\/uploads\/elementor\/thumbs\/Line-1-copy-5-qwmk11wd9e77aki4ue13y2k00vxtqbkvg5kw5eh096.png\",\"datePublished\":\"2023-08-07T09:39:10+00:00\",\"dateModified\":\"2024-11-08T17:12:37+00:00\",\"breadcrumb\":{\"@id\":\"https:\/\/cch.sk\/de\/ueber-uns\/#breadcrumb\"},\"inLanguage\":\"de\",\"potentialAction\":[{\"@type\":\"ReadAction\",\"target\":[\"https:\/\/cch.sk\/de\/ueber-uns\/\"]}]},{\"@type\":\"ImageObject\",\"inLanguage\":\"de\",\"@id\":\"https:\/\/cch.sk\/de\/ueber-uns\/#primaryimage\",\"url\":\"https:\/\/cch.sk\/wp-content\/uploads\/elementor\/thumbs\/Line-1-copy-5-qwmk11wd9e77aki4ue13y2k00vxtqbkvg5kw5eh096.png\",\"contentUrl\":\"https:\/\/cch.sk\/wp-content\/uploads\/elementor\/thumbs\/Line-1-copy-5-qwmk11wd9e77aki4ue13y2k00vxtqbkvg5kw5eh096.png\"},{\"@type\":\"BreadcrumbList\",\"@id\":\"https:\/\/cch.sk\/de\/ueber-uns\/#breadcrumb\",\"itemListElement\":[{\"@type\":\"ListItem\",\"position\":1,\"name\":\"Home\",\"item\":\"https:\/\/cch.sk\/de\/startseite\/\"},{\"@type\":\"ListItem\",\"position\":2,\"name\":\"\u00dcber uns\"}]},{\"@type\":\"WebSite\",\"@id\":\"https:\/\/cch.sk\/de\/#website\",\"url\":\"https:\/\/cch.sk\/de\/\",\"name\":\"CCH Vzduchotechnika\",\"description\":\"\",\"potentialAction\":[{\"@type\":\"SearchAction\",\"target\":{\"@type\":\"EntryPoint\",\"urlTemplate\":\"https:\/\/cch.sk\/de\/?s={search_term_string}\"},\"query-input\":{\"@type\":\"PropertyValueSpecification\",\"valueRequired\":true,\"valueName\":\"search_term_string\"}}],\"inLanguage\":\"de\"}]}<\/script>\n<!-- \/ Yoast SEO plugin. -->","yoast_head_json":{"title":"\u00dcber uns - CCH Vzduchotechnika","robots":{"index":"index","follow":"follow","max-snippet":"max-snippet:-1","max-image-preview":"max-image-preview:large","max-video-preview":"max-video-preview:-1"},"canonical":"https:\/\/cch.sk\/de\/ueber-uns\/","og_locale":"de_DE","og_type":"article","og_title":"\u00dcber uns - CCH Vzduchotechnika","og_description":"Mehr als 30 Jahre Erfahrung \u00dcber CCH SEIT 1990 Vertrauen Sie auf unser Know-how Wir sind seit den neunziger Jahren","og_url":"https:\/\/cch.sk\/de\/ueber-uns\/","og_site_name":"CCH Vzduchotechnika","article_modified_time":"2024-11-08T17:12:37+00:00","og_image":[{"url":"https:\/\/cch.sk\/wp-content\/uploads\/elementor\/thumbs\/Line-1-copy-5-qwmk11wd9e77aki4ue13y2k00vxtqbkvg5kw5eh096.png","type":"","width":"","height":""}],"twitter_card":"summary_large_image","twitter_misc":{"Gesch\u00e4tzte Lesezeit":"2\u00a0Minuten"},"schema":{"@context":"https:\/\/schema.org","@graph":[{"@type":"WebPage","@id":"https:\/\/cch.sk\/de\/ueber-uns\/","url":"https:\/\/cch.sk\/de\/ueber-uns\/","name":"\u00dcber uns - CCH Vzduchotechnika","isPartOf":{"@id":"https:\/\/cch.sk\/de\/#website"},"primaryImageOfPage":{"@id":"https:\/\/cch.sk\/de\/ueber-uns\/#primaryimage"},"image":{"@id":"https:\/\/cch.sk\/de\/ueber-uns\/#primaryimage"},"thumbnailUrl":"https:\/\/cch.sk\/wp-content\/uploads\/elementor\/thumbs\/Line-1-copy-5-qwmk11wd9e77aki4ue13y2k00vxtqbkvg5kw5eh096.png","datePublished":"2023-08-07T09:39:10+00:00","dateModified":"2024-11-08T17:12:37+00:00","breadcrumb":{"@id":"https:\/\/cch.sk\/de\/ueber-uns\/#breadcrumb"},"inLanguage":"de","potentialAction":[{"@type":"ReadAction","target":["https:\/\/cch.sk\/de\/ueber-uns\/"]}]},{"@type":"ImageObject","inLanguage":"de","@id":"https:\/\/cch.sk\/de\/ueber-uns\/#primaryimage","url":"https:\/\/cch.sk\/wp-content\/uploads\/elementor\/thumbs\/Line-1-copy-5-qwmk11wd9e77aki4ue13y2k00vxtqbkvg5kw5eh096.png","contentUrl":"https:\/\/cch.sk\/wp-content\/uploads\/elementor\/thumbs\/Line-1-copy-5-qwmk11wd9e77aki4ue13y2k00vxtqbkvg5kw5eh096.png"},{"@type":"BreadcrumbList","@id":"https:\/\/cch.sk\/de\/ueber-uns\/#breadcrumb","itemListElement":[{"@type":"ListItem","position":1,"name":"Home","item":"https:\/\/cch.sk\/de\/startseite\/"},{"@type":"ListItem","position":2,"name":"\u00dcber uns"}]},{"@type":"WebSite","@id":"https:\/\/cch.sk\/de\/#website","url":"https:\/\/cch.sk\/de\/","name":"CCH Vzduchotechnika","description":"","potentialAction":[{"@type":"SearchAction","target":{"@type":"EntryPoint","urlTemplate":"https:\/\/cch.sk\/de\/?s={search_term_string}"},"query-input":{"@type":"PropertyValueSpecification","valueRequired":true,"valueName":"search_term_string"}}],"inLanguage":"de"}]}},"_links":{"self":[{"href":"https:\/\/cch.sk\/de\/wp-json\/wp\/v2\/pages\/13888"}],"collection":[{"href":"https:\/\/cch.sk\/de\/wp-json\/wp\/v2\/pages"}],"about":[{"href":"https:\/\/cch.sk\/de\/wp-json\/wp\/v2\/types\/page"}],"author":[{"embeddable":true,"href":"https:\/\/cch.sk\/de\/wp-json\/wp\/v2\/users\/11"}],"replies":[{"embeddable":true,"href":"https:\/\/cch.sk\/de\/wp-json\/wp\/v2\/comments?post=13888"}],"version-history":[{"count":1,"href":"https:\/\/cch.sk\/de\/wp-json\/wp\/v2\/pages\/13888\/revisions"}],"predecessor-version":[{"id":13889,"href":"https:\/\/cch.sk\/de\/wp-json\/wp\/v2\/pages\/13888\/revisions\/13889"}],"wp:attachment":[{"href":"https:\/\/cch.sk\/de\/wp-json\/wp\/v2\/media?parent=13888"}],"curies":[{"name":"wp","href":"https:\/\/api.w.org\/{rel}","templated":true}]}}