{"id":14014,"date":"2023-11-07T08:55:50","date_gmt":"2023-11-07T07:55:50","guid":{"rendered":"https:\/\/cch.sk\/produkt\/gsh-100trb2-3-gsh-100erb2-3\/"},"modified":"2024-11-08T19:42:10","modified_gmt":"2024-11-08T18:42:10","slug":"gsh-100trb2-3-gsh-100erb2-3","status":"publish","type":"product","link":"https:\/\/cch.sk\/de\/produkt\/gsh-100trb2-3-gsh-100erb2-3\/","title":{"rendered":"GSH-100TRB2-3\/GSH-100ERB2-3"},"content":{"rendered":"","protected":false},"excerpt":{"rendered":"<ul>\n<li>Kompakte Au\u00dfenger\u00e4te, die eine problemlose Installation und einen problemlosen Transport erm\u00f6glichen<\/li>\n<li>Das Ger\u00e4t verwendet das umweltfreundliche K\u00e4ltemittel R32 mit niedrigem GWP-Wert.<\/li>\n<li>Kompressor mit zus\u00e4tzlichem Economizer und zwischengeschalteter K\u00e4ltemitteleinspritzung f\u00fcr hohe Effizienz und Energieeinsparung<\/li>\n<li>Festk\u00f6rper-Frequenzumrichter-Motorsteuerungstechnologie<\/li>\n<li>Die Ger\u00e4te sind mit einer Invertersteuerung ausgestattet, die die Geschwindigkeit des Kompressors variiert. Die abgegebene Leistung der Ger\u00e4te passt sich genau an das Heizsystem an. <\/li>\n<li>Energieeinsparungen von bis zu 40% und Vermeidung von Temperaturschwankungen<\/li>\n<li>Zwischen dem Au\u00dfen- und dem Innenger\u00e4t k\u00f6nnen bis zu 15 Meter Rohrleitungen verlegt werden. H\u00f6henlage bis zu 15 Meter. <\/li>\n<li>Touchscreen<\/li>\n<li>Kann \u00fcber das Internet mit der EWPE SMART App gesteuert werden<\/li>\n<li>Hohe Effizienz<\/li>\n<li>Umw\u00e4lzpumpe mit selbstregulierender Drehzahlregelung<\/li>\n<li>Integriertes Ausdehnungsgef\u00e4\u00df und Sicherheitsventil<\/li>\n<li>\u00c4quithermische Steuerung, Steuerung durch Referenzraumtemperatur oder Thermostat<\/li>\n<li>Stiller Modus<\/li>\n<li>Das Dreiwegeventil ist Teil des Innenger\u00e4ts<\/li>\n<li>Eingebaute elektrische Kartusche mit 3 oder 6 kW Leistung <\/li>\n<li>Die neue Version 2 enth\u00e4lt zus\u00e4tzlich eine Umw\u00e4lzpumpe und einen externen W\u00e4rmetauscher direkt f\u00fcr die Brauchwassererw\u00e4rmung und vergr\u00f6\u00dfert damit das gesamte Tankvolumen<\/li>\n<\/ul>\n","protected":false},"featured_media":13293,"template":"","meta":{"_monsterinsights_skip_tracking":false,"_monsterinsights_sitenote_active":false,"_monsterinsights_sitenote_note":"","_monsterinsights_sitenote_category":0},"product_cat":[772,766,749],"product_tag":[],"class_list":{"0":"post-14014","1":"product","2":"type-product","3":"status-publish","4":"has-post-thumbnail","6":"product_cat-s-therm-de","7":"product_cat-de-sinclair-tepelne-cerpadla","8":"product_cat-waermepumpen","9":"tm-has-options","11":"first","12":"instock","13":"taxable","14":"shipping-taxable","15":"purchasable","16":"product-type-simple"},"yoast_head":"<!-- This site is optimized with the Yoast SEO plugin v25.6 - https:\/\/yoast.com\/wordpress\/plugins\/seo\/ -->\n<title>GSH-100TRB2-3\/GSH-100ERB2-3 - CCH Vzduchotechnika<\/title>\n<meta name=\"robots\" content=\"index, follow, max-snippet:-1, max-image-preview:large, max-video-preview:-1\" \/>\n<link rel=\"canonical\" href=\"https:\/\/cch.sk\/de\/produkt\/gsh-100trb2-3-gsh-100erb2-3\/\" \/>\n<meta property=\"og:locale\" content=\"de_DE\" \/>\n<meta property=\"og:type\" content=\"article\" \/>\n<meta property=\"og:title\" content=\"GSH-100TRB2-3\/GSH-100ERB2-3 - CCH Vzduchotechnika\" \/>\n<meta property=\"og:description\" content=\"Kompakte Au\u00dfenger\u00e4te, die eine problemlose Installation und einen problemlosen Transport erm\u00f6glichen  Das Ger\u00e4t verwendet das umweltfreundliche K\u00e4ltemittel R32 mit niedrigem GWP-Wert.  Kompressor mit zus\u00e4tzlichem Economizer und zwischengeschalteter K\u00e4ltemitteleinspritzung f\u00fcr hohe Effizienz und Energieeinsparung  Festk\u00f6rper-Frequenzumrichter-Motorsteuerungstechnologie  Die Ger\u00e4te sind mit einer Invertersteuerung ausgestattet, die die Geschwindigkeit des Kompressors variiert. Die abgegebene Leistung der Ger\u00e4te passt sich genau an das Heizsystem an.  Energieeinsparungen von bis zu 40% und Vermeidung von Temperaturschwankungen  Zwischen dem Au\u00dfen- und dem Innenger\u00e4t k\u00f6nnen bis zu 15 Meter Rohrleitungen verlegt werden. H\u00f6henlage bis zu 15 Meter.  Touchscreen  Kann \u00fcber das Internet mit der EWPE SMART App gesteuert werden  Hohe Effizienz  Umw\u00e4lzpumpe mit selbstregulierender Drehzahlregelung  Integriertes Ausdehnungsgef\u00e4\u00df und Sicherheitsventil  \u00c4quithermische Steuerung, Steuerung durch Referenzraumtemperatur oder Thermostat  Stiller Modus  Das Dreiwegeventil ist Teil des Innenger\u00e4ts  Eingebaute elektrische Kartusche mit 3 oder 6 kW Leistung  Die neue Version 2 enth\u00e4lt zus\u00e4tzlich eine Umw\u00e4lzpumpe und einen externen W\u00e4rmetauscher direkt f\u00fcr die Brauchwassererw\u00e4rmung und vergr\u00f6\u00dfert damit das gesamte Tankvolumen\" \/>\n<meta property=\"og:url\" content=\"https:\/\/cch.sk\/de\/produkt\/gsh-100trb2-3-gsh-100erb2-3\/\" \/>\n<meta property=\"og:site_name\" content=\"CCH Vzduchotechnika\" \/>\n<meta property=\"article:modified_time\" content=\"2024-11-08T18:42:10+00:00\" \/>\n<meta property=\"og:image\" content=\"https:\/\/cch.sk\/wp-content\/uploads\/2023\/11\/gsh-xxxtrb-600x800px-72dpi-2.png\" \/>\n\t<meta property=\"og:image:width\" content=\"540\" \/>\n\t<meta property=\"og:image:height\" content=\"720\" \/>\n\t<meta property=\"og:image:type\" content=\"image\/png\" \/>\n<meta name=\"twitter:card\" content=\"summary_large_image\" \/>\n<script type=\"application\/ld+json\" class=\"yoast-schema-graph\">{\"@context\":\"https:\/\/schema.org\",\"@graph\":[{\"@type\":\"WebPage\",\"@id\":\"https:\/\/cch.sk\/de\/produkt\/gsh-100trb2-3-gsh-100erb2-3\/\",\"url\":\"https:\/\/cch.sk\/de\/produkt\/gsh-100trb2-3-gsh-100erb2-3\/\",\"name\":\"GSH-100TRB2-3\/GSH-100ERB2-3 - CCH Vzduchotechnika\",\"isPartOf\":{\"@id\":\"https:\/\/cch.sk\/de\/#website\"},\"primaryImageOfPage\":{\"@id\":\"https:\/\/cch.sk\/de\/produkt\/gsh-100trb2-3-gsh-100erb2-3\/#primaryimage\"},\"image\":{\"@id\":\"https:\/\/cch.sk\/de\/produkt\/gsh-100trb2-3-gsh-100erb2-3\/#primaryimage\"},\"thumbnailUrl\":\"https:\/\/cch.sk\/wp-content\/uploads\/2023\/11\/gsh-xxxtrb-600x800px-72dpi-2.png\",\"datePublished\":\"2023-11-07T07:55:50+00:00\",\"dateModified\":\"2024-11-08T18:42:10+00:00\",\"breadcrumb\":{\"@id\":\"https:\/\/cch.sk\/de\/produkt\/gsh-100trb2-3-gsh-100erb2-3\/#breadcrumb\"},\"inLanguage\":\"de\",\"potentialAction\":[{\"@type\":\"ReadAction\",\"target\":[\"https:\/\/cch.sk\/de\/produkt\/gsh-100trb2-3-gsh-100erb2-3\/\"]}]},{\"@type\":\"ImageObject\",\"inLanguage\":\"de\",\"@id\":\"https:\/\/cch.sk\/de\/produkt\/gsh-100trb2-3-gsh-100erb2-3\/#primaryimage\",\"url\":\"https:\/\/cch.sk\/wp-content\/uploads\/2023\/11\/gsh-xxxtrb-600x800px-72dpi-2.png\",\"contentUrl\":\"https:\/\/cch.sk\/wp-content\/uploads\/2023\/11\/gsh-xxxtrb-600x800px-72dpi-2.png\",\"width\":540,\"height\":720},{\"@type\":\"BreadcrumbList\",\"@id\":\"https:\/\/cch.sk\/de\/produkt\/gsh-100trb2-3-gsh-100erb2-3\/#breadcrumb\",\"itemListElement\":[{\"@type\":\"ListItem\",\"position\":1,\"name\":\"Home\",\"item\":\"https:\/\/cch.sk\/de\/startseite\/\"},{\"@type\":\"ListItem\",\"position\":2,\"name\":\"Shop\",\"item\":\"https:\/\/cch.sk\/de\/shop\/\"},{\"@type\":\"ListItem\",\"position\":3,\"name\":\"GSH-100TRB2-3\/GSH-100ERB2-3\"}]},{\"@type\":\"WebSite\",\"@id\":\"https:\/\/cch.sk\/de\/#website\",\"url\":\"https:\/\/cch.sk\/de\/\",\"name\":\"CCH Vzduchotechnika\",\"description\":\"\",\"potentialAction\":[{\"@type\":\"SearchAction\",\"target\":{\"@type\":\"EntryPoint\",\"urlTemplate\":\"https:\/\/cch.sk\/de\/?s={search_term_string}\"},\"query-input\":{\"@type\":\"PropertyValueSpecification\",\"valueRequired\":true,\"valueName\":\"search_term_string\"}}],\"inLanguage\":\"de\"}]}<\/script>\n<!-- \/ Yoast SEO plugin. -->","yoast_head_json":{"title":"GSH-100TRB2-3\/GSH-100ERB2-3 - CCH Vzduchotechnika","robots":{"index":"index","follow":"follow","max-snippet":"max-snippet:-1","max-image-preview":"max-image-preview:large","max-video-preview":"max-video-preview:-1"},"canonical":"https:\/\/cch.sk\/de\/produkt\/gsh-100trb2-3-gsh-100erb2-3\/","og_locale":"de_DE","og_type":"article","og_title":"GSH-100TRB2-3\/GSH-100ERB2-3 - CCH Vzduchotechnika","og_description":"Kompakte Au\u00dfenger\u00e4te, die eine problemlose Installation und einen problemlosen Transport erm\u00f6glichen  Das Ger\u00e4t verwendet das umweltfreundliche K\u00e4ltemittel R32 mit niedrigem GWP-Wert.  Kompressor mit zus\u00e4tzlichem Economizer und zwischengeschalteter K\u00e4ltemitteleinspritzung f\u00fcr hohe Effizienz und Energieeinsparung  Festk\u00f6rper-Frequenzumrichter-Motorsteuerungstechnologie  Die Ger\u00e4te sind mit einer Invertersteuerung ausgestattet, die die Geschwindigkeit des Kompressors variiert. Die abgegebene Leistung der Ger\u00e4te passt sich genau an das Heizsystem an.  Energieeinsparungen von bis zu 40% und Vermeidung von Temperaturschwankungen  Zwischen dem Au\u00dfen- und dem Innenger\u00e4t k\u00f6nnen bis zu 15 Meter Rohrleitungen verlegt werden. H\u00f6henlage bis zu 15 Meter.  Touchscreen  Kann \u00fcber das Internet mit der EWPE SMART App gesteuert werden  Hohe Effizienz  Umw\u00e4lzpumpe mit selbstregulierender Drehzahlregelung  Integriertes Ausdehnungsgef\u00e4\u00df und Sicherheitsventil  \u00c4quithermische Steuerung, Steuerung durch Referenzraumtemperatur oder Thermostat  Stiller Modus  Das Dreiwegeventil ist Teil des Innenger\u00e4ts  Eingebaute elektrische Kartusche mit 3 oder 6 kW Leistung  Die neue Version 2 enth\u00e4lt zus\u00e4tzlich eine Umw\u00e4lzpumpe und einen externen W\u00e4rmetauscher direkt f\u00fcr die Brauchwassererw\u00e4rmung und vergr\u00f6\u00dfert damit das gesamte Tankvolumen","og_url":"https:\/\/cch.sk\/de\/produkt\/gsh-100trb2-3-gsh-100erb2-3\/","og_site_name":"CCH Vzduchotechnika","article_modified_time":"2024-11-08T18:42:10+00:00","og_image":[{"width":540,"height":720,"url":"https:\/\/cch.sk\/wp-content\/uploads\/2023\/11\/gsh-xxxtrb-600x800px-72dpi-2.png","type":"image\/png"}],"twitter_card":"summary_large_image","schema":{"@context":"https:\/\/schema.org","@graph":[{"@type":"WebPage","@id":"https:\/\/cch.sk\/de\/produkt\/gsh-100trb2-3-gsh-100erb2-3\/","url":"https:\/\/cch.sk\/de\/produkt\/gsh-100trb2-3-gsh-100erb2-3\/","name":"GSH-100TRB2-3\/GSH-100ERB2-3 - CCH Vzduchotechnika","isPartOf":{"@id":"https:\/\/cch.sk\/de\/#website"},"primaryImageOfPage":{"@id":"https:\/\/cch.sk\/de\/produkt\/gsh-100trb2-3-gsh-100erb2-3\/#primaryimage"},"image":{"@id":"https:\/\/cch.sk\/de\/produkt\/gsh-100trb2-3-gsh-100erb2-3\/#primaryimage"},"thumbnailUrl":"https:\/\/cch.sk\/wp-content\/uploads\/2023\/11\/gsh-xxxtrb-600x800px-72dpi-2.png","datePublished":"2023-11-07T07:55:50+00:00","dateModified":"2024-11-08T18:42:10+00:00","breadcrumb":{"@id":"https:\/\/cch.sk\/de\/produkt\/gsh-100trb2-3-gsh-100erb2-3\/#breadcrumb"},"inLanguage":"de","potentialAction":[{"@type":"ReadAction","target":["https:\/\/cch.sk\/de\/produkt\/gsh-100trb2-3-gsh-100erb2-3\/"]}]},{"@type":"ImageObject","inLanguage":"de","@id":"https:\/\/cch.sk\/de\/produkt\/gsh-100trb2-3-gsh-100erb2-3\/#primaryimage","url":"https:\/\/cch.sk\/wp-content\/uploads\/2023\/11\/gsh-xxxtrb-600x800px-72dpi-2.png","contentUrl":"https:\/\/cch.sk\/wp-content\/uploads\/2023\/11\/gsh-xxxtrb-600x800px-72dpi-2.png","width":540,"height":720},{"@type":"BreadcrumbList","@id":"https:\/\/cch.sk\/de\/produkt\/gsh-100trb2-3-gsh-100erb2-3\/#breadcrumb","itemListElement":[{"@type":"ListItem","position":1,"name":"Home","item":"https:\/\/cch.sk\/de\/startseite\/"},{"@type":"ListItem","position":2,"name":"Shop","item":"https:\/\/cch.sk\/de\/shop\/"},{"@type":"ListItem","position":3,"name":"GSH-100TRB2-3\/GSH-100ERB2-3"}]},{"@type":"WebSite","@id":"https:\/\/cch.sk\/de\/#website","url":"https:\/\/cch.sk\/de\/","name":"CCH Vzduchotechnika","description":"","potentialAction":[{"@type":"SearchAction","target":{"@type":"EntryPoint","urlTemplate":"https:\/\/cch.sk\/de\/?s={search_term_string}"},"query-input":{"@type":"PropertyValueSpecification","valueRequired":true,"valueName":"search_term_string"}}],"inLanguage":"de"}]}},"_links":{"self":[{"href":"https:\/\/cch.sk\/de\/wp-json\/wp\/v2\/product\/14014"}],"collection":[{"href":"https:\/\/cch.sk\/de\/wp-json\/wp\/v2\/product"}],"about":[{"href":"https:\/\/cch.sk\/de\/wp-json\/wp\/v2\/types\/product"}],"version-history":[{"count":1,"href":"https:\/\/cch.sk\/de\/wp-json\/wp\/v2\/product\/14014\/revisions"}],"predecessor-version":[{"id":14017,"href":"https:\/\/cch.sk\/de\/wp-json\/wp\/v2\/product\/14014\/revisions\/14017"}],"wp:featuredmedia":[{"embeddable":true,"href":"https:\/\/cch.sk\/de\/wp-json\/wp\/v2\/media\/13293"}],"wp:attachment":[{"href":"https:\/\/cch.sk\/de\/wp-json\/wp\/v2\/media?parent=14014"}],"wp:term":[{"taxonomy":"product_cat","embeddable":true,"href":"https:\/\/cch.sk\/de\/wp-json\/wp\/v2\/product_cat?post=14014"},{"taxonomy":"product_tag","embeddable":true,"href":"https:\/\/cch.sk\/de\/wp-json\/wp\/v2\/product_tag?post=14014"}],"curies":[{"name":"wp","href":"https:\/\/api.w.org\/{rel}","templated":true}]}}