{"id":14109,"date":"2023-11-07T09:30:31","date_gmt":"2023-11-07T08:30:31","guid":{"rendered":"https:\/\/cch.sk\/produkt\/suz-swm80va-ehst20d-vm2d\/"},"modified":"2024-11-08T19:45:06","modified_gmt":"2024-11-08T18:45:06","slug":"suz-swm80va-ehst20d-vm2d","status":"publish","type":"product","link":"https:\/\/cch.sk\/de\/produkt\/suz-swm80va-ehst20d-vm2d\/","title":{"rendered":"SUZ-SWM80VA\/EHST20D-VM2D"},"content":{"rendered":"","protected":false},"excerpt":{"rendered":"<ul>\n<li>ECO Inverter-Au\u00dfenger\u00e4t mit K\u00fchloption: Heizung\/K\u00fchlung 7,5\/5,4kW, 1\/230\/50, Abmessungen: 840x330x880.<\/li>\n<li>Innenger\u00e4t\/Hydrobox mit Warmwasserspeicher 200L: 2kW\/230V, Abmessungen: 1600x680x595<\/li>\n<\/ul>\n","protected":false},"featured_media":0,"template":"","meta":{"_monsterinsights_skip_tracking":false,"_monsterinsights_sitenote_active":false,"_monsterinsights_sitenote_note":"","_monsterinsights_sitenote_category":0},"product_cat":[754,751,749],"product_tag":[],"class_list":{"0":"post-14109","1":"product","2":"type-product","3":"status-publish","5":"product_cat-eco-de","6":"product_cat-mitsubishi-de","7":"product_cat-waermepumpen","8":"tm-has-options","10":"first","11":"instock","12":"taxable","13":"shipping-taxable","14":"purchasable","15":"product-type-simple"},"yoast_head":"<!-- This site is optimized with the Yoast SEO plugin v25.6 - https:\/\/yoast.com\/wordpress\/plugins\/seo\/ -->\n<title>SUZ-SWM80VA\/EHST20D-VM2D - CCH Vzduchotechnika<\/title>\n<meta name=\"robots\" content=\"index, follow, max-snippet:-1, max-image-preview:large, max-video-preview:-1\" \/>\n<link rel=\"canonical\" href=\"https:\/\/cch.sk\/de\/produkt\/suz-swm80va-ehst20d-vm2d\/\" \/>\n<meta property=\"og:locale\" content=\"de_DE\" \/>\n<meta property=\"og:type\" content=\"article\" \/>\n<meta property=\"og:title\" content=\"SUZ-SWM80VA\/EHST20D-VM2D - CCH Vzduchotechnika\" \/>\n<meta property=\"og:description\" content=\"ECO Inverter-Au\u00dfenger\u00e4t mit K\u00fchloption: Heizung\/K\u00fchlung 7,5\/5,4kW, 1\/230\/50, Abmessungen: 840x330x880.  Innenger\u00e4t\/Hydrobox mit Warmwasserspeicher 200L: 2kW\/230V, Abmessungen: 1600x680x595\" \/>\n<meta property=\"og:url\" content=\"https:\/\/cch.sk\/de\/produkt\/suz-swm80va-ehst20d-vm2d\/\" \/>\n<meta property=\"og:site_name\" content=\"CCH Vzduchotechnika\" \/>\n<meta property=\"article:modified_time\" content=\"2024-11-08T18:45:06+00:00\" \/>\n<meta name=\"twitter:card\" content=\"summary_large_image\" \/>\n<script type=\"application\/ld+json\" class=\"yoast-schema-graph\">{\"@context\":\"https:\/\/schema.org\",\"@graph\":[{\"@type\":\"WebPage\",\"@id\":\"https:\/\/cch.sk\/de\/produkt\/suz-swm80va-ehst20d-vm2d\/\",\"url\":\"https:\/\/cch.sk\/de\/produkt\/suz-swm80va-ehst20d-vm2d\/\",\"name\":\"SUZ-SWM80VA\/EHST20D-VM2D - CCH Vzduchotechnika\",\"isPartOf\":{\"@id\":\"https:\/\/cch.sk\/de\/#website\"},\"datePublished\":\"2023-11-07T08:30:31+00:00\",\"dateModified\":\"2024-11-08T18:45:06+00:00\",\"breadcrumb\":{\"@id\":\"https:\/\/cch.sk\/de\/produkt\/suz-swm80va-ehst20d-vm2d\/#breadcrumb\"},\"inLanguage\":\"de\",\"potentialAction\":[{\"@type\":\"ReadAction\",\"target\":[\"https:\/\/cch.sk\/de\/produkt\/suz-swm80va-ehst20d-vm2d\/\"]}]},{\"@type\":\"BreadcrumbList\",\"@id\":\"https:\/\/cch.sk\/de\/produkt\/suz-swm80va-ehst20d-vm2d\/#breadcrumb\",\"itemListElement\":[{\"@type\":\"ListItem\",\"position\":1,\"name\":\"Home\",\"item\":\"https:\/\/cch.sk\/de\/startseite\/\"},{\"@type\":\"ListItem\",\"position\":2,\"name\":\"Shop\",\"item\":\"https:\/\/cch.sk\/de\/shop\/\"},{\"@type\":\"ListItem\",\"position\":3,\"name\":\"SUZ-SWM80VA\/EHST20D-VM2D\"}]},{\"@type\":\"WebSite\",\"@id\":\"https:\/\/cch.sk\/de\/#website\",\"url\":\"https:\/\/cch.sk\/de\/\",\"name\":\"CCH Vzduchotechnika\",\"description\":\"\",\"potentialAction\":[{\"@type\":\"SearchAction\",\"target\":{\"@type\":\"EntryPoint\",\"urlTemplate\":\"https:\/\/cch.sk\/de\/?s={search_term_string}\"},\"query-input\":{\"@type\":\"PropertyValueSpecification\",\"valueRequired\":true,\"valueName\":\"search_term_string\"}}],\"inLanguage\":\"de\"}]}<\/script>\n<!-- \/ Yoast SEO plugin. -->","yoast_head_json":{"title":"SUZ-SWM80VA\/EHST20D-VM2D - CCH Vzduchotechnika","robots":{"index":"index","follow":"follow","max-snippet":"max-snippet:-1","max-image-preview":"max-image-preview:large","max-video-preview":"max-video-preview:-1"},"canonical":"https:\/\/cch.sk\/de\/produkt\/suz-swm80va-ehst20d-vm2d\/","og_locale":"de_DE","og_type":"article","og_title":"SUZ-SWM80VA\/EHST20D-VM2D - CCH Vzduchotechnika","og_description":"ECO Inverter-Au\u00dfenger\u00e4t mit K\u00fchloption: Heizung\/K\u00fchlung 7,5\/5,4kW, 1\/230\/50, Abmessungen: 840x330x880.  Innenger\u00e4t\/Hydrobox mit Warmwasserspeicher 200L: 2kW\/230V, Abmessungen: 1600x680x595","og_url":"https:\/\/cch.sk\/de\/produkt\/suz-swm80va-ehst20d-vm2d\/","og_site_name":"CCH Vzduchotechnika","article_modified_time":"2024-11-08T18:45:06+00:00","twitter_card":"summary_large_image","schema":{"@context":"https:\/\/schema.org","@graph":[{"@type":"WebPage","@id":"https:\/\/cch.sk\/de\/produkt\/suz-swm80va-ehst20d-vm2d\/","url":"https:\/\/cch.sk\/de\/produkt\/suz-swm80va-ehst20d-vm2d\/","name":"SUZ-SWM80VA\/EHST20D-VM2D - CCH Vzduchotechnika","isPartOf":{"@id":"https:\/\/cch.sk\/de\/#website"},"datePublished":"2023-11-07T08:30:31+00:00","dateModified":"2024-11-08T18:45:06+00:00","breadcrumb":{"@id":"https:\/\/cch.sk\/de\/produkt\/suz-swm80va-ehst20d-vm2d\/#breadcrumb"},"inLanguage":"de","potentialAction":[{"@type":"ReadAction","target":["https:\/\/cch.sk\/de\/produkt\/suz-swm80va-ehst20d-vm2d\/"]}]},{"@type":"BreadcrumbList","@id":"https:\/\/cch.sk\/de\/produkt\/suz-swm80va-ehst20d-vm2d\/#breadcrumb","itemListElement":[{"@type":"ListItem","position":1,"name":"Home","item":"https:\/\/cch.sk\/de\/startseite\/"},{"@type":"ListItem","position":2,"name":"Shop","item":"https:\/\/cch.sk\/de\/shop\/"},{"@type":"ListItem","position":3,"name":"SUZ-SWM80VA\/EHST20D-VM2D"}]},{"@type":"WebSite","@id":"https:\/\/cch.sk\/de\/#website","url":"https:\/\/cch.sk\/de\/","name":"CCH Vzduchotechnika","description":"","potentialAction":[{"@type":"SearchAction","target":{"@type":"EntryPoint","urlTemplate":"https:\/\/cch.sk\/de\/?s={search_term_string}"},"query-input":{"@type":"PropertyValueSpecification","valueRequired":true,"valueName":"search_term_string"}}],"inLanguage":"de"}]}},"_links":{"self":[{"href":"https:\/\/cch.sk\/de\/wp-json\/wp\/v2\/product\/14109"}],"collection":[{"href":"https:\/\/cch.sk\/de\/wp-json\/wp\/v2\/product"}],"about":[{"href":"https:\/\/cch.sk\/de\/wp-json\/wp\/v2\/types\/product"}],"version-history":[{"count":1,"href":"https:\/\/cch.sk\/de\/wp-json\/wp\/v2\/product\/14109\/revisions"}],"predecessor-version":[{"id":14110,"href":"https:\/\/cch.sk\/de\/wp-json\/wp\/v2\/product\/14109\/revisions\/14110"}],"wp:attachment":[{"href":"https:\/\/cch.sk\/de\/wp-json\/wp\/v2\/media?parent=14109"}],"wp:term":[{"taxonomy":"product_cat","embeddable":true,"href":"https:\/\/cch.sk\/de\/wp-json\/wp\/v2\/product_cat?post=14109"},{"taxonomy":"product_tag","embeddable":true,"href":"https:\/\/cch.sk\/de\/wp-json\/wp\/v2\/product_tag?post=14109"}],"curies":[{"name":"wp","href":"https:\/\/api.w.org\/{rel}","templated":true}]}}