{"id":14280,"date":"2023-11-07T08:25:11","date_gmt":"2023-11-07T07:25:11","guid":{"rendered":"https:\/\/cch.sk\/produkt\/sih-soh-24bim\/"},"modified":"2024-11-08T19:49:27","modified_gmt":"2024-11-08T18:49:27","slug":"sih-soh-24bim","status":"publish","type":"product","link":"https:\/\/cch.sk\/de\/produkt\/sih-soh-24bim\/","title":{"rendered":"SIH + SOH-24BIM"},"content":{"rendered":"","protected":false},"excerpt":{"rendered":"<ul>\n<li>Energieklasse A++ \/ A+<\/li>\n<li>K\u00fchlleistung 7,1 kW<\/li>\n<li>Heizleistung 7,3 kW<\/li>\n<li>Kondensatabfluss auf beiden Seiten<\/li>\n<li>Ausgeblendetes Display<\/li>\n<li>Funktion &#8220;ICH F\u00dcHLE&#8221;<\/li>\n<li>Einstellbarer Heizbereich 8-30 \u00b0C<\/li>\n<li>7 L\u00fcfterstufen<\/li>\n<li>Doppelte horizontale Lamelle f\u00fcr bessere Luftverteilung<\/li>\n<li>Kaltplasma-Generator<\/li>\n<li>WiFi-Modul<\/li>\n<li>T\u00fcr ON\/OFF Kontakt<\/li>\n<li>Chassis-Heizung des Au\u00dfenger\u00e4ts<\/li>\n<li>UV-C-Technologie zur Luftdesinfektion<\/li>\n<li>Fernbedienung YAA1FB18 (WiFi)<\/li>\n<li>Erh\u00e4ltlich in verschiedenen Farboptionen &#8211; marineblau <strong>(SIH-XXBIMN)<\/strong>, silber <strong>(SIH-XXBIMS<\/strong>), champagnerfarben <strong>(SIH-XXBIMC<\/strong>), wei\u00df <strong>(SIH-XXBIMW<\/strong>)<\/li>\n<\/ul>\n","protected":false},"featured_media":13194,"template":"","meta":{"_monsterinsights_skip_tracking":false,"_monsterinsights_sitenote_active":false,"_monsterinsights_sitenote_note":"","_monsterinsights_sitenote_category":0},"product_cat":[607,632,628],"product_tag":[],"class_list":{"0":"post-14280","1":"product","2":"type-product","3":"status-publish","4":"has-post-thumbnail","6":"product_cat-klimatisierung","7":"product_cat-marvin-de","8":"product_cat-sinclair-de","9":"tm-has-options","11":"first","12":"instock","13":"taxable","14":"shipping-taxable","15":"purchasable","16":"product-type-simple"},"yoast_head":"<!-- This site is optimized with the Yoast SEO plugin v25.6 - https:\/\/yoast.com\/wordpress\/plugins\/seo\/ -->\n<title>SIH + SOH-24BIM - CCH Vzduchotechnika<\/title>\n<meta name=\"robots\" content=\"index, follow, max-snippet:-1, max-image-preview:large, max-video-preview:-1\" \/>\n<link rel=\"canonical\" href=\"https:\/\/cch.sk\/de\/produkt\/sih-soh-24bim\/\" \/>\n<meta property=\"og:locale\" content=\"de_DE\" \/>\n<meta property=\"og:type\" content=\"article\" \/>\n<meta property=\"og:title\" content=\"SIH + SOH-24BIM - CCH Vzduchotechnika\" \/>\n<meta property=\"og:description\" content=\"Energieklasse A++ \/ A+  K\u00fchlleistung 7,1 kW  Heizleistung 7,3 kW  Kondensatabfluss auf beiden Seiten  Ausgeblendetes Display  Funktion &quot;ICH F\u00dcHLE&quot;  Einstellbarer Heizbereich 8-30 \u00b0C  7 L\u00fcfterstufen  Doppelte horizontale Lamelle f\u00fcr bessere Luftverteilung  Kaltplasma-Generator  WiFi-Modul  T\u00fcr ON\/OFF Kontakt  Chassis-Heizung des Au\u00dfenger\u00e4ts  UV-C-Technologie zur Luftdesinfektion  Fernbedienung YAA1FB18 (WiFi)  Erh\u00e4ltlich in verschiedenen Farboptionen - marineblau (SIH-XXBIMN), silber (SIH-XXBIMS), champagnerfarben (SIH-XXBIMC), wei\u00df (SIH-XXBIMW)\" \/>\n<meta property=\"og:url\" content=\"https:\/\/cch.sk\/de\/produkt\/sih-soh-24bim\/\" \/>\n<meta property=\"og:site_name\" content=\"CCH Vzduchotechnika\" \/>\n<meta property=\"article:modified_time\" content=\"2024-11-08T18:49:27+00:00\" \/>\n<meta property=\"og:image\" content=\"https:\/\/cch.sk\/wp-content\/uploads\/2023\/11\/marvin-sih-xxbim-champagne-800x600px-72dpi-02.png\" \/>\n\t<meta property=\"og:image:width\" content=\"720\" \/>\n\t<meta property=\"og:image:height\" content=\"540\" \/>\n\t<meta property=\"og:image:type\" content=\"image\/png\" \/>\n<meta name=\"twitter:card\" content=\"summary_large_image\" \/>\n<script type=\"application\/ld+json\" class=\"yoast-schema-graph\">{\"@context\":\"https:\/\/schema.org\",\"@graph\":[{\"@type\":\"WebPage\",\"@id\":\"https:\/\/cch.sk\/de\/produkt\/sih-soh-24bim\/\",\"url\":\"https:\/\/cch.sk\/de\/produkt\/sih-soh-24bim\/\",\"name\":\"SIH + SOH-24BIM - CCH Vzduchotechnika\",\"isPartOf\":{\"@id\":\"https:\/\/cch.sk\/de\/#website\"},\"primaryImageOfPage\":{\"@id\":\"https:\/\/cch.sk\/de\/produkt\/sih-soh-24bim\/#primaryimage\"},\"image\":{\"@id\":\"https:\/\/cch.sk\/de\/produkt\/sih-soh-24bim\/#primaryimage\"},\"thumbnailUrl\":\"https:\/\/cch.sk\/wp-content\/uploads\/2023\/11\/marvin-sih-xxbim-champagne-800x600px-72dpi-02.png\",\"datePublished\":\"2023-11-07T07:25:11+00:00\",\"dateModified\":\"2024-11-08T18:49:27+00:00\",\"breadcrumb\":{\"@id\":\"https:\/\/cch.sk\/de\/produkt\/sih-soh-24bim\/#breadcrumb\"},\"inLanguage\":\"de\",\"potentialAction\":[{\"@type\":\"ReadAction\",\"target\":[\"https:\/\/cch.sk\/de\/produkt\/sih-soh-24bim\/\"]}]},{\"@type\":\"ImageObject\",\"inLanguage\":\"de\",\"@id\":\"https:\/\/cch.sk\/de\/produkt\/sih-soh-24bim\/#primaryimage\",\"url\":\"https:\/\/cch.sk\/wp-content\/uploads\/2023\/11\/marvin-sih-xxbim-champagne-800x600px-72dpi-02.png\",\"contentUrl\":\"https:\/\/cch.sk\/wp-content\/uploads\/2023\/11\/marvin-sih-xxbim-champagne-800x600px-72dpi-02.png\",\"width\":720,\"height\":540},{\"@type\":\"BreadcrumbList\",\"@id\":\"https:\/\/cch.sk\/de\/produkt\/sih-soh-24bim\/#breadcrumb\",\"itemListElement\":[{\"@type\":\"ListItem\",\"position\":1,\"name\":\"Home\",\"item\":\"https:\/\/cch.sk\/de\/startseite\/\"},{\"@type\":\"ListItem\",\"position\":2,\"name\":\"Shop\",\"item\":\"https:\/\/cch.sk\/de\/shop\/\"},{\"@type\":\"ListItem\",\"position\":3,\"name\":\"SIH + SOH-24BIM\"}]},{\"@type\":\"WebSite\",\"@id\":\"https:\/\/cch.sk\/de\/#website\",\"url\":\"https:\/\/cch.sk\/de\/\",\"name\":\"CCH Vzduchotechnika\",\"description\":\"\",\"potentialAction\":[{\"@type\":\"SearchAction\",\"target\":{\"@type\":\"EntryPoint\",\"urlTemplate\":\"https:\/\/cch.sk\/de\/?s={search_term_string}\"},\"query-input\":{\"@type\":\"PropertyValueSpecification\",\"valueRequired\":true,\"valueName\":\"search_term_string\"}}],\"inLanguage\":\"de\"}]}<\/script>\n<!-- \/ Yoast SEO plugin. -->","yoast_head_json":{"title":"SIH + SOH-24BIM - CCH Vzduchotechnika","robots":{"index":"index","follow":"follow","max-snippet":"max-snippet:-1","max-image-preview":"max-image-preview:large","max-video-preview":"max-video-preview:-1"},"canonical":"https:\/\/cch.sk\/de\/produkt\/sih-soh-24bim\/","og_locale":"de_DE","og_type":"article","og_title":"SIH + SOH-24BIM - CCH Vzduchotechnika","og_description":"Energieklasse A++ \/ A+  K\u00fchlleistung 7,1 kW  Heizleistung 7,3 kW  Kondensatabfluss auf beiden Seiten  Ausgeblendetes Display  Funktion \"ICH F\u00dcHLE\"  Einstellbarer Heizbereich 8-30 \u00b0C  7 L\u00fcfterstufen  Doppelte horizontale Lamelle f\u00fcr bessere Luftverteilung  Kaltplasma-Generator  WiFi-Modul  T\u00fcr ON\/OFF Kontakt  Chassis-Heizung des Au\u00dfenger\u00e4ts  UV-C-Technologie zur Luftdesinfektion  Fernbedienung YAA1FB18 (WiFi)  Erh\u00e4ltlich in verschiedenen Farboptionen - marineblau (SIH-XXBIMN), silber (SIH-XXBIMS), champagnerfarben (SIH-XXBIMC), wei\u00df (SIH-XXBIMW)","og_url":"https:\/\/cch.sk\/de\/produkt\/sih-soh-24bim\/","og_site_name":"CCH Vzduchotechnika","article_modified_time":"2024-11-08T18:49:27+00:00","og_image":[{"width":720,"height":540,"url":"https:\/\/cch.sk\/wp-content\/uploads\/2023\/11\/marvin-sih-xxbim-champagne-800x600px-72dpi-02.png","type":"image\/png"}],"twitter_card":"summary_large_image","schema":{"@context":"https:\/\/schema.org","@graph":[{"@type":"WebPage","@id":"https:\/\/cch.sk\/de\/produkt\/sih-soh-24bim\/","url":"https:\/\/cch.sk\/de\/produkt\/sih-soh-24bim\/","name":"SIH + SOH-24BIM - CCH Vzduchotechnika","isPartOf":{"@id":"https:\/\/cch.sk\/de\/#website"},"primaryImageOfPage":{"@id":"https:\/\/cch.sk\/de\/produkt\/sih-soh-24bim\/#primaryimage"},"image":{"@id":"https:\/\/cch.sk\/de\/produkt\/sih-soh-24bim\/#primaryimage"},"thumbnailUrl":"https:\/\/cch.sk\/wp-content\/uploads\/2023\/11\/marvin-sih-xxbim-champagne-800x600px-72dpi-02.png","datePublished":"2023-11-07T07:25:11+00:00","dateModified":"2024-11-08T18:49:27+00:00","breadcrumb":{"@id":"https:\/\/cch.sk\/de\/produkt\/sih-soh-24bim\/#breadcrumb"},"inLanguage":"de","potentialAction":[{"@type":"ReadAction","target":["https:\/\/cch.sk\/de\/produkt\/sih-soh-24bim\/"]}]},{"@type":"ImageObject","inLanguage":"de","@id":"https:\/\/cch.sk\/de\/produkt\/sih-soh-24bim\/#primaryimage","url":"https:\/\/cch.sk\/wp-content\/uploads\/2023\/11\/marvin-sih-xxbim-champagne-800x600px-72dpi-02.png","contentUrl":"https:\/\/cch.sk\/wp-content\/uploads\/2023\/11\/marvin-sih-xxbim-champagne-800x600px-72dpi-02.png","width":720,"height":540},{"@type":"BreadcrumbList","@id":"https:\/\/cch.sk\/de\/produkt\/sih-soh-24bim\/#breadcrumb","itemListElement":[{"@type":"ListItem","position":1,"name":"Home","item":"https:\/\/cch.sk\/de\/startseite\/"},{"@type":"ListItem","position":2,"name":"Shop","item":"https:\/\/cch.sk\/de\/shop\/"},{"@type":"ListItem","position":3,"name":"SIH + SOH-24BIM"}]},{"@type":"WebSite","@id":"https:\/\/cch.sk\/de\/#website","url":"https:\/\/cch.sk\/de\/","name":"CCH Vzduchotechnika","description":"","potentialAction":[{"@type":"SearchAction","target":{"@type":"EntryPoint","urlTemplate":"https:\/\/cch.sk\/de\/?s={search_term_string}"},"query-input":{"@type":"PropertyValueSpecification","valueRequired":true,"valueName":"search_term_string"}}],"inLanguage":"de"}]}},"_links":{"self":[{"href":"https:\/\/cch.sk\/de\/wp-json\/wp\/v2\/product\/14280"}],"collection":[{"href":"https:\/\/cch.sk\/de\/wp-json\/wp\/v2\/product"}],"about":[{"href":"https:\/\/cch.sk\/de\/wp-json\/wp\/v2\/types\/product"}],"version-history":[{"count":1,"href":"https:\/\/cch.sk\/de\/wp-json\/wp\/v2\/product\/14280\/revisions"}],"predecessor-version":[{"id":14282,"href":"https:\/\/cch.sk\/de\/wp-json\/wp\/v2\/product\/14280\/revisions\/14282"}],"wp:featuredmedia":[{"embeddable":true,"href":"https:\/\/cch.sk\/de\/wp-json\/wp\/v2\/media\/13194"}],"wp:attachment":[{"href":"https:\/\/cch.sk\/de\/wp-json\/wp\/v2\/media?parent=14280"}],"wp:term":[{"taxonomy":"product_cat","embeddable":true,"href":"https:\/\/cch.sk\/de\/wp-json\/wp\/v2\/product_cat?post=14280"},{"taxonomy":"product_tag","embeddable":true,"href":"https:\/\/cch.sk\/de\/wp-json\/wp\/v2\/product_tag?post=14280"}],"curies":[{"name":"wp","href":"https:\/\/api.w.org\/{rel}","templated":true}]}}