{"id":14299,"date":"2023-11-07T08:32:12","date_gmt":"2023-11-07T07:32:12","guid":{"rendered":"https:\/\/cch.sk\/produkt\/msz-ln35vg2r-muz-ln35vghz\/"},"modified":"2024-11-08T19:49:55","modified_gmt":"2024-11-08T18:49:55","slug":"msz-ln35vg2r-muz-ln35vghz","status":"publish","type":"product","link":"https:\/\/cch.sk\/de\/produkt\/msz-ln35vg2r-muz-ln35vghz\/","title":{"rendered":"MSZ-LN35VG2R\/MUZ-LN35VGHZ"},"content":{"rendered":"<h3>Hocheffizienter Filter &#8211; Plasma Quad Plus<\/h3>\n<p>Die doppelte Barrierew\u00e4rmetauscherh\u00fclle verhindert das Eindringen von Staub und Zigarettenrauch und beugt au\u00dferdem Staub, Schimmel und Ger\u00fcchen vor.<\/p>\n<p><img fetchpriority=\"high\" decoding=\"async\" src=\"http:\/\/www.klimatizuj.sk\/img\/cms\/coating_.jpg\" alt=\"\" width=\"549\" height=\"388\"><\/p>\n<p>Der Plasma Quad Filter erzeugt eine elektrische Barriere, die die Luft reinigt. Er eliminiert Bakterien, Viren und Allergene und verhindert Staub und Schimmel. <\/p>\n<p><strong><img decoding=\"async\" src=\"http:\/\/www.klimatizuj.sk\/img\/cms\/filter_.jpg\" alt=\"\" width=\"567\" height=\"406\"><\/strong><\/p>\n<h3><strong>Leitet die Luft dorthin, wo sie hin soll<\/strong><\/h3>\n<p>Das Ger\u00e4t verf\u00fcgt \u00fcber einen eingebauten 3D-Sensor und eine 2-Wege-Abluftklappe.<\/p>\n<h3>3D-Sensor f\u00fcr Menschen<\/h3>\n<p>Der Human Sensor ist ein hochpr\u00e4ziser Sensor, der die Anwesenheit eines Menschen anhand von Temperaturunterschieden im Raum erkennen kann. Er kann die Leistung des Ger\u00e4ts und seine Aktivit\u00e4t auf der Grundlage der Benutzereinstellungen anpassen, wodurch das Ger\u00e4t noch energieeffizienter wird. <\/p>\n<p><img decoding=\"async\" src=\"http:\/\/www.klimatizuj.sk\/img\/cms\/Untitled-3.jpg\" alt=\"\" width=\"712\" height=\"562\"><\/p>\n<h3>Optimale Luftverteilung<\/h3>\n<p>Das Doppelgitter sorgt f\u00fcr eine optimale Luftverteilung. Das Ger\u00e4t kann zwei unabh\u00e4ngige Luftstr\u00f6me erzeugen. Dank des 3D-Temperatursensors kann das Ger\u00e4t den Luftstrom so regulieren, dass die Luft die Menschen nicht wegbl\u00e4st, sondern im Gegenteil, sie aufsp\u00fcrt.  <\/p>\n<p><img decoding=\"async\" src=\"http:\/\/www.designovaklima.sk\/wp-content\/uploads\/2017\/02\/news3849_Mitsubishi_Electric_MSZ-LN.jpg\" alt=\"news3849_Mitsubishi_Electric_MSZ-LN.jpg\"><\/p>\n<p><strong>Im Falle einer Heizung wird die warme Luft in den Wohnbereich geleitet.<\/strong><\/p>\n<p><img loading=\"lazy\" decoding=\"async\" src=\"http:\/\/www.designovaklima.sk\/wp-content\/uploads\/2017\/02\/heat-1.jpg\" alt=\"Hitze-1.jpg\" width=\"1287\" height=\"831\"><\/p>\n<p><strong>Bei der K\u00fchlung wird die kalte Luft au\u00dferhalb der Aufenthaltszone geleitet.<\/strong><\/p>\n<p><strong><img decoding=\"async\" src=\"http:\/\/www.designovaklima.sk\/wp-content\/uploads\/2017\/02\/cool-1.jpg\" alt=\"cool-1.jpg\"><\/strong><\/p>\n<h3>Steuerung \u00fcber Telefon, Tablet oder PC<\/h3>\n<p>Das Ger\u00e4t verf\u00fcgt \u00fcber ein integriertes Wi-Fi-Modul, \u00fcber das Sie alle Funktionen mit Ihrem Telefon, Tablet oder PC steuern k\u00f6nnen.<\/p>\n<p><img decoding=\"async\" src=\"http:\/\/www.designovaklima.sk\/wp-content\/uploads\/2017\/02\/aplicacion-mel-cloud.jpg\" alt=\"aplicacion-mel-cloud.jpg\"><\/p>\n<p><strong>Controller in Einheitsfarbe<\/strong><\/p>\n<p>Design-Controller in Farbe mit einfacher Bedienung und w\u00f6chentlichem Timer f\u00fcr zus\u00e4tzlichen Komfort.<\/p>\n<p><img decoding=\"async\" src=\"http:\/\/www.designovaklima.sk\/wp-content\/uploads\/2017\/02\/ovl.jpg\" alt=\"ovl.jpg\"><\/p>\n<h3>Hocheffizienter Kompressor<\/h3>\n<p>Der Kompressor ist das Herzst\u00fcck jedes Klimager\u00e4ts. Der patentierte Poki-Poki-Motor mit Spezialwicklung senkt den Verbrauch des Ger\u00e4ts erheblich und erh\u00f6ht seine Lebensdauer. <\/p>\n<p><img decoding=\"async\" src=\"http:\/\/www.designovaklima.sk\/wp-content\/uploads\/2017\/02\/poki_poki1.png\" alt=\"poki_poki1.png\"><\/p>\n<h3>Energieeffizienz A+++<\/h3>\n<p>Das Ger\u00e4t erreicht sowohl beim Heizen als auch beim K\u00fchlen die h\u00f6chsten Energieklassen.<\/p>\n<p><img loading=\"lazy\" decoding=\"async\" src=\"http:\/\/www.designovaklima.sk\/wp-content\/uploads\/2017\/02\/seer.jpg\" alt=\"seer.jpg\" width=\"328\" height=\"246\"><\/p>\n","protected":false},"excerpt":{"rendered":"<ul>\n<li>Energieklasse A+++\/A+++, Heizung\/K\u00fchlung 4.0\/3.5kW<\/li>\n<li>890x233x307\/800x285x550<\/li>\n<\/ul>\n","protected":false},"featured_media":13242,"template":"","meta":{"_monsterinsights_skip_tracking":false,"_monsterinsights_sitenote_active":false,"_monsterinsights_sitenote_note":"","_monsterinsights_sitenote_category":0},"product_cat":[607,621,625],"product_tag":[],"class_list":{"0":"post-14299","1":"product","2":"type-product","3":"status-publish","4":"has-post-thumbnail","6":"product_cat-klimatisierung","7":"product_cat-mitsubishi-klimatizacie-de","8":"product_cat-msz-ln-de","9":"tm-has-options","11":"first","12":"instock","13":"taxable","14":"shipping-taxable","15":"purchasable","16":"product-type-simple"},"yoast_head":"<!-- This site is optimized with the Yoast SEO plugin v25.6 - https:\/\/yoast.com\/wordpress\/plugins\/seo\/ -->\n<title>MSZ-LN35VG2R\/MUZ-LN35VGHZ - CCH Vzduchotechnika<\/title>\n<meta name=\"robots\" content=\"index, follow, max-snippet:-1, max-image-preview:large, max-video-preview:-1\" \/>\n<link rel=\"canonical\" href=\"https:\/\/cch.sk\/de\/produkt\/msz-ln35vg2r-muz-ln35vghz\/\" \/>\n<meta property=\"og:locale\" content=\"de_DE\" \/>\n<meta property=\"og:type\" content=\"article\" \/>\n<meta property=\"og:title\" content=\"MSZ-LN35VG2R\/MUZ-LN35VGHZ - CCH Vzduchotechnika\" \/>\n<meta property=\"og:description\" content=\"Energieklasse A+++\/A+++, Heizung\/K\u00fchlung 4.0\/3.5kW  890x233x307\/800x285x550\" \/>\n<meta property=\"og:url\" content=\"https:\/\/cch.sk\/de\/produkt\/msz-ln35vg2r-muz-ln35vghz\/\" \/>\n<meta property=\"og:site_name\" content=\"CCH Vzduchotechnika\" \/>\n<meta property=\"article:modified_time\" content=\"2024-11-08T18:49:55+00:00\" \/>\n<meta property=\"og:image\" content=\"https:\/\/cch.sk\/wp-content\/uploads\/2023\/11\/klimatizacia-mitsubishi-msz-ln.jpg\" \/>\n\t<meta property=\"og:image:width\" content=\"800\" \/>\n\t<meta property=\"og:image:height\" content=\"600\" \/>\n\t<meta property=\"og:image:type\" content=\"image\/jpeg\" \/>\n<meta name=\"twitter:card\" content=\"summary_large_image\" \/>\n<meta name=\"twitter:label1\" content=\"Gesch\u00e4tzte Lesezeit\" \/>\n\t<meta name=\"twitter:data1\" content=\"1\u00a0Minute\" \/>\n<script type=\"application\/ld+json\" class=\"yoast-schema-graph\">{\"@context\":\"https:\/\/schema.org\",\"@graph\":[{\"@type\":\"WebPage\",\"@id\":\"https:\/\/cch.sk\/de\/produkt\/msz-ln35vg2r-muz-ln35vghz\/\",\"url\":\"https:\/\/cch.sk\/de\/produkt\/msz-ln35vg2r-muz-ln35vghz\/\",\"name\":\"MSZ-LN35VG2R\/MUZ-LN35VGHZ - CCH Vzduchotechnika\",\"isPartOf\":{\"@id\":\"https:\/\/cch.sk\/de\/#website\"},\"primaryImageOfPage\":{\"@id\":\"https:\/\/cch.sk\/de\/produkt\/msz-ln35vg2r-muz-ln35vghz\/#primaryimage\"},\"image\":{\"@id\":\"https:\/\/cch.sk\/de\/produkt\/msz-ln35vg2r-muz-ln35vghz\/#primaryimage\"},\"thumbnailUrl\":\"https:\/\/cch.sk\/wp-content\/uploads\/2023\/11\/klimatizacia-mitsubishi-msz-ln.jpg\",\"datePublished\":\"2023-11-07T07:32:12+00:00\",\"dateModified\":\"2024-11-08T18:49:55+00:00\",\"breadcrumb\":{\"@id\":\"https:\/\/cch.sk\/de\/produkt\/msz-ln35vg2r-muz-ln35vghz\/#breadcrumb\"},\"inLanguage\":\"de\",\"potentialAction\":[{\"@type\":\"ReadAction\",\"target\":[\"https:\/\/cch.sk\/de\/produkt\/msz-ln35vg2r-muz-ln35vghz\/\"]}]},{\"@type\":\"ImageObject\",\"inLanguage\":\"de\",\"@id\":\"https:\/\/cch.sk\/de\/produkt\/msz-ln35vg2r-muz-ln35vghz\/#primaryimage\",\"url\":\"https:\/\/cch.sk\/wp-content\/uploads\/2023\/11\/klimatizacia-mitsubishi-msz-ln.jpg\",\"contentUrl\":\"https:\/\/cch.sk\/wp-content\/uploads\/2023\/11\/klimatizacia-mitsubishi-msz-ln.jpg\",\"width\":800,\"height\":600},{\"@type\":\"BreadcrumbList\",\"@id\":\"https:\/\/cch.sk\/de\/produkt\/msz-ln35vg2r-muz-ln35vghz\/#breadcrumb\",\"itemListElement\":[{\"@type\":\"ListItem\",\"position\":1,\"name\":\"Home\",\"item\":\"https:\/\/cch.sk\/de\/startseite\/\"},{\"@type\":\"ListItem\",\"position\":2,\"name\":\"Shop\",\"item\":\"https:\/\/cch.sk\/de\/shop\/\"},{\"@type\":\"ListItem\",\"position\":3,\"name\":\"MSZ-LN35VG2R\/MUZ-LN35VGHZ\"}]},{\"@type\":\"WebSite\",\"@id\":\"https:\/\/cch.sk\/de\/#website\",\"url\":\"https:\/\/cch.sk\/de\/\",\"name\":\"CCH Vzduchotechnika\",\"description\":\"\",\"potentialAction\":[{\"@type\":\"SearchAction\",\"target\":{\"@type\":\"EntryPoint\",\"urlTemplate\":\"https:\/\/cch.sk\/de\/?s={search_term_string}\"},\"query-input\":{\"@type\":\"PropertyValueSpecification\",\"valueRequired\":true,\"valueName\":\"search_term_string\"}}],\"inLanguage\":\"de\"}]}<\/script>\n<!-- \/ Yoast SEO plugin. -->","yoast_head_json":{"title":"MSZ-LN35VG2R\/MUZ-LN35VGHZ - CCH Vzduchotechnika","robots":{"index":"index","follow":"follow","max-snippet":"max-snippet:-1","max-image-preview":"max-image-preview:large","max-video-preview":"max-video-preview:-1"},"canonical":"https:\/\/cch.sk\/de\/produkt\/msz-ln35vg2r-muz-ln35vghz\/","og_locale":"de_DE","og_type":"article","og_title":"MSZ-LN35VG2R\/MUZ-LN35VGHZ - CCH Vzduchotechnika","og_description":"Energieklasse A+++\/A+++, Heizung\/K\u00fchlung 4.0\/3.5kW  890x233x307\/800x285x550","og_url":"https:\/\/cch.sk\/de\/produkt\/msz-ln35vg2r-muz-ln35vghz\/","og_site_name":"CCH Vzduchotechnika","article_modified_time":"2024-11-08T18:49:55+00:00","og_image":[{"width":800,"height":600,"url":"https:\/\/cch.sk\/wp-content\/uploads\/2023\/11\/klimatizacia-mitsubishi-msz-ln.jpg","type":"image\/jpeg"}],"twitter_card":"summary_large_image","twitter_misc":{"Gesch\u00e4tzte Lesezeit":"1\u00a0Minute"},"schema":{"@context":"https:\/\/schema.org","@graph":[{"@type":"WebPage","@id":"https:\/\/cch.sk\/de\/produkt\/msz-ln35vg2r-muz-ln35vghz\/","url":"https:\/\/cch.sk\/de\/produkt\/msz-ln35vg2r-muz-ln35vghz\/","name":"MSZ-LN35VG2R\/MUZ-LN35VGHZ - CCH Vzduchotechnika","isPartOf":{"@id":"https:\/\/cch.sk\/de\/#website"},"primaryImageOfPage":{"@id":"https:\/\/cch.sk\/de\/produkt\/msz-ln35vg2r-muz-ln35vghz\/#primaryimage"},"image":{"@id":"https:\/\/cch.sk\/de\/produkt\/msz-ln35vg2r-muz-ln35vghz\/#primaryimage"},"thumbnailUrl":"https:\/\/cch.sk\/wp-content\/uploads\/2023\/11\/klimatizacia-mitsubishi-msz-ln.jpg","datePublished":"2023-11-07T07:32:12+00:00","dateModified":"2024-11-08T18:49:55+00:00","breadcrumb":{"@id":"https:\/\/cch.sk\/de\/produkt\/msz-ln35vg2r-muz-ln35vghz\/#breadcrumb"},"inLanguage":"de","potentialAction":[{"@type":"ReadAction","target":["https:\/\/cch.sk\/de\/produkt\/msz-ln35vg2r-muz-ln35vghz\/"]}]},{"@type":"ImageObject","inLanguage":"de","@id":"https:\/\/cch.sk\/de\/produkt\/msz-ln35vg2r-muz-ln35vghz\/#primaryimage","url":"https:\/\/cch.sk\/wp-content\/uploads\/2023\/11\/klimatizacia-mitsubishi-msz-ln.jpg","contentUrl":"https:\/\/cch.sk\/wp-content\/uploads\/2023\/11\/klimatizacia-mitsubishi-msz-ln.jpg","width":800,"height":600},{"@type":"BreadcrumbList","@id":"https:\/\/cch.sk\/de\/produkt\/msz-ln35vg2r-muz-ln35vghz\/#breadcrumb","itemListElement":[{"@type":"ListItem","position":1,"name":"Home","item":"https:\/\/cch.sk\/de\/startseite\/"},{"@type":"ListItem","position":2,"name":"Shop","item":"https:\/\/cch.sk\/de\/shop\/"},{"@type":"ListItem","position":3,"name":"MSZ-LN35VG2R\/MUZ-LN35VGHZ"}]},{"@type":"WebSite","@id":"https:\/\/cch.sk\/de\/#website","url":"https:\/\/cch.sk\/de\/","name":"CCH Vzduchotechnika","description":"","potentialAction":[{"@type":"SearchAction","target":{"@type":"EntryPoint","urlTemplate":"https:\/\/cch.sk\/de\/?s={search_term_string}"},"query-input":{"@type":"PropertyValueSpecification","valueRequired":true,"valueName":"search_term_string"}}],"inLanguage":"de"}]}},"_links":{"self":[{"href":"https:\/\/cch.sk\/de\/wp-json\/wp\/v2\/product\/14299"}],"collection":[{"href":"https:\/\/cch.sk\/de\/wp-json\/wp\/v2\/product"}],"about":[{"href":"https:\/\/cch.sk\/de\/wp-json\/wp\/v2\/types\/product"}],"version-history":[{"count":1,"href":"https:\/\/cch.sk\/de\/wp-json\/wp\/v2\/product\/14299\/revisions"}],"predecessor-version":[{"id":14302,"href":"https:\/\/cch.sk\/de\/wp-json\/wp\/v2\/product\/14299\/revisions\/14302"}],"wp:featuredmedia":[{"embeddable":true,"href":"https:\/\/cch.sk\/de\/wp-json\/wp\/v2\/media\/13242"}],"wp:attachment":[{"href":"https:\/\/cch.sk\/de\/wp-json\/wp\/v2\/media?parent=14299"}],"wp:term":[{"taxonomy":"product_cat","embeddable":true,"href":"https:\/\/cch.sk\/de\/wp-json\/wp\/v2\/product_cat?post=14299"},{"taxonomy":"product_tag","embeddable":true,"href":"https:\/\/cch.sk\/de\/wp-json\/wp\/v2\/product_tag?post=14299"}],"curies":[{"name":"wp","href":"https:\/\/api.w.org\/{rel}","templated":true}]}}