{"id":13782,"date":"2023-08-10T08:45:19","date_gmt":"2023-08-10T06:45:19","guid":{"rendered":"https:\/\/cch.sk\/news\/"},"modified":"2024-11-06T21:13:45","modified_gmt":"2024-11-06T20:13:45","slug":"news","status":"publish","type":"page","link":"https:\/\/cch.sk\/en\/news\/","title":{"rendered":"News"},"content":{"rendered":"\t\t<div data-elementor-type=\"wp-page\" data-elementor-id=\"13782\" class=\"elementor elementor-13782 elementor-9474\">\n\t\t\t\t\t\t<section class=\"wd-negative-gap elementor-section elementor-top-section elementor-element elementor-element-d74f120 wd-section-stretch elementor-section-boxed elementor-section-height-default elementor-section-height-default\" data-id=\"d74f120\" data-element_type=\"section\" data-settings=\"{&quot;background_background&quot;:&quot;classic&quot;}\">\n\t\t\t\t\t\t<div class=\"elementor-container elementor-column-gap-default\">\n\t\t\t\t\t<div class=\"elementor-column elementor-col-100 elementor-top-column elementor-element elementor-element-efecdb8 novinky-svg\" data-id=\"efecdb8\" data-element_type=\"column\" data-settings=\"{&quot;background_background&quot;:&quot;classic&quot;}\">\n\t\t\t<div class=\"elementor-widget-wrap elementor-element-populated\">\n\t\t\t\t\t\t<div class=\"elementor-element elementor-element-8e91d4f mycolor2 elementor-invisible elementor-widget elementor-widget-heading\" data-id=\"8e91d4f\" data-element_type=\"widget\" data-settings=\"{&quot;_animation&quot;:&quot;fadeInUp&quot;}\" data-widget_type=\"heading.default\">\n\t\t\t\t<div class=\"elementor-widget-container\">\n\t\t\t<span class=\"elementor-heading-title elementor-size-default\">Our latest articles<\/span>\t\t<\/div>\n\t\t\t\t<\/div>\n\t\t\t\t<div class=\"elementor-element elementor-element-477439c elementor-invisible elementor-widget elementor-widget-image\" data-id=\"477439c\" data-element_type=\"widget\" data-settings=\"{&quot;_animation&quot;:&quot;fadeInUp&quot;}\" data-widget_type=\"image.default\">\n\t\t\t\t<div class=\"elementor-widget-container\">\n\t\t\t\t\t\t\t\t\t\t\t\t\t<img decoding=\"async\" src=\"https:\/\/cch.sk\/wp-content\/uploads\/elementor\/thumbs\/Line-1-copy-5-qwzpn5341whhqoaravu2s1gj7g81k08za9adnk4wi2.png\" title=\"Line 1 copy 5\" alt=\"Line 1 copy 5\" loading=\"lazy\" \/>\t\t\t\t\t\t\t\t\t\t\t\t\t<\/div>\n\t\t\t\t<\/div>\n\t\t\t\t<div class=\"elementor-element elementor-element-6dc14f4 elementor-invisible elementor-widget elementor-widget-heading\" data-id=\"6dc14f4\" data-element_type=\"widget\" data-settings=\"{&quot;_animation&quot;:&quot;fadeInUp&quot;}\" data-widget_type=\"heading.default\">\n\t\t\t\t<div class=\"elementor-widget-container\">\n\t\t\t<h1 class=\"elementor-heading-title elementor-size-default\">News from the world of CCH<\/h1>\t\t<\/div>\n\t\t\t\t<\/div>\n\t\t\t\t\t<\/div>\n\t\t<\/div>\n\t\t\t\t\t<\/div>\n\t\t<\/section>\n\t\t\t\t<section class=\"wd-negative-gap elementor-section elementor-top-section elementor-element elementor-element-3a121af elementor-section-full_width elementor-section-stretched since since2 elementor-section-height-default elementor-section-height-default\" data-id=\"3a121af\" data-element_type=\"section\" data-settings=\"{&quot;stretch_section&quot;:&quot;section-stretched&quot;}\">\n\t\t\t\t\t\t<div class=\"elementor-container elementor-column-gap-default\">\n\t\t\t\t\t<div class=\"elementor-column elementor-col-100 elementor-top-column elementor-element elementor-element-c0ceab5\" data-id=\"c0ceab5\" data-element_type=\"column\">\n\t\t\t<div class=\"elementor-widget-wrap elementor-element-populated\">\n\t\t\t\t\t\t<div class=\"elementor-element elementor-element-b7abdbd elementor-widget elementor-widget-html\" data-id=\"b7abdbd\" data-element_type=\"widget\" data-widget_type=\"html.default\">\n\t\t\t\t<div class=\"elementor-widget-container\">\n\t\t\tSINCE <b>1990<\/b>\t\t<\/div>\n\t\t\t\t<\/div>\n\t\t\t\t\t<\/div>\n\t\t<\/div>\n\t\t\t\t\t<\/div>\n\t\t<\/section>\n\t\t\t\t<section class=\"wd-negative-gap elementor-section elementor-top-section elementor-element elementor-element-cb850fa elementor-section-boxed elementor-section-height-default elementor-section-height-default\" data-id=\"cb850fa\" data-element_type=\"section\">\n\t\t\t\t\t\t<div class=\"elementor-container elementor-column-gap-default\">\n\t\t\t\t\t<div class=\"elementor-column elementor-col-100 elementor-top-column elementor-element elementor-element-5d44ef2\" data-id=\"5d44ef2\" data-element_type=\"column\">\n\t\t\t<div class=\"elementor-widget-wrap elementor-element-populated\">\n\t\t\t\t\t\t<div class=\"elementor-element elementor-element-1116970 wd-width-100 elementor-widget elementor-widget-wd_blog\" data-id=\"1116970\" data-element_type=\"widget\" data-widget_type=\"wd_blog.default\">\n\t\t\t\t<div class=\"elementor-widget-container\">\n\t\t\t\t\t\t\t\t\t\t<div class=\"wd-blog-element\">\n\t\t\t\t\t<div class=\"wd-posts wd-blog-holder wd-masonry wd-grid-f-col\" id=\"69ece046ce597\" data-paged=\"1\" data-atts=\"{&quot;post_type&quot;:&quot;post&quot;,&quot;items_per_page&quot;:6,&quot;include&quot;:null,&quot;taxonomies&quot;:&quot;&quot;,&quot;offset&quot;:&quot;&quot;,&quot;orderby&quot;:&quot;&quot;,&quot;order&quot;:&quot;DESC&quot;,&quot;meta_key&quot;:null,&quot;exclude&quot;:&quot;&quot;,&quot;parts_media&quot;:true,&quot;parts_title&quot;:&quot;1&quot;,&quot;parts_meta&quot;:&quot;&quot;,&quot;parts_text&quot;:&quot;1&quot;,&quot;parts_btn&quot;:&quot;1&quot;,&quot;img_size&quot;:&quot;large&quot;,&quot;blog_design&quot;:&quot;masonry&quot;,&quot;blog_carousel_design&quot;:null,&quot;blog_columns&quot;:{&quot;unit&quot;:&quot;px&quot;,&quot;size&quot;:3,&quot;sizes&quot;:[]},&quot;blog_columns_tablet&quot;:{&quot;size&quot;:&quot;&quot;},&quot;blog_columns_mobile&quot;:{&quot;size&quot;:&quot;&quot;},&quot;blog_spacing&quot;:&quot;&quot;,&quot;blog_spacing_tablet&quot;:&quot;&quot;,&quot;blog_spacing_mobile&quot;:&quot;&quot;,&quot;pagination&quot;:&quot;more-btn&quot;,&quot;speed&quot;:null,&quot;slides_per_view&quot;:null,&quot;slides_per_view_tablet&quot;:{&quot;size&quot;:&quot;&quot;},&quot;slides_per_view_mobile&quot;:{&quot;size&quot;:&quot;&quot;},&quot;wrap&quot;:null,&quot;autoplay&quot;:null,&quot;hide_pagination_control&quot;:null,&quot;hide_prev_next_buttons&quot;:null,&quot;scroll_per_page&quot;:null,&quot;lazy_loading&quot;:&quot;no&quot;,&quot;scroll_carousel_init&quot;:null,&quot;ajax_page&quot;:&quot;&quot;,&quot;custom_sizes&quot;:false,&quot;elementor&quot;:true}\" data-source=\"shortcode\" style=\"--wd-col-lg:3;--wd-col-md:3;--wd-col-sm:1;--wd-gap-lg:20px;--wd-gap-sm:10px;\">\n\t\t\t\n\t\t\t\t\t\t\t\t\t\t\t\t\t\t\t\t\t\t\t\n<article id=\"post-13129\" class=\"wd-post blog-design-masonry blog-post-loop blog-style-bg wd-add-shadow wd-col post-13129 post type-post status-publish format-standard has-post-thumbnail hentry category-uncategorized\">\n\t<div class=\"article-inner\">\n\t\t\t\t\t<header class=\"entry-header\">\n\t\t\t\t\t\t\t\t\t<figure id=\"carousel-409\" class=\"entry-thumbnail\">\n\t\t\t\t\t\t\n\t\t\t\t\t\t\t<div class=\"post-img-wrapp\">\n\t\t\t\t\t\t\t\t<a href=\"https:\/\/cch.sk\/en\/2024\/01\/08\/how-air-conditioning-works-and-what-to-look-for-when-choosing\/\">\n\t\t\t\t\t\t\t\t\t<img fetchpriority=\"high\" decoding=\"async\" width=\"800\" height=\"400\" src=\"https:\/\/cch.sk\/wp-content\/uploads\/2024\/01\/Ako-funguje-klimatizacia.jpg\" class=\"attachment-large size-large\" alt=\"\" srcset=\"https:\/\/cch.sk\/wp-content\/uploads\/2024\/01\/Ako-funguje-klimatizacia.jpg 800w, https:\/\/cch.sk\/wp-content\/uploads\/2024\/01\/Ako-funguje-klimatizacia-150x75.jpg 150w, https:\/\/cch.sk\/wp-content\/uploads\/2024\/01\/Ako-funguje-klimatizacia-700x350.jpg 700w, https:\/\/cch.sk\/wp-content\/uploads\/2024\/01\/Ako-funguje-klimatizacia-400x200.jpg 400w, https:\/\/cch.sk\/wp-content\/uploads\/2024\/01\/Ako-funguje-klimatizacia-768x384.jpg 768w\" sizes=\"(max-width: 800px) 100vw, 800px\" \/>\t\t\t\t\t\t\t\t<\/a>\n\t\t\t\t\t\t\t<\/div>\n\t\t\t\t\t\t\t<div class=\"post-image-mask\">\n\t\t\t\t\t\t\t\t<span><\/span>\n\t\t\t\t\t\t\t<\/div>\n\n\t\t\t\t\t\t\n\t\t\t\t\t<\/figure>\n\t\t\t\t\n\t\t\t\t\t\t\t\t\t\t\t\t<div class=\"post-date wd-post-date wd-style-with-bg\">\n\t\t\t\t<span class=\"post-date-day\">\n\t\t\t\t\t08\t\t\t\t<\/span>\n\t\t\t\t<span class=\"post-date-month\">\n\t\t\t\t\tJan\t\t\t\t<\/span>\n\t\t\t<\/div>\n\t\t\t\t\t\t\n\t\t\t<\/header><!-- .entry-header -->\n\n\t\t<div class=\"article-body-container\">\n\t\t\t\n\t\t\t\t\n\t\t\t\t\t\t\t\t\t<h3 class=\"wd-entities-title title post-title\">\n\t\t\t\t\t\t<a href=\"https:\/\/cch.sk\/en\/2024\/01\/08\/how-air-conditioning-works-and-what-to-look-for-when-choosing\/\" rel=\"bookmark\">How air conditioning works and what to look for when choosing<\/a>\n\t\t\t\t\t<\/h3>\n\t\t\t\t\n\t\t\t\t\t\t\t\n\t\t\t\t\t\t\t\n\t\t\t\t                    <div class=\"entry-content wd-entry-content\">\n\t\t\t\t\t\t\nIn the summer months, air conditioning ...\n\t\t\t\t\t\t\t\t\t\t\t<\/div><!-- .entry-content -->\n\t\t\t\t\n\t\t\t\t\t\t\t\t\t\t\t\t\t\t<p class=\"read-more-section\">\n\t\t\t\t\t\t<a class=\"btn-read-more more-link\" href=\"https:\/\/cch.sk\/en\/2024\/01\/08\/how-air-conditioning-works-and-what-to-look-for-when-choosing\/\">Continue reading<\/a>\t\t\t\t\t<\/p>\n\t\t\t\t\t\t\t\t\t\t\t\n\t\t\t\n\t\t\t\t\t<\/div>\n\t<\/div>\n<\/article><!-- #post -->\n\n\n\t\t\t\t\t\t\t\t\t\t\t\t\t\t\t\t\t\t\t\n<article id=\"post-13354\" class=\"wd-post blog-design-masonry blog-post-loop blog-style-bg wd-add-shadow wd-col post-13354 post type-post status-publish format-standard has-post-thumbnail hentry category-uncategorized\">\n\t<div class=\"article-inner\">\n\t\t\t\t\t<header class=\"entry-header\">\n\t\t\t\t\t\t\t\t\t<figure id=\"carousel-224\" class=\"entry-thumbnail\">\n\t\t\t\t\t\t\n\t\t\t\t\t\t\t<div class=\"post-img-wrapp\">\n\t\t\t\t\t\t\t\t<a href=\"https:\/\/cch.sk\/en\/2024\/01\/08\/air-recuperation-units-for-a-better-environment-in-your-home\/\">\n\t\t\t\t\t\t\t\t\t<img decoding=\"async\" width=\"800\" height=\"400\" src=\"https:\/\/cch.sk\/wp-content\/uploads\/2024\/01\/Vzduchotechnicke-rekuperacne-jednotky.jpg\" class=\"attachment-large size-large\" alt=\"\" srcset=\"https:\/\/cch.sk\/wp-content\/uploads\/2024\/01\/Vzduchotechnicke-rekuperacne-jednotky.jpg 800w, https:\/\/cch.sk\/wp-content\/uploads\/2024\/01\/Vzduchotechnicke-rekuperacne-jednotky-150x75.jpg 150w, https:\/\/cch.sk\/wp-content\/uploads\/2024\/01\/Vzduchotechnicke-rekuperacne-jednotky-700x350.jpg 700w, https:\/\/cch.sk\/wp-content\/uploads\/2024\/01\/Vzduchotechnicke-rekuperacne-jednotky-400x200.jpg 400w, https:\/\/cch.sk\/wp-content\/uploads\/2024\/01\/Vzduchotechnicke-rekuperacne-jednotky-768x384.jpg 768w\" sizes=\"(max-width: 800px) 100vw, 800px\" \/>\t\t\t\t\t\t\t\t<\/a>\n\t\t\t\t\t\t\t<\/div>\n\t\t\t\t\t\t\t<div class=\"post-image-mask\">\n\t\t\t\t\t\t\t\t<span><\/span>\n\t\t\t\t\t\t\t<\/div>\n\n\t\t\t\t\t\t\n\t\t\t\t\t<\/figure>\n\t\t\t\t\n\t\t\t\t\t\t\t\t\t\t\t\t<div class=\"post-date wd-post-date wd-style-with-bg\">\n\t\t\t\t<span class=\"post-date-day\">\n\t\t\t\t\t08\t\t\t\t<\/span>\n\t\t\t\t<span class=\"post-date-month\">\n\t\t\t\t\tJan\t\t\t\t<\/span>\n\t\t\t<\/div>\n\t\t\t\t\t\t\n\t\t\t<\/header><!-- .entry-header -->\n\n\t\t<div class=\"article-body-container\">\n\t\t\t\n\t\t\t\t\n\t\t\t\t\t\t\t\t\t<h3 class=\"wd-entities-title title post-title\">\n\t\t\t\t\t\t<a href=\"https:\/\/cch.sk\/en\/2024\/01\/08\/air-recuperation-units-for-a-better-environment-in-your-home\/\" rel=\"bookmark\">Air recuperation units for a better environment in your home<\/a>\n\t\t\t\t\t<\/h3>\n\t\t\t\t\n\t\t\t\t\t\t\t\n\t\t\t\t\t\t\t\n\t\t\t\t                    <div class=\"entry-content wd-entry-content\">\n\t\t\t\t\t\t\nAir handling heat recovery units are a ...\n\t\t\t\t\t\t\t\t\t\t\t<\/div><!-- .entry-content -->\n\t\t\t\t\n\t\t\t\t\t\t\t\t\t\t\t\t\t\t<p class=\"read-more-section\">\n\t\t\t\t\t\t<a class=\"btn-read-more more-link\" href=\"https:\/\/cch.sk\/en\/2024\/01\/08\/air-recuperation-units-for-a-better-environment-in-your-home\/\">Continue reading<\/a>\t\t\t\t\t<\/p>\n\t\t\t\t\t\t\t\t\t\t\t\n\t\t\t\n\t\t\t\t\t<\/div>\n\t<\/div>\n<\/article><!-- #post -->\n\n\n\t\t\t\t\t\t\t\t\t\t\t\t\t\t\t\t\t\t\t\n<article id=\"post-13466\" class=\"wd-post blog-design-masonry blog-post-loop blog-style-bg wd-add-shadow wd-col post-13466 post type-post status-publish format-standard has-post-thumbnail hentry category-uncategorized\">\n\t<div class=\"article-inner\">\n\t\t\t\t\t<header class=\"entry-header\">\n\t\t\t\t\t\t\t\t\t<figure id=\"carousel-419\" class=\"entry-thumbnail\">\n\t\t\t\t\t\t\n\t\t\t\t\t\t\t<div class=\"post-img-wrapp\">\n\t\t\t\t\t\t\t\t<a href=\"https:\/\/cch.sk\/en\/2024\/01\/08\/heat-pumps-what-are-they-and-what-are-their-advantages-and-disadvantages\/\">\n\t\t\t\t\t\t\t\t\t<img decoding=\"async\" width=\"800\" height=\"400\" src=\"https:\/\/cch.sk\/wp-content\/uploads\/2024\/01\/Tepelne-cerpadla.jpg\" class=\"attachment-large size-large\" alt=\"\" srcset=\"https:\/\/cch.sk\/wp-content\/uploads\/2024\/01\/Tepelne-cerpadla.jpg 800w, https:\/\/cch.sk\/wp-content\/uploads\/2024\/01\/Tepelne-cerpadla-150x75.jpg 150w, https:\/\/cch.sk\/wp-content\/uploads\/2024\/01\/Tepelne-cerpadla-700x350.jpg 700w, https:\/\/cch.sk\/wp-content\/uploads\/2024\/01\/Tepelne-cerpadla-400x200.jpg 400w, https:\/\/cch.sk\/wp-content\/uploads\/2024\/01\/Tepelne-cerpadla-768x384.jpg 768w\" sizes=\"(max-width: 800px) 100vw, 800px\" \/>\t\t\t\t\t\t\t\t<\/a>\n\t\t\t\t\t\t\t<\/div>\n\t\t\t\t\t\t\t<div class=\"post-image-mask\">\n\t\t\t\t\t\t\t\t<span><\/span>\n\t\t\t\t\t\t\t<\/div>\n\n\t\t\t\t\t\t\n\t\t\t\t\t<\/figure>\n\t\t\t\t\n\t\t\t\t\t\t\t\t\t\t\t\t<div class=\"post-date wd-post-date wd-style-with-bg\">\n\t\t\t\t<span class=\"post-date-day\">\n\t\t\t\t\t08\t\t\t\t<\/span>\n\t\t\t\t<span class=\"post-date-month\">\n\t\t\t\t\tJan\t\t\t\t<\/span>\n\t\t\t<\/div>\n\t\t\t\t\t\t\n\t\t\t<\/header><!-- .entry-header -->\n\n\t\t<div class=\"article-body-container\">\n\t\t\t\n\t\t\t\t\n\t\t\t\t\t\t\t\t\t<h3 class=\"wd-entities-title title post-title\">\n\t\t\t\t\t\t<a href=\"https:\/\/cch.sk\/en\/2024\/01\/08\/heat-pumps-what-are-they-and-what-are-their-advantages-and-disadvantages\/\" rel=\"bookmark\">Heat pumps &#8211; what are they and what are their advantages and disadvantages?<\/a>\n\t\t\t\t\t<\/h3>\n\t\t\t\t\n\t\t\t\t\t\t\t\n\t\t\t\t\t\t\t\n\t\t\t\t                    <div class=\"entry-content wd-entry-content\">\n\t\t\t\t\t\t\nHeat pumps are innovative devices that ...\n\t\t\t\t\t\t\t\t\t\t\t<\/div><!-- .entry-content -->\n\t\t\t\t\n\t\t\t\t\t\t\t\t\t\t\t\t\t\t<p class=\"read-more-section\">\n\t\t\t\t\t\t<a class=\"btn-read-more more-link\" href=\"https:\/\/cch.sk\/en\/2024\/01\/08\/heat-pumps-what-are-they-and-what-are-their-advantages-and-disadvantages\/\">Continue reading<\/a>\t\t\t\t\t<\/p>\n\t\t\t\t\t\t\t\t\t\t\t\n\t\t\t\n\t\t\t\t\t<\/div>\n\t<\/div>\n<\/article><!-- #post -->\n\n\n\t\t\t\t\n\t\t\t\t\t\t\t\t<\/div>\n\t\t\t\n\t\t\t\t\t\t\t\t\t\t<\/div>\n\t\t\t\t\t\t\t\t<\/div>\n\t\t\t\t<\/div>\n\t\t\t\t\t<\/div>\n\t\t<\/div>\n\t\t\t\t\t<\/div>\n\t\t<\/section>\n\t\t\t\t<\/div>\n\t\t","protected":false},"excerpt":{"rendered":"<p>Our latest articles News from the world of CCH SINCE 1990 08 jan Ako funguje klimatiz\u00e1cia a na \u010do dba\u0165<\/p>\n","protected":false},"author":11,"featured_media":0,"parent":0,"menu_order":0,"comment_status":"closed","ping_status":"closed","template":"","meta":{"_monsterinsights_skip_tracking":false,"_monsterinsights_sitenote_active":false,"_monsterinsights_sitenote_note":"","_monsterinsights_sitenote_category":0,"footnotes":""},"class_list":["post-13782","page","type-page","status-publish","hentry"],"yoast_head":"<!-- This site is optimized with the Yoast SEO plugin v25.6 - https:\/\/yoast.com\/wordpress\/plugins\/seo\/ -->\n<title>News - CCH Vzduchotechnika<\/title>\n<meta name=\"robots\" content=\"index, follow, max-snippet:-1, max-image-preview:large, max-video-preview:-1\" \/>\n<link rel=\"canonical\" href=\"https:\/\/cch.sk\/en\/news\/\" \/>\n<meta property=\"og:locale\" content=\"en_US\" \/>\n<meta property=\"og:type\" content=\"article\" \/>\n<meta property=\"og:title\" content=\"News - CCH Vzduchotechnika\" \/>\n<meta property=\"og:description\" content=\"Our latest articles News from the world of CCH SINCE 1990 08 jan Ako funguje klimatiz\u00e1cia a na \u010do dba\u0165\" \/>\n<meta property=\"og:url\" content=\"https:\/\/cch.sk\/en\/news\/\" \/>\n<meta property=\"og:site_name\" content=\"CCH Vzduchotechnika\" \/>\n<meta property=\"article:modified_time\" content=\"2024-11-06T20:13:45+00:00\" \/>\n<meta property=\"og:image\" content=\"https:\/\/cch.sk\/wp-content\/uploads\/elementor\/thumbs\/Line-1-copy-5-qwmk11wd9e77aki4ue13y2k00vxtqbkvg5kw5eh096.png\" \/>\n<meta name=\"twitter:card\" content=\"summary_large_image\" \/>\n<meta name=\"twitter:label1\" content=\"Est. reading time\" \/>\n\t<meta name=\"twitter:data1\" content=\"2 minutes\" \/>\n<script type=\"application\/ld+json\" class=\"yoast-schema-graph\">{\"@context\":\"https:\/\/schema.org\",\"@graph\":[{\"@type\":\"WebPage\",\"@id\":\"https:\/\/cch.sk\/en\/news\/\",\"url\":\"https:\/\/cch.sk\/en\/news\/\",\"name\":\"News - CCH Vzduchotechnika\",\"isPartOf\":{\"@id\":\"https:\/\/cch.sk\/en\/#website\"},\"primaryImageOfPage\":{\"@id\":\"https:\/\/cch.sk\/en\/news\/#primaryimage\"},\"image\":{\"@id\":\"https:\/\/cch.sk\/en\/news\/#primaryimage\"},\"thumbnailUrl\":\"https:\/\/cch.sk\/wp-content\/uploads\/elementor\/thumbs\/Line-1-copy-5-qwmk11wd9e77aki4ue13y2k00vxtqbkvg5kw5eh096.png\",\"datePublished\":\"2023-08-10T06:45:19+00:00\",\"dateModified\":\"2024-11-06T20:13:45+00:00\",\"breadcrumb\":{\"@id\":\"https:\/\/cch.sk\/en\/news\/#breadcrumb\"},\"inLanguage\":\"en-US\",\"potentialAction\":[{\"@type\":\"ReadAction\",\"target\":[\"https:\/\/cch.sk\/en\/news\/\"]}]},{\"@type\":\"ImageObject\",\"inLanguage\":\"en-US\",\"@id\":\"https:\/\/cch.sk\/en\/news\/#primaryimage\",\"url\":\"https:\/\/cch.sk\/wp-content\/uploads\/elementor\/thumbs\/Line-1-copy-5-qwmk11wd9e77aki4ue13y2k00vxtqbkvg5kw5eh096.png\",\"contentUrl\":\"https:\/\/cch.sk\/wp-content\/uploads\/elementor\/thumbs\/Line-1-copy-5-qwmk11wd9e77aki4ue13y2k00vxtqbkvg5kw5eh096.png\"},{\"@type\":\"BreadcrumbList\",\"@id\":\"https:\/\/cch.sk\/en\/news\/#breadcrumb\",\"itemListElement\":[{\"@type\":\"ListItem\",\"position\":1,\"name\":\"Home\",\"item\":\"https:\/\/cch.sk\/en\/home\/\"},{\"@type\":\"ListItem\",\"position\":2,\"name\":\"News\"}]},{\"@type\":\"WebSite\",\"@id\":\"https:\/\/cch.sk\/en\/#website\",\"url\":\"https:\/\/cch.sk\/en\/\",\"name\":\"CCH Vzduchotechnika\",\"description\":\"\",\"potentialAction\":[{\"@type\":\"SearchAction\",\"target\":{\"@type\":\"EntryPoint\",\"urlTemplate\":\"https:\/\/cch.sk\/en\/?s={search_term_string}\"},\"query-input\":{\"@type\":\"PropertyValueSpecification\",\"valueRequired\":true,\"valueName\":\"search_term_string\"}}],\"inLanguage\":\"en-US\"}]}<\/script>\n<!-- \/ Yoast SEO plugin. -->","yoast_head_json":{"title":"News - CCH Vzduchotechnika","robots":{"index":"index","follow":"follow","max-snippet":"max-snippet:-1","max-image-preview":"max-image-preview:large","max-video-preview":"max-video-preview:-1"},"canonical":"https:\/\/cch.sk\/en\/news\/","og_locale":"en_US","og_type":"article","og_title":"News - CCH Vzduchotechnika","og_description":"Our latest articles News from the world of CCH SINCE 1990 08 jan Ako funguje klimatiz\u00e1cia a na \u010do dba\u0165","og_url":"https:\/\/cch.sk\/en\/news\/","og_site_name":"CCH Vzduchotechnika","article_modified_time":"2024-11-06T20:13:45+00:00","og_image":[{"url":"https:\/\/cch.sk\/wp-content\/uploads\/elementor\/thumbs\/Line-1-copy-5-qwmk11wd9e77aki4ue13y2k00vxtqbkvg5kw5eh096.png","type":"","width":"","height":""}],"twitter_card":"summary_large_image","twitter_misc":{"Est. reading time":"2 minutes"},"schema":{"@context":"https:\/\/schema.org","@graph":[{"@type":"WebPage","@id":"https:\/\/cch.sk\/en\/news\/","url":"https:\/\/cch.sk\/en\/news\/","name":"News - CCH Vzduchotechnika","isPartOf":{"@id":"https:\/\/cch.sk\/en\/#website"},"primaryImageOfPage":{"@id":"https:\/\/cch.sk\/en\/news\/#primaryimage"},"image":{"@id":"https:\/\/cch.sk\/en\/news\/#primaryimage"},"thumbnailUrl":"https:\/\/cch.sk\/wp-content\/uploads\/elementor\/thumbs\/Line-1-copy-5-qwmk11wd9e77aki4ue13y2k00vxtqbkvg5kw5eh096.png","datePublished":"2023-08-10T06:45:19+00:00","dateModified":"2024-11-06T20:13:45+00:00","breadcrumb":{"@id":"https:\/\/cch.sk\/en\/news\/#breadcrumb"},"inLanguage":"en-US","potentialAction":[{"@type":"ReadAction","target":["https:\/\/cch.sk\/en\/news\/"]}]},{"@type":"ImageObject","inLanguage":"en-US","@id":"https:\/\/cch.sk\/en\/news\/#primaryimage","url":"https:\/\/cch.sk\/wp-content\/uploads\/elementor\/thumbs\/Line-1-copy-5-qwmk11wd9e77aki4ue13y2k00vxtqbkvg5kw5eh096.png","contentUrl":"https:\/\/cch.sk\/wp-content\/uploads\/elementor\/thumbs\/Line-1-copy-5-qwmk11wd9e77aki4ue13y2k00vxtqbkvg5kw5eh096.png"},{"@type":"BreadcrumbList","@id":"https:\/\/cch.sk\/en\/news\/#breadcrumb","itemListElement":[{"@type":"ListItem","position":1,"name":"Home","item":"https:\/\/cch.sk\/en\/home\/"},{"@type":"ListItem","position":2,"name":"News"}]},{"@type":"WebSite","@id":"https:\/\/cch.sk\/en\/#website","url":"https:\/\/cch.sk\/en\/","name":"CCH Vzduchotechnika","description":"","potentialAction":[{"@type":"SearchAction","target":{"@type":"EntryPoint","urlTemplate":"https:\/\/cch.sk\/en\/?s={search_term_string}"},"query-input":{"@type":"PropertyValueSpecification","valueRequired":true,"valueName":"search_term_string"}}],"inLanguage":"en-US"}]}},"_links":{"self":[{"href":"https:\/\/cch.sk\/en\/wp-json\/wp\/v2\/pages\/13782"}],"collection":[{"href":"https:\/\/cch.sk\/en\/wp-json\/wp\/v2\/pages"}],"about":[{"href":"https:\/\/cch.sk\/en\/wp-json\/wp\/v2\/types\/page"}],"author":[{"embeddable":true,"href":"https:\/\/cch.sk\/en\/wp-json\/wp\/v2\/users\/11"}],"replies":[{"embeddable":true,"href":"https:\/\/cch.sk\/en\/wp-json\/wp\/v2\/comments?post=13782"}],"version-history":[{"count":1,"href":"https:\/\/cch.sk\/en\/wp-json\/wp\/v2\/pages\/13782\/revisions"}],"predecessor-version":[{"id":13783,"href":"https:\/\/cch.sk\/en\/wp-json\/wp\/v2\/pages\/13782\/revisions\/13783"}],"wp:attachment":[{"href":"https:\/\/cch.sk\/en\/wp-json\/wp\/v2\/media?parent=13782"}],"curies":[{"name":"wp","href":"https:\/\/api.w.org\/{rel}","templated":true}]}}